{"id":195,"date":"2024-09-18T21:33:47","date_gmt":"2024-09-18T19:33:47","guid":{"rendered":"https:\/\/www.tendance-ecolo-btob.fr\/?page_id=195"},"modified":"2025-04-15T16:06:56","modified_gmt":"2025-04-15T14:06:56","slug":"qui-sommes-nous","status":"publish","type":"page","link":"https:\/\/www.tendance-ecolo-btob.fr\/index.php\/qui-sommes-nous\/","title":{"rendered":"Qui sommes-nous"},"content":{"rendered":"\n<p><\/p>\n\n\n\n<div class=\"han-banner-picture\">\n\n\n\n<figure class=\"wp-block-image size-large\"><img data-recalc-dims=\"1\" loading=\"lazy\" decoding=\"async\" width=\"962\" height=\"1024\" src=\"https:\/\/i0.wp.com\/www.tendance-ecolo-btob.fr\/wp-content\/uploads\/2024\/09\/Photo-Charles-et-Marine-croped.jpg?resize=962%2C1024&#038;ssl=1\" alt=\"\" class=\"wp-image-243\" srcset=\"https:\/\/i0.wp.com\/www.tendance-ecolo-btob.fr\/wp-content\/uploads\/2024\/09\/Photo-Charles-et-Marine-croped.jpg?resize=962%2C1024&amp;ssl=1 962w, https:\/\/i0.wp.com\/www.tendance-ecolo-btob.fr\/wp-content\/uploads\/2024\/09\/Photo-Charles-et-Marine-croped.jpg?resize=282%2C300&amp;ssl=1 282w, https:\/\/i0.wp.com\/www.tendance-ecolo-btob.fr\/wp-content\/uploads\/2024\/09\/Photo-Charles-et-Marine-croped.jpg?resize=768%2C817&amp;ssl=1 768w, https:\/\/i0.wp.com\/www.tendance-ecolo-btob.fr\/wp-content\/uploads\/2024\/09\/Photo-Charles-et-Marine-croped.jpg?resize=416%2C443&amp;ssl=1 416w, https:\/\/i0.wp.com\/www.tendance-ecolo-btob.fr\/wp-content\/uploads\/2024\/09\/Photo-Charles-et-Marine-croped.jpg?w=978&amp;ssl=1 978w\" sizes=\"auto, (max-width: 962px) 100vw, 962px\" \/><\/figure>\n\n\n\n<p>Charles &amp; Marine Lesnes<\/p>\n\n\n\n<\/div>\n\n\n\n<p>Apr\u00e8s 12 ans \u00e0 la t\u00eate de Tendance \u00e9colo, boutique d\u2019\u00e9coproduits \u00e0 Bourg-en-Bresse dans l\u2019Ain, Marine et Charles Lesnes se lancent dans&nbsp;<strong>une nouvelle aventure \u00e9coresponsable<\/strong>&nbsp;! En reprenant l\u2019activit\u00e9 de Ha Nature,&nbsp;<strong>distributeur France, Belgique et Luxembourg<\/strong>&nbsp;des marques Kefirko, Flaska, Revolana et Tigil, ils donnent un nouveau souffle au e-shop aindinois. La&nbsp;<strong>philosophie de Tendance \u00c9colo<\/strong>&nbsp;reste au c\u0153ur de ce nouveau projet : proposer ce qu\u2019il y a de meilleur pour vos clients comme pour la plan\u00e8te.<\/p>\n\n\n\n<p>Vous trouverez sur ce site de e-commerce, d\u00e9di\u00e9s aux professionnels,\u00a0<strong>des \u00e9coproduits de qualit\u00e9, biologiques et naturels<\/strong>, adapt\u00e9s aux modes de vie et aux convictions d&rsquo;aujourd&rsquo;hui. Tendance \u00c9colo, c\u2019est aussi\u00a0<strong>des id\u00e9es utiles, pratiques et tendances<\/strong>\u00a0qui allient savamment modernit\u00e9 et d\u00e9veloppement durable. La plupart de nos produits sont fabriqu\u00e9s en mati\u00e8res naturelles, pour\u00a0<strong>offrir \u00e0 vos clients des objets \u00e0 la fois \u00e9cologiques , confortables<\/strong> et<strong> durables<\/strong>. Vous l\u2019aurez compris, l\u2019engagement de Tendance \u00c9colo pour le respect de l&rsquo;environnement passe par un soutien sans faille aux projets d&rsquo;entreprises\u00a0<strong>socialement \u00e9thiques et responsables<\/strong>, qui fabriquent des produits de qualit\u00e9.<\/p>\n\n\n\n<h2 class=\"wp-block-heading\"><strong>Kefirko<\/strong><\/h2>\n\n\n\n<p>La marque Kefirko\u00ae vous propose des kits pour fabriquer, \u00e0 la maison, vos propres boissons ferment\u00e9es, comme&nbsp;<strong>le k\u00e9fir, le kombucha, le fromage, la lactofermentation, le levain et la conservation<\/strong>.<\/p>\n\n\n\n<p> Pour int\u00e9grer les produits ferment\u00e9s dans votre quotidien, ne cherchez pas plus loin que cette marque \u00e9thique, install\u00e9e depuis une d\u00e9cennie ! <a href=\"https:\/\/www.tendance-ecolo-btob.fr\/index.php\/product-category\/kefirko\/\">[D\u00e9couvrir]<\/a><\/p>\n\n\n\n<h2 class=\"wp-block-heading\"><strong>Revolana<\/strong><\/h2>\n\n\n\n<p>Avec Revolana \u00ae , vous trouverez tout l<strong>e n\u00e9cessaire pour un sommeil optimal et respectueux de la plan\u00e8te<\/strong>\u00a0! Couettes, oreillers, sous-taies ou encore bouillottes aux graines de lin : tous ces produits sont\u00a0<strong>fabriqu\u00e9s \u00e0 partir de coton biologique<\/strong>, respectueux de votre peau et de l\u2019\u00e9cosyst\u00e8me. N\u00e9e en 2013, cette marque de la soci\u00e9t\u00e9 Ecovolve travaille\u00a0<strong>directement avec les producteurs<\/strong>, ce qui lui permet de s\u2019assurer de la qualit\u00e9 des produits et du\u00a0<strong>respect de ses engagements \u00e9cologiques<\/strong>. <a href=\"https:\/\/www.tendance-ecolo-btob.fr\/index.php\/product-category\/revolana\/\">[D\u00e9couvrir]<\/a><\/p>\n\n\n\n<h2 class=\"wp-block-heading\"><strong>Flaska<\/strong><\/h2>\n\n\n\n<p>Flaska\u00ae le sp\u00e9cialiste de la dynamisation de l&rsquo;eau fabrique des verres, des bouteilles et des accessoires pour vous permettre de\u00a0<strong>profiter de votre eau revitalis\u00e9e \u00e0 porter de main.<\/strong><\/p>\n\n\n\n<p>La marque Flaska \u00ae propose des produits de haute qualit\u00e9 fabriqu\u00e9s avec le proc\u00e9d\u00e9 TPS (Technologie de Programmation du Silicium). Cette\u00a0<strong>m\u00e9thode de fabrication unique<\/strong>\u00a0permet de restructurer l\u2019eau pour se rapprocher de sa structure vibratoire, c\u2019est-\u00e0-dire de l\u2019eau de source dans son milieu naturel. Les produits Flaska permettent ainsi une meilleure hydratation et une r\u00e9cup\u00e9ration sportive optimale. <a href=\"https:\/\/www.tendance-ecolo-btob.fr\/index.php\/product-category\/flaska\/\">[D\u00e9couvrir]<\/a><\/p>\n\n\n\n<h2 class=\"wp-block-heading\"><strong>Tigil<\/strong><\/h2>\n\n\n\n<p>La marque Tigil \u00ae  vous propose des chaussettes du quotidien\u00a0<strong>con\u00e7ues en fibres naturelles\u00a0<\/strong>comme le coton biologique certifi\u00e9 GOTS et la laine m\u00e9rinos.<\/p>\n\n\n\n<p> Les chaussettes Tigil sont respirantes, durables, thermor\u00e9gulatrices et antibact\u00e9riennes.<a href=\"https:\/\/www.tendance-ecolo-btob.fr\/index.php\/product-category\/tigil\"> [D\u00e9couvrir]<\/a><\/p>\n\n\n\n<p><\/p>\n","protected":false},"excerpt":{"rendered":"<p>Charles &amp; Marine Lesnes Apr\u00e8s 12 ans \u00e0 la t\u00eate de Tendance \u00e9colo, boutique d\u2019\u00e9coproduits \u00e0 Bourg-en-Bresse dans l\u2019Ain, Marine et Charles Lesnes se lancent dans&nbsp;une nouvelle aventure \u00e9coresponsable&nbsp;! En reprenant l\u2019activit\u00e9 de Ha Nature,&nbsp;distributeur France, Belgique et Luxembourg&nbsp;des marques Kefirko, Flaska, Revolana et Tigil, ils donnent un nouveau souffle au e-shop aindinois. La&nbsp;philosophie de [&hellip;]<\/p>\n","protected":false},"author":1,"featured_media":0,"parent":0,"menu_order":0,"comment_status":"closed","ping_status":"closed","template":"","meta":{"content-type":"","footnotes":""},"class_list":["post-195","page","type-page","status-publish","hentry"],"yoast_head":"<!-- This site is optimized with the Yoast SEO plugin v27.1.1 - https:\/\/yoast.com\/product\/yoast-seo-wordpress\/ -->\n<title>Qui sommes-nous - Tendance Ecolo B2B<\/title>\n<meta name=\"robots\" content=\"index, follow, max-snippet:-1, max-image-preview:large, max-video-preview:-1\" \/>\n<link rel=\"canonical\" href=\"https:\/\/www.tendance-ecolo-btob.fr\/index.php\/qui-sommes-nous\/\" \/>\n<meta property=\"og:locale\" content=\"fr_FR\" \/>\n<meta property=\"og:type\" content=\"article\" \/>\n<meta property=\"og:title\" content=\"Qui sommes-nous - Tendance Ecolo B2B\" \/>\n<meta property=\"og:description\" content=\"Charles &amp; Marine Lesnes Apr\u00e8s 12 ans \u00e0 la t\u00eate de Tendance \u00e9colo, boutique d\u2019\u00e9coproduits \u00e0 Bourg-en-Bresse dans l\u2019Ain, Marine et Charles Lesnes se lancent dans&nbsp;une nouvelle aventure \u00e9coresponsable&nbsp;! En reprenant l\u2019activit\u00e9 de Ha Nature,&nbsp;distributeur France, Belgique et Luxembourg&nbsp;des marques Kefirko, Flaska, Revolana et Tigil, ils donnent un nouveau souffle au e-shop aindinois. La&nbsp;philosophie de [&hellip;]\" \/>\n<meta property=\"og:url\" content=\"https:\/\/www.tendance-ecolo-btob.fr\/index.php\/qui-sommes-nous\/\" \/>\n<meta property=\"og:site_name\" content=\"Tendance Ecolo B2B\" \/>\n<meta property=\"article:modified_time\" content=\"2025-04-15T14:06:56+00:00\" \/>\n<meta property=\"og:image\" content=\"https:\/\/www.tendance-ecolo-btob.fr\/wp-content\/uploads\/2024\/09\/Photo-Charles-et-Marine-croped-962x1024.jpg\" \/>\n<meta name=\"twitter:card\" content=\"summary_large_image\" \/>\n<meta name=\"twitter:label1\" content=\"Dur\u00e9e de lecture estim\u00e9e\" \/>\n\t<meta name=\"twitter:data1\" content=\"3 minutes\" \/>\n<script type=\"application\/ld+json\" class=\"yoast-schema-graph\">{\"@context\":\"https:\/\/schema.org\",\"@graph\":[{\"@type\":\"WebPage\",\"@id\":\"https:\/\/www.tendance-ecolo-btob.fr\/index.php\/qui-sommes-nous\/\",\"url\":\"https:\/\/www.tendance-ecolo-btob.fr\/index.php\/qui-sommes-nous\/\",\"name\":\"Qui sommes-nous - Tendance Ecolo B2B\",\"isPartOf\":{\"@id\":\"https:\/\/www.tendance-ecolo-btob.fr\/#website\"},\"primaryImageOfPage\":{\"@id\":\"https:\/\/www.tendance-ecolo-btob.fr\/index.php\/qui-sommes-nous\/#primaryimage\"},\"image\":{\"@id\":\"https:\/\/www.tendance-ecolo-btob.fr\/index.php\/qui-sommes-nous\/#primaryimage\"},\"thumbnailUrl\":\"https:\/\/www.tendance-ecolo-btob.fr\/wp-content\/uploads\/2024\/09\/Photo-Charles-et-Marine-croped-962x1024.jpg\",\"datePublished\":\"2024-09-18T19:33:47+00:00\",\"dateModified\":\"2025-04-15T14:06:56+00:00\",\"breadcrumb\":{\"@id\":\"https:\/\/www.tendance-ecolo-btob.fr\/index.php\/qui-sommes-nous\/#breadcrumb\"},\"inLanguage\":\"fr-FR\",\"potentialAction\":[{\"@type\":\"ReadAction\",\"target\":[\"https:\/\/www.tendance-ecolo-btob.fr\/index.php\/qui-sommes-nous\/\"]}]},{\"@type\":\"ImageObject\",\"inLanguage\":\"fr-FR\",\"@id\":\"https:\/\/www.tendance-ecolo-btob.fr\/index.php\/qui-sommes-nous\/#primaryimage\",\"url\":\"https:\/\/i0.wp.com\/www.tendance-ecolo-btob.fr\/wp-content\/uploads\/2024\/09\/Photo-Charles-et-Marine-croped.jpg?fit=978%2C1041&ssl=1\",\"contentUrl\":\"https:\/\/i0.wp.com\/www.tendance-ecolo-btob.fr\/wp-content\/uploads\/2024\/09\/Photo-Charles-et-Marine-croped.jpg?fit=978%2C1041&ssl=1\",\"width\":978,\"height\":1041},{\"@type\":\"BreadcrumbList\",\"@id\":\"https:\/\/www.tendance-ecolo-btob.fr\/index.php\/qui-sommes-nous\/#breadcrumb\",\"itemListElement\":[{\"@type\":\"ListItem\",\"position\":1,\"name\":\"Accueil\",\"item\":\"https:\/\/www.tendance-ecolo-btob.fr\/\"},{\"@type\":\"ListItem\",\"position\":2,\"name\":\"Qui sommes-nous\"}]},{\"@type\":\"WebSite\",\"@id\":\"https:\/\/www.tendance-ecolo-btob.fr\/#website\",\"url\":\"https:\/\/www.tendance-ecolo-btob.fr\/\",\"name\":\"Tendance Ecolo B2B\",\"description\":\"\",\"potentialAction\":[{\"@type\":\"SearchAction\",\"target\":{\"@type\":\"EntryPoint\",\"urlTemplate\":\"https:\/\/www.tendance-ecolo-btob.fr\/?s={search_term_string}\"},\"query-input\":{\"@type\":\"PropertyValueSpecification\",\"valueRequired\":true,\"valueName\":\"search_term_string\"}}],\"inLanguage\":\"fr-FR\"}]}<\/script>\n<!-- \/ Yoast SEO plugin. -->","yoast_head_json":{"title":"Qui sommes-nous - Tendance Ecolo B2B","robots":{"index":"index","follow":"follow","max-snippet":"max-snippet:-1","max-image-preview":"max-image-preview:large","max-video-preview":"max-video-preview:-1"},"canonical":"https:\/\/www.tendance-ecolo-btob.fr\/index.php\/qui-sommes-nous\/","og_locale":"fr_FR","og_type":"article","og_title":"Qui sommes-nous - Tendance Ecolo B2B","og_description":"Charles &amp; Marine Lesnes Apr\u00e8s 12 ans \u00e0 la t\u00eate de Tendance \u00e9colo, boutique d\u2019\u00e9coproduits \u00e0 Bourg-en-Bresse dans l\u2019Ain, Marine et Charles Lesnes se lancent dans&nbsp;une nouvelle aventure \u00e9coresponsable&nbsp;! En reprenant l\u2019activit\u00e9 de Ha Nature,&nbsp;distributeur France, Belgique et Luxembourg&nbsp;des marques Kefirko, Flaska, Revolana et Tigil, ils donnent un nouveau souffle au e-shop aindinois. La&nbsp;philosophie de [&hellip;]","og_url":"https:\/\/www.tendance-ecolo-btob.fr\/index.php\/qui-sommes-nous\/","og_site_name":"Tendance Ecolo B2B","article_modified_time":"2025-04-15T14:06:56+00:00","og_image":[{"url":"https:\/\/www.tendance-ecolo-btob.fr\/wp-content\/uploads\/2024\/09\/Photo-Charles-et-Marine-croped-962x1024.jpg","type":"","width":"","height":""}],"twitter_card":"summary_large_image","twitter_misc":{"Dur\u00e9e de lecture estim\u00e9e":"3 minutes"},"schema":{"@context":"https:\/\/schema.org","@graph":[{"@type":"WebPage","@id":"https:\/\/www.tendance-ecolo-btob.fr\/index.php\/qui-sommes-nous\/","url":"https:\/\/www.tendance-ecolo-btob.fr\/index.php\/qui-sommes-nous\/","name":"Qui sommes-nous - Tendance Ecolo B2B","isPartOf":{"@id":"https:\/\/www.tendance-ecolo-btob.fr\/#website"},"primaryImageOfPage":{"@id":"https:\/\/www.tendance-ecolo-btob.fr\/index.php\/qui-sommes-nous\/#primaryimage"},"image":{"@id":"https:\/\/www.tendance-ecolo-btob.fr\/index.php\/qui-sommes-nous\/#primaryimage"},"thumbnailUrl":"https:\/\/www.tendance-ecolo-btob.fr\/wp-content\/uploads\/2024\/09\/Photo-Charles-et-Marine-croped-962x1024.jpg","datePublished":"2024-09-18T19:33:47+00:00","dateModified":"2025-04-15T14:06:56+00:00","breadcrumb":{"@id":"https:\/\/www.tendance-ecolo-btob.fr\/index.php\/qui-sommes-nous\/#breadcrumb"},"inLanguage":"fr-FR","potentialAction":[{"@type":"ReadAction","target":["https:\/\/www.tendance-ecolo-btob.fr\/index.php\/qui-sommes-nous\/"]}]},{"@type":"ImageObject","inLanguage":"fr-FR","@id":"https:\/\/www.tendance-ecolo-btob.fr\/index.php\/qui-sommes-nous\/#primaryimage","url":"https:\/\/i0.wp.com\/www.tendance-ecolo-btob.fr\/wp-content\/uploads\/2024\/09\/Photo-Charles-et-Marine-croped.jpg?fit=978%2C1041&ssl=1","contentUrl":"https:\/\/i0.wp.com\/www.tendance-ecolo-btob.fr\/wp-content\/uploads\/2024\/09\/Photo-Charles-et-Marine-croped.jpg?fit=978%2C1041&ssl=1","width":978,"height":1041},{"@type":"BreadcrumbList","@id":"https:\/\/www.tendance-ecolo-btob.fr\/index.php\/qui-sommes-nous\/#breadcrumb","itemListElement":[{"@type":"ListItem","position":1,"name":"Accueil","item":"https:\/\/www.tendance-ecolo-btob.fr\/"},{"@type":"ListItem","position":2,"name":"Qui sommes-nous"}]},{"@type":"WebSite","@id":"https:\/\/www.tendance-ecolo-btob.fr\/#website","url":"https:\/\/www.tendance-ecolo-btob.fr\/","name":"Tendance Ecolo B2B","description":"","potentialAction":[{"@type":"SearchAction","target":{"@type":"EntryPoint","urlTemplate":"https:\/\/www.tendance-ecolo-btob.fr\/?s={search_term_string}"},"query-input":{"@type":"PropertyValueSpecification","valueRequired":true,"valueName":"search_term_string"}}],"inLanguage":"fr-FR"}]}},"jetpack_sharing_enabled":true,"_links":{"self":[{"href":"https:\/\/www.tendance-ecolo-btob.fr\/index.php\/wp-json\/wp\/v2\/pages\/195","targetHints":{"allow":["GET"]}}],"collection":[{"href":"https:\/\/www.tendance-ecolo-btob.fr\/index.php\/wp-json\/wp\/v2\/pages"}],"about":[{"href":"https:\/\/www.tendance-ecolo-btob.fr\/index.php\/wp-json\/wp\/v2\/types\/page"}],"author":[{"embeddable":true,"href":"https:\/\/www.tendance-ecolo-btob.fr\/index.php\/wp-json\/wp\/v2\/users\/1"}],"replies":[{"embeddable":true,"href":"https:\/\/www.tendance-ecolo-btob.fr\/index.php\/wp-json\/wp\/v2\/comments?post=195"}],"version-history":[{"count":12,"href":"https:\/\/www.tendance-ecolo-btob.fr\/index.php\/wp-json\/wp\/v2\/pages\/195\/revisions"}],"predecessor-version":[{"id":1241,"href":"https:\/\/www.tendance-ecolo-btob.fr\/index.php\/wp-json\/wp\/v2\/pages\/195\/revisions\/1241"}],"wp:attachment":[{"href":"https:\/\/www.tendance-ecolo-btob.fr\/index.php\/wp-json\/wp\/v2\/media?parent=195"}],"curies":[{"name":"wp","href":"https:\/\/api.w.org\/{rel}","templated":true}]}}