{"id":1105,"date":"2025-04-03T12:10:16","date_gmt":"2025-04-03T10:10:16","guid":{"rendered":"https:\/\/www.tendance-ecolo-btob.fr\/?post_type=product&#038;p=1105"},"modified":"2025-07-01T20:46:38","modified_gmt":"2025-07-01T18:46:38","slug":"lot-2-paires-chaussettes-opala-standard-bouclettes-integrales-88-coton-bio-creme-marron-clair","status":"publish","type":"product","link":"https:\/\/www.tendance-ecolo-btob.fr\/index.php\/product\/lot-2-paires-chaussettes-opala-standard-bouclettes-integrales-88-coton-bio-creme-marron-clair\/","title":{"rendered":"Lot 2 paires chaussettes Opala standard bouclettes int\u00e9grales &#8211; 88% coton bio &#8211; Cr\u00e8me \/ Marron Clair"},"content":{"rendered":"<p>Chaussettes de hauteur standard dans de belles couleurs et en coton biologique. Bouclettes int\u00e9grales pour plus de confort et de chaleur. Vendu en lot de 2 coloris assortis.<\/p>\n<p><img data-recalc-dims=\"1\" loading=\"lazy\" decoding=\"async\" class=\"alignnone size-full wp-image-954\" src=\"https:\/\/i0.wp.com\/www.tendance-ecolo-btob.fr\/wp-content\/uploads\/2025\/03\/logo-GOTS.png?resize=160%2C106&#038;ssl=1\" alt=\"\" width=\"160\" height=\"106\" \/><\/p>\n<p>&nbsp;<\/p>\n<p><img data-recalc-dims=\"1\" loading=\"lazy\" decoding=\"async\" class=\"alignnone size-full wp-image-1006\" src=\"https:\/\/i0.wp.com\/www.tendance-ecolo-btob.fr\/wp-content\/uploads\/2025\/03\/oeko-tex.png?resize=221%2C77&#038;ssl=1\" alt=\"\" width=\"221\" height=\"77\" \/><\/p>\n","protected":false},"excerpt":{"rendered":"<p>Caract\u00e9ristiques :<\/p>\n<ul>\n<li>Composition : 88% coton bio \/ 10% polyamide \/ 2% \u00e9lasthane<\/li>\n<li>Provenance des mati\u00e8res : Fil de coton de Turquie<\/li>\n<li>Certifications\u200b\u00a0 : GOTS, Oeko-Tex Standard 100<\/li>\n<li>Entretien : S\u00e8che-linge, Lavage en machine 40\u00b0C<\/li>\n<li>Fabrication : Serbie<\/li>\n<li>Marque : Tigil<\/li>\n<li>Couleurs : Cr\u00e8me \/ Marron Clair<\/li>\n<li>Taille (chaussettes) : 35\/38, 39\/42 et 43\/46<\/li>\n<\/ul>\n","protected":false},"featured_media":627,"template":"","meta":{"content-type":""},"product_brand":[],"product_cat":[22,52],"product_tag":[75,74,72],"class_list":{"0":"post-1105","1":"product","2":"type-product","3":"status-publish","4":"has-post-thumbnail","6":"product_cat-tigil","7":"product_cat-gamme-bouclettes-coton-bio","8":"product_tag-certifie-gots","9":"product_tag-chaussettes-coton-bio","10":"product_tag-coton-biologique","12":"first","13":"instock","14":"taxable","15":"shipping-taxable","16":"purchasable","17":"product-type-variable","18":"has-default-attributes"},"yoast_head":"<!-- This site is optimized with the Yoast SEO plugin v27.1.1 - https:\/\/yoast.com\/product\/yoast-seo-wordpress\/ -->\n<title>Lot 2 paires chaussettes Opala standard bouclettes int\u00e9grales - 88% coton bio - Cr\u00e8me \/ Marron Clair - Tendance Ecolo B2B<\/title>\n<meta name=\"description\" content=\"Chaussettes Opala standard bouclettes int\u00e9grales, 88% coton biologique certifi\u00e9 GOTS . Site d\u00e9di\u00e9 aux professionnels.\" \/>\n<meta name=\"robots\" content=\"index, follow, max-snippet:-1, max-image-preview:large, max-video-preview:-1\" \/>\n<link rel=\"canonical\" href=\"https:\/\/www.tendance-ecolo-btob.fr\/index.php\/product\/lot-2-paires-chaussettes-opala-standard-bouclettes-integrales-88-coton-bio-creme-marron-clair\/\" \/>\n<meta property=\"og:locale\" content=\"fr_FR\" \/>\n<meta property=\"og:type\" content=\"article\" \/>\n<meta property=\"og:title\" content=\"Lot 2 paires chaussettes Opala standard bouclettes int\u00e9grales - 88% coton bio - Cr\u00e8me \/ Marron Clair - Tendance Ecolo B2B\" \/>\n<meta property=\"og:description\" content=\"Chaussettes Opala standard bouclettes int\u00e9grales, 88% coton biologique certifi\u00e9 GOTS . Site d\u00e9di\u00e9 aux professionnels.\" \/>\n<meta property=\"og:url\" content=\"https:\/\/www.tendance-ecolo-btob.fr\/index.php\/product\/lot-2-paires-chaussettes-opala-standard-bouclettes-integrales-88-coton-bio-creme-marron-clair\/\" \/>\n<meta property=\"og:site_name\" content=\"Tendance Ecolo B2B\" \/>\n<meta property=\"article:modified_time\" content=\"2025-07-01T18:46:38+00:00\" \/>\n<meta property=\"og:image\" content=\"https:\/\/www.tendance-ecolo-btob.fr\/wp-content\/uploads\/2024\/07\/OPDD611.jpg\" \/>\n\t<meta property=\"og:image:width\" content=\"2000\" \/>\n\t<meta property=\"og:image:height\" content=\"1409\" \/>\n\t<meta property=\"og:image:type\" content=\"image\/jpeg\" \/>\n<meta name=\"twitter:card\" content=\"summary_large_image\" \/>\n<meta name=\"twitter:label1\" content=\"Dur\u00e9e de lecture estim\u00e9e\" \/>\n\t<meta name=\"twitter:data1\" content=\"1 minute\" \/>\n<script type=\"application\/ld+json\" class=\"yoast-schema-graph\">{\"@context\":\"https:\/\/schema.org\",\"@graph\":[{\"@type\":\"WebPage\",\"@id\":\"https:\/\/www.tendance-ecolo-btob.fr\/index.php\/product\/lot-2-paires-chaussettes-opala-standard-bouclettes-integrales-88-coton-bio-creme-marron-clair\/\",\"url\":\"https:\/\/www.tendance-ecolo-btob.fr\/index.php\/product\/lot-2-paires-chaussettes-opala-standard-bouclettes-integrales-88-coton-bio-creme-marron-clair\/\",\"name\":\"Lot 2 paires chaussettes Opala standard bouclettes int\u00e9grales - 88% coton bio - Cr\u00e8me \/ Marron Clair - Tendance Ecolo B2B\",\"isPartOf\":{\"@id\":\"https:\/\/www.tendance-ecolo-btob.fr\/#website\"},\"primaryImageOfPage\":{\"@id\":\"https:\/\/www.tendance-ecolo-btob.fr\/index.php\/product\/lot-2-paires-chaussettes-opala-standard-bouclettes-integrales-88-coton-bio-creme-marron-clair\/#primaryimage\"},\"image\":{\"@id\":\"https:\/\/www.tendance-ecolo-btob.fr\/index.php\/product\/lot-2-paires-chaussettes-opala-standard-bouclettes-integrales-88-coton-bio-creme-marron-clair\/#primaryimage\"},\"thumbnailUrl\":\"https:\/\/i0.wp.com\/www.tendance-ecolo-btob.fr\/wp-content\/uploads\/2024\/07\/OPDD611.jpg?fit=2000%2C1409&ssl=1\",\"datePublished\":\"2025-04-03T10:10:16+00:00\",\"dateModified\":\"2025-07-01T18:46:38+00:00\",\"description\":\"Chaussettes Opala standard bouclettes int\u00e9grales, 88% coton biologique certifi\u00e9 GOTS . Site d\u00e9di\u00e9 aux professionnels.\",\"breadcrumb\":{\"@id\":\"https:\/\/www.tendance-ecolo-btob.fr\/index.php\/product\/lot-2-paires-chaussettes-opala-standard-bouclettes-integrales-88-coton-bio-creme-marron-clair\/#breadcrumb\"},\"inLanguage\":\"fr-FR\",\"potentialAction\":[{\"@type\":\"ReadAction\",\"target\":[\"https:\/\/www.tendance-ecolo-btob.fr\/index.php\/product\/lot-2-paires-chaussettes-opala-standard-bouclettes-integrales-88-coton-bio-creme-marron-clair\/\"]}]},{\"@type\":\"ImageObject\",\"inLanguage\":\"fr-FR\",\"@id\":\"https:\/\/www.tendance-ecolo-btob.fr\/index.php\/product\/lot-2-paires-chaussettes-opala-standard-bouclettes-integrales-88-coton-bio-creme-marron-clair\/#primaryimage\",\"url\":\"https:\/\/i0.wp.com\/www.tendance-ecolo-btob.fr\/wp-content\/uploads\/2024\/07\/OPDD611.jpg?fit=2000%2C1409&ssl=1\",\"contentUrl\":\"https:\/\/i0.wp.com\/www.tendance-ecolo-btob.fr\/wp-content\/uploads\/2024\/07\/OPDD611.jpg?fit=2000%2C1409&ssl=1\",\"width\":2000,\"height\":1409},{\"@type\":\"BreadcrumbList\",\"@id\":\"https:\/\/www.tendance-ecolo-btob.fr\/index.php\/product\/lot-2-paires-chaussettes-opala-standard-bouclettes-integrales-88-coton-bio-creme-marron-clair\/#breadcrumb\",\"itemListElement\":[{\"@type\":\"ListItem\",\"position\":1,\"name\":\"Accueil\",\"item\":\"https:\/\/www.tendance-ecolo-btob.fr\/\"},{\"@type\":\"ListItem\",\"position\":2,\"name\":\"Boutique\",\"item\":\"https:\/\/www.tendance-ecolo-btob.fr\/index.php\/boutique\/\"},{\"@type\":\"ListItem\",\"position\":3,\"name\":\"Lot 2 paires chaussettes Opala standard bouclettes int\u00e9grales &#8211; 88% coton bio &#8211; Cr\u00e8me \/ Marron Clair\"}]},{\"@type\":\"WebSite\",\"@id\":\"https:\/\/www.tendance-ecolo-btob.fr\/#website\",\"url\":\"https:\/\/www.tendance-ecolo-btob.fr\/\",\"name\":\"Tendance Ecolo B2B\",\"description\":\"\",\"potentialAction\":[{\"@type\":\"SearchAction\",\"target\":{\"@type\":\"EntryPoint\",\"urlTemplate\":\"https:\/\/www.tendance-ecolo-btob.fr\/?s={search_term_string}\"},\"query-input\":{\"@type\":\"PropertyValueSpecification\",\"valueRequired\":true,\"valueName\":\"search_term_string\"}}],\"inLanguage\":\"fr-FR\"}]}<\/script>\n<!-- \/ Yoast SEO plugin. -->","yoast_head_json":{"title":"Lot 2 paires chaussettes Opala standard bouclettes int\u00e9grales - 88% coton bio - Cr\u00e8me \/ Marron Clair - Tendance Ecolo B2B","description":"Chaussettes Opala standard bouclettes int\u00e9grales, 88% coton biologique certifi\u00e9 GOTS . Site d\u00e9di\u00e9 aux professionnels.","robots":{"index":"index","follow":"follow","max-snippet":"max-snippet:-1","max-image-preview":"max-image-preview:large","max-video-preview":"max-video-preview:-1"},"canonical":"https:\/\/www.tendance-ecolo-btob.fr\/index.php\/product\/lot-2-paires-chaussettes-opala-standard-bouclettes-integrales-88-coton-bio-creme-marron-clair\/","og_locale":"fr_FR","og_type":"article","og_title":"Lot 2 paires chaussettes Opala standard bouclettes int\u00e9grales - 88% coton bio - Cr\u00e8me \/ Marron Clair - Tendance Ecolo B2B","og_description":"Chaussettes Opala standard bouclettes int\u00e9grales, 88% coton biologique certifi\u00e9 GOTS . Site d\u00e9di\u00e9 aux professionnels.","og_url":"https:\/\/www.tendance-ecolo-btob.fr\/index.php\/product\/lot-2-paires-chaussettes-opala-standard-bouclettes-integrales-88-coton-bio-creme-marron-clair\/","og_site_name":"Tendance Ecolo B2B","article_modified_time":"2025-07-01T18:46:38+00:00","og_image":[{"width":2000,"height":1409,"url":"https:\/\/www.tendance-ecolo-btob.fr\/wp-content\/uploads\/2024\/07\/OPDD611.jpg","type":"image\/jpeg"}],"twitter_card":"summary_large_image","twitter_misc":{"Dur\u00e9e de lecture estim\u00e9e":"1 minute"},"schema":{"@context":"https:\/\/schema.org","@graph":[{"@type":"WebPage","@id":"https:\/\/www.tendance-ecolo-btob.fr\/index.php\/product\/lot-2-paires-chaussettes-opala-standard-bouclettes-integrales-88-coton-bio-creme-marron-clair\/","url":"https:\/\/www.tendance-ecolo-btob.fr\/index.php\/product\/lot-2-paires-chaussettes-opala-standard-bouclettes-integrales-88-coton-bio-creme-marron-clair\/","name":"Lot 2 paires chaussettes Opala standard bouclettes int\u00e9grales - 88% coton bio - Cr\u00e8me \/ Marron Clair - Tendance Ecolo B2B","isPartOf":{"@id":"https:\/\/www.tendance-ecolo-btob.fr\/#website"},"primaryImageOfPage":{"@id":"https:\/\/www.tendance-ecolo-btob.fr\/index.php\/product\/lot-2-paires-chaussettes-opala-standard-bouclettes-integrales-88-coton-bio-creme-marron-clair\/#primaryimage"},"image":{"@id":"https:\/\/www.tendance-ecolo-btob.fr\/index.php\/product\/lot-2-paires-chaussettes-opala-standard-bouclettes-integrales-88-coton-bio-creme-marron-clair\/#primaryimage"},"thumbnailUrl":"https:\/\/i0.wp.com\/www.tendance-ecolo-btob.fr\/wp-content\/uploads\/2024\/07\/OPDD611.jpg?fit=2000%2C1409&ssl=1","datePublished":"2025-04-03T10:10:16+00:00","dateModified":"2025-07-01T18:46:38+00:00","description":"Chaussettes Opala standard bouclettes int\u00e9grales, 88% coton biologique certifi\u00e9 GOTS . Site d\u00e9di\u00e9 aux professionnels.","breadcrumb":{"@id":"https:\/\/www.tendance-ecolo-btob.fr\/index.php\/product\/lot-2-paires-chaussettes-opala-standard-bouclettes-integrales-88-coton-bio-creme-marron-clair\/#breadcrumb"},"inLanguage":"fr-FR","potentialAction":[{"@type":"ReadAction","target":["https:\/\/www.tendance-ecolo-btob.fr\/index.php\/product\/lot-2-paires-chaussettes-opala-standard-bouclettes-integrales-88-coton-bio-creme-marron-clair\/"]}]},{"@type":"ImageObject","inLanguage":"fr-FR","@id":"https:\/\/www.tendance-ecolo-btob.fr\/index.php\/product\/lot-2-paires-chaussettes-opala-standard-bouclettes-integrales-88-coton-bio-creme-marron-clair\/#primaryimage","url":"https:\/\/i0.wp.com\/www.tendance-ecolo-btob.fr\/wp-content\/uploads\/2024\/07\/OPDD611.jpg?fit=2000%2C1409&ssl=1","contentUrl":"https:\/\/i0.wp.com\/www.tendance-ecolo-btob.fr\/wp-content\/uploads\/2024\/07\/OPDD611.jpg?fit=2000%2C1409&ssl=1","width":2000,"height":1409},{"@type":"BreadcrumbList","@id":"https:\/\/www.tendance-ecolo-btob.fr\/index.php\/product\/lot-2-paires-chaussettes-opala-standard-bouclettes-integrales-88-coton-bio-creme-marron-clair\/#breadcrumb","itemListElement":[{"@type":"ListItem","position":1,"name":"Accueil","item":"https:\/\/www.tendance-ecolo-btob.fr\/"},{"@type":"ListItem","position":2,"name":"Boutique","item":"https:\/\/www.tendance-ecolo-btob.fr\/index.php\/boutique\/"},{"@type":"ListItem","position":3,"name":"Lot 2 paires chaussettes Opala standard bouclettes int\u00e9grales &#8211; 88% coton bio &#8211; Cr\u00e8me \/ Marron Clair"}]},{"@type":"WebSite","@id":"https:\/\/www.tendance-ecolo-btob.fr\/#website","url":"https:\/\/www.tendance-ecolo-btob.fr\/","name":"Tendance Ecolo B2B","description":"","potentialAction":[{"@type":"SearchAction","target":{"@type":"EntryPoint","urlTemplate":"https:\/\/www.tendance-ecolo-btob.fr\/?s={search_term_string}"},"query-input":{"@type":"PropertyValueSpecification","valueRequired":true,"valueName":"search_term_string"}}],"inLanguage":"fr-FR"}]}},"jetpack_sharing_enabled":true,"_links":{"self":[{"href":"https:\/\/www.tendance-ecolo-btob.fr\/index.php\/wp-json\/wp\/v2\/product\/1105","targetHints":{"allow":["GET"]}}],"collection":[{"href":"https:\/\/www.tendance-ecolo-btob.fr\/index.php\/wp-json\/wp\/v2\/product"}],"about":[{"href":"https:\/\/www.tendance-ecolo-btob.fr\/index.php\/wp-json\/wp\/v2\/types\/product"}],"wp:featuredmedia":[{"embeddable":true,"href":"https:\/\/www.tendance-ecolo-btob.fr\/index.php\/wp-json\/wp\/v2\/media\/627"}],"wp:attachment":[{"href":"https:\/\/www.tendance-ecolo-btob.fr\/index.php\/wp-json\/wp\/v2\/media?parent=1105"}],"wp:term":[{"taxonomy":"product_brand","embeddable":true,"href":"https:\/\/www.tendance-ecolo-btob.fr\/index.php\/wp-json\/wp\/v2\/product_brand?post=1105"},{"taxonomy":"product_cat","embeddable":true,"href":"https:\/\/www.tendance-ecolo-btob.fr\/index.php\/wp-json\/wp\/v2\/product_cat?post=1105"},{"taxonomy":"product_tag","embeddable":true,"href":"https:\/\/www.tendance-ecolo-btob.fr\/index.php\/wp-json\/wp\/v2\/product_tag?post=1105"}],"curies":[{"name":"wp","href":"https:\/\/api.w.org\/{rel}","templated":true}]}}