{"id":1161,"date":"2025-04-03T15:35:37","date_gmt":"2025-04-03T13:35:37","guid":{"rendered":"https:\/\/www.tendance-ecolo-btob.fr\/?post_type=product&#038;p=1161"},"modified":"2026-02-02T15:04:39","modified_gmt":"2026-02-02T14:04:39","slug":"chaussettes-khangar-74-laine-merinos-fine-noir","status":"publish","type":"product","link":"https:\/\/www.tendance-ecolo-btob.fr\/index.php\/product\/chaussettes-khangar-74-laine-merinos-fine-noir\/","title":{"rendered":"Chaussettes Khangar &#8211; 74% laine m\u00e9rinos fine &#8211; Noir"},"content":{"rendered":"<p>Le haut de gamme des chaussettes naturelles tricot\u00e9es avec un fil de laine laine m\u00e9rinos Total Easy Care (lavables en machine et s\u00e8che-linge autoris\u00e9). Une chaleur et une douceur in\u00e9gal\u00e9es.<\/p>\n<p>&nbsp;<\/p>\n<p><img data-recalc-dims=\"1\" loading=\"lazy\" decoding=\"async\" class=\"alignnone size-medium wp-image-1125\" src=\"https:\/\/i0.wp.com\/www.tendance-ecolo-btob.fr\/wp-content\/uploads\/2025\/04\/logo-certification-laine.png?resize=300%2C82&#038;ssl=1\" alt=\"\" width=\"300\" height=\"82\" srcset=\"https:\/\/i0.wp.com\/www.tendance-ecolo-btob.fr\/wp-content\/uploads\/2025\/04\/logo-certification-laine.png?resize=300%2C82&amp;ssl=1 300w, https:\/\/i0.wp.com\/www.tendance-ecolo-btob.fr\/wp-content\/uploads\/2025\/04\/logo-certification-laine.png?w=340&amp;ssl=1 340w\" sizes=\"auto, (max-width: 300px) 100vw, 300px\" \/><\/p>\n<p>&nbsp;<\/p>\n<p><img data-recalc-dims=\"1\" loading=\"lazy\" decoding=\"async\" class=\"alignnone wp-image-1124\" src=\"https:\/\/i0.wp.com\/www.tendance-ecolo-btob.fr\/wp-content\/uploads\/2025\/04\/logo-laine-ecovolve-300x49.png?resize=429%2C70&#038;ssl=1\" alt=\"\" width=\"429\" height=\"70\" srcset=\"https:\/\/i0.wp.com\/www.tendance-ecolo-btob.fr\/wp-content\/uploads\/2025\/04\/logo-laine-ecovolve.png?resize=300%2C49&amp;ssl=1 300w, https:\/\/i0.wp.com\/www.tendance-ecolo-btob.fr\/wp-content\/uploads\/2025\/04\/logo-laine-ecovolve.png?resize=768%2C126&amp;ssl=1 768w, https:\/\/i0.wp.com\/www.tendance-ecolo-btob.fr\/wp-content\/uploads\/2025\/04\/logo-laine-ecovolve.png?resize=416%2C68&amp;ssl=1 416w, https:\/\/i0.wp.com\/www.tendance-ecolo-btob.fr\/wp-content\/uploads\/2025\/04\/logo-laine-ecovolve.png?w=938&amp;ssl=1 938w\" sizes=\"auto, (max-width: 429px) 100vw, 429px\" \/><\/p>\n<p>&nbsp;<\/p>\n<p>&nbsp;<\/p>\n<p>&nbsp;<\/p>\n<p>&nbsp;<\/p>\n<p>&nbsp;<\/p>\n","protected":false},"excerpt":{"rendered":"<p><strong>Caract\u00e9ristiques\u00a0 chaussettes laines m\u00e9rinos fine 74% :<\/strong><\/p>\n<ul>\n<li>Composition : 74% laine m\u00e9rinos \/ 16% coton bio \/ 8% polyamide \/ 2% \u00e9lasthane<\/li>\n<li>Provenance des mati\u00e8res : Fil de laine m\u00e9rinos d&rsquo;Italie<\/li>\n<li>Certifications\u200b\u00a0 : Mulesing-free, Oeko-Tex Standard 100<\/li>\n<li>Entretien : S\u00e8che-linge, Lavage en machine 30\u00b0C (programme laine) avec lessive pour la laine<\/li>\n<li>Fabrication : Serbie<\/li>\n<li>Marque : Tigil<\/li>\n<li>Couleurs : Noir<\/li>\n<li>Taille (chaussettes) : 35\/38, 39\/42, 43\/46<\/li>\n<\/ul>\n","protected":false},"featured_media":165,"template":"","meta":{"content-type":""},"product_brand":[],"product_cat":[22,53],"product_tag":[75,83,82,84,106],"class_list":{"0":"post-1161","1":"product","2":"type-product","3":"status-publish","4":"has-post-thumbnail","6":"product_cat-tigil","7":"product_cat-gamme-khangar-laine-merinos-74","8":"product_tag-certifie-gots","9":"product_tag-chaussette-laine-fine","10":"product_tag-chaussette-laine-merinos","11":"product_tag-laine-douce","12":"product_tag-mulesing-free","14":"first","15":"instock","16":"taxable","17":"shipping-taxable","18":"purchasable","19":"product-type-variable"},"yoast_head":"<!-- This site is optimized with the Yoast SEO plugin v27.1.1 - https:\/\/yoast.com\/product\/yoast-seo-wordpress\/ -->\n<title>Chaussettes Khangar - 74% laine m\u00e9rinos fine - Noir - Tendance Ecolo B2B<\/title>\n<meta name=\"description\" content=\"Chaussettes 74% laine m\u00e9rinos par 1 paire. Douce et confortable . laine certifi\u00e9e Site d\u00e9di\u00e9 aux professionnels.\" \/>\n<meta name=\"robots\" content=\"index, follow, max-snippet:-1, max-image-preview:large, max-video-preview:-1\" \/>\n<link rel=\"canonical\" href=\"https:\/\/www.tendance-ecolo-btob.fr\/index.php\/product\/chaussettes-khangar-74-laine-merinos-fine-noir\/\" \/>\n<meta property=\"og:locale\" content=\"fr_FR\" \/>\n<meta property=\"og:type\" content=\"article\" \/>\n<meta property=\"og:title\" content=\"Chaussettes Khangar - 74% laine m\u00e9rinos fine - Noir - Tendance Ecolo B2B\" \/>\n<meta property=\"og:description\" content=\"Chaussettes 74% laine m\u00e9rinos par 1 paire. Douce et confortable . laine certifi\u00e9e Site d\u00e9di\u00e9 aux professionnels.\" \/>\n<meta property=\"og:url\" content=\"https:\/\/www.tendance-ecolo-btob.fr\/index.php\/product\/chaussettes-khangar-74-laine-merinos-fine-noir\/\" \/>\n<meta property=\"og:site_name\" content=\"Tendance Ecolo B2B\" \/>\n<meta property=\"article:modified_time\" content=\"2026-02-02T14:04:39+00:00\" \/>\n<meta property=\"og:image\" content=\"https:\/\/www.tendance-ecolo-btob.fr\/wp-content\/uploads\/2024\/09\/khangar-classic-light-weight-black.jpg\" \/>\n\t<meta property=\"og:image:width\" content=\"1800\" \/>\n\t<meta property=\"og:image:height\" content=\"1200\" \/>\n\t<meta property=\"og:image:type\" content=\"image\/jpeg\" \/>\n<meta name=\"twitter:card\" content=\"summary_large_image\" \/>\n<meta name=\"twitter:label1\" content=\"Dur\u00e9e de lecture estim\u00e9e\" \/>\n\t<meta name=\"twitter:data1\" content=\"1 minute\" \/>\n<script type=\"application\/ld+json\" class=\"yoast-schema-graph\">{\"@context\":\"https:\/\/schema.org\",\"@graph\":[{\"@type\":\"WebPage\",\"@id\":\"https:\/\/www.tendance-ecolo-btob.fr\/index.php\/product\/chaussettes-khangar-74-laine-merinos-fine-noir\/\",\"url\":\"https:\/\/www.tendance-ecolo-btob.fr\/index.php\/product\/chaussettes-khangar-74-laine-merinos-fine-noir\/\",\"name\":\"Chaussettes Khangar - 74% laine m\u00e9rinos fine - Noir - Tendance Ecolo B2B\",\"isPartOf\":{\"@id\":\"https:\/\/www.tendance-ecolo-btob.fr\/#website\"},\"primaryImageOfPage\":{\"@id\":\"https:\/\/www.tendance-ecolo-btob.fr\/index.php\/product\/chaussettes-khangar-74-laine-merinos-fine-noir\/#primaryimage\"},\"image\":{\"@id\":\"https:\/\/www.tendance-ecolo-btob.fr\/index.php\/product\/chaussettes-khangar-74-laine-merinos-fine-noir\/#primaryimage\"},\"thumbnailUrl\":\"https:\/\/i0.wp.com\/www.tendance-ecolo-btob.fr\/wp-content\/uploads\/2024\/09\/khangar-classic-light-weight-black.jpg?fit=1800%2C1200&ssl=1\",\"datePublished\":\"2025-04-03T13:35:37+00:00\",\"dateModified\":\"2026-02-02T14:04:39+00:00\",\"description\":\"Chaussettes 74% laine m\u00e9rinos par 1 paire. Douce et confortable . laine certifi\u00e9e Site d\u00e9di\u00e9 aux professionnels.\",\"breadcrumb\":{\"@id\":\"https:\/\/www.tendance-ecolo-btob.fr\/index.php\/product\/chaussettes-khangar-74-laine-merinos-fine-noir\/#breadcrumb\"},\"inLanguage\":\"fr-FR\",\"potentialAction\":[{\"@type\":\"ReadAction\",\"target\":[\"https:\/\/www.tendance-ecolo-btob.fr\/index.php\/product\/chaussettes-khangar-74-laine-merinos-fine-noir\/\"]}]},{\"@type\":\"ImageObject\",\"inLanguage\":\"fr-FR\",\"@id\":\"https:\/\/www.tendance-ecolo-btob.fr\/index.php\/product\/chaussettes-khangar-74-laine-merinos-fine-noir\/#primaryimage\",\"url\":\"https:\/\/i0.wp.com\/www.tendance-ecolo-btob.fr\/wp-content\/uploads\/2024\/09\/khangar-classic-light-weight-black.jpg?fit=1800%2C1200&ssl=1\",\"contentUrl\":\"https:\/\/i0.wp.com\/www.tendance-ecolo-btob.fr\/wp-content\/uploads\/2024\/09\/khangar-classic-light-weight-black.jpg?fit=1800%2C1200&ssl=1\",\"width\":1800,\"height\":1200},{\"@type\":\"BreadcrumbList\",\"@id\":\"https:\/\/www.tendance-ecolo-btob.fr\/index.php\/product\/chaussettes-khangar-74-laine-merinos-fine-noir\/#breadcrumb\",\"itemListElement\":[{\"@type\":\"ListItem\",\"position\":1,\"name\":\"Accueil\",\"item\":\"https:\/\/www.tendance-ecolo-btob.fr\/\"},{\"@type\":\"ListItem\",\"position\":2,\"name\":\"Boutique\",\"item\":\"https:\/\/www.tendance-ecolo-btob.fr\/index.php\/boutique\/\"},{\"@type\":\"ListItem\",\"position\":3,\"name\":\"Chaussettes Khangar &#8211; 74% laine m\u00e9rinos fine &#8211; Noir\"}]},{\"@type\":\"WebSite\",\"@id\":\"https:\/\/www.tendance-ecolo-btob.fr\/#website\",\"url\":\"https:\/\/www.tendance-ecolo-btob.fr\/\",\"name\":\"Tendance Ecolo B2B\",\"description\":\"\",\"potentialAction\":[{\"@type\":\"SearchAction\",\"target\":{\"@type\":\"EntryPoint\",\"urlTemplate\":\"https:\/\/www.tendance-ecolo-btob.fr\/?s={search_term_string}\"},\"query-input\":{\"@type\":\"PropertyValueSpecification\",\"valueRequired\":true,\"valueName\":\"search_term_string\"}}],\"inLanguage\":\"fr-FR\"}]}<\/script>\n<!-- \/ Yoast SEO plugin. -->","yoast_head_json":{"title":"Chaussettes Khangar - 74% laine m\u00e9rinos fine - Noir - Tendance Ecolo B2B","description":"Chaussettes 74% laine m\u00e9rinos par 1 paire. Douce et confortable . laine certifi\u00e9e Site d\u00e9di\u00e9 aux professionnels.","robots":{"index":"index","follow":"follow","max-snippet":"max-snippet:-1","max-image-preview":"max-image-preview:large","max-video-preview":"max-video-preview:-1"},"canonical":"https:\/\/www.tendance-ecolo-btob.fr\/index.php\/product\/chaussettes-khangar-74-laine-merinos-fine-noir\/","og_locale":"fr_FR","og_type":"article","og_title":"Chaussettes Khangar - 74% laine m\u00e9rinos fine - Noir - Tendance Ecolo B2B","og_description":"Chaussettes 74% laine m\u00e9rinos par 1 paire. Douce et confortable . laine certifi\u00e9e Site d\u00e9di\u00e9 aux professionnels.","og_url":"https:\/\/www.tendance-ecolo-btob.fr\/index.php\/product\/chaussettes-khangar-74-laine-merinos-fine-noir\/","og_site_name":"Tendance Ecolo B2B","article_modified_time":"2026-02-02T14:04:39+00:00","og_image":[{"width":1800,"height":1200,"url":"https:\/\/www.tendance-ecolo-btob.fr\/wp-content\/uploads\/2024\/09\/khangar-classic-light-weight-black.jpg","type":"image\/jpeg"}],"twitter_card":"summary_large_image","twitter_misc":{"Dur\u00e9e de lecture estim\u00e9e":"1 minute"},"schema":{"@context":"https:\/\/schema.org","@graph":[{"@type":"WebPage","@id":"https:\/\/www.tendance-ecolo-btob.fr\/index.php\/product\/chaussettes-khangar-74-laine-merinos-fine-noir\/","url":"https:\/\/www.tendance-ecolo-btob.fr\/index.php\/product\/chaussettes-khangar-74-laine-merinos-fine-noir\/","name":"Chaussettes Khangar - 74% laine m\u00e9rinos fine - Noir - Tendance Ecolo B2B","isPartOf":{"@id":"https:\/\/www.tendance-ecolo-btob.fr\/#website"},"primaryImageOfPage":{"@id":"https:\/\/www.tendance-ecolo-btob.fr\/index.php\/product\/chaussettes-khangar-74-laine-merinos-fine-noir\/#primaryimage"},"image":{"@id":"https:\/\/www.tendance-ecolo-btob.fr\/index.php\/product\/chaussettes-khangar-74-laine-merinos-fine-noir\/#primaryimage"},"thumbnailUrl":"https:\/\/i0.wp.com\/www.tendance-ecolo-btob.fr\/wp-content\/uploads\/2024\/09\/khangar-classic-light-weight-black.jpg?fit=1800%2C1200&ssl=1","datePublished":"2025-04-03T13:35:37+00:00","dateModified":"2026-02-02T14:04:39+00:00","description":"Chaussettes 74% laine m\u00e9rinos par 1 paire. Douce et confortable . laine certifi\u00e9e Site d\u00e9di\u00e9 aux professionnels.","breadcrumb":{"@id":"https:\/\/www.tendance-ecolo-btob.fr\/index.php\/product\/chaussettes-khangar-74-laine-merinos-fine-noir\/#breadcrumb"},"inLanguage":"fr-FR","potentialAction":[{"@type":"ReadAction","target":["https:\/\/www.tendance-ecolo-btob.fr\/index.php\/product\/chaussettes-khangar-74-laine-merinos-fine-noir\/"]}]},{"@type":"ImageObject","inLanguage":"fr-FR","@id":"https:\/\/www.tendance-ecolo-btob.fr\/index.php\/product\/chaussettes-khangar-74-laine-merinos-fine-noir\/#primaryimage","url":"https:\/\/i0.wp.com\/www.tendance-ecolo-btob.fr\/wp-content\/uploads\/2024\/09\/khangar-classic-light-weight-black.jpg?fit=1800%2C1200&ssl=1","contentUrl":"https:\/\/i0.wp.com\/www.tendance-ecolo-btob.fr\/wp-content\/uploads\/2024\/09\/khangar-classic-light-weight-black.jpg?fit=1800%2C1200&ssl=1","width":1800,"height":1200},{"@type":"BreadcrumbList","@id":"https:\/\/www.tendance-ecolo-btob.fr\/index.php\/product\/chaussettes-khangar-74-laine-merinos-fine-noir\/#breadcrumb","itemListElement":[{"@type":"ListItem","position":1,"name":"Accueil","item":"https:\/\/www.tendance-ecolo-btob.fr\/"},{"@type":"ListItem","position":2,"name":"Boutique","item":"https:\/\/www.tendance-ecolo-btob.fr\/index.php\/boutique\/"},{"@type":"ListItem","position":3,"name":"Chaussettes Khangar &#8211; 74% laine m\u00e9rinos fine &#8211; Noir"}]},{"@type":"WebSite","@id":"https:\/\/www.tendance-ecolo-btob.fr\/#website","url":"https:\/\/www.tendance-ecolo-btob.fr\/","name":"Tendance Ecolo B2B","description":"","potentialAction":[{"@type":"SearchAction","target":{"@type":"EntryPoint","urlTemplate":"https:\/\/www.tendance-ecolo-btob.fr\/?s={search_term_string}"},"query-input":{"@type":"PropertyValueSpecification","valueRequired":true,"valueName":"search_term_string"}}],"inLanguage":"fr-FR"}]}},"jetpack_sharing_enabled":true,"_links":{"self":[{"href":"https:\/\/www.tendance-ecolo-btob.fr\/index.php\/wp-json\/wp\/v2\/product\/1161","targetHints":{"allow":["GET"]}}],"collection":[{"href":"https:\/\/www.tendance-ecolo-btob.fr\/index.php\/wp-json\/wp\/v2\/product"}],"about":[{"href":"https:\/\/www.tendance-ecolo-btob.fr\/index.php\/wp-json\/wp\/v2\/types\/product"}],"wp:featuredmedia":[{"embeddable":true,"href":"https:\/\/www.tendance-ecolo-btob.fr\/index.php\/wp-json\/wp\/v2\/media\/165"}],"wp:attachment":[{"href":"https:\/\/www.tendance-ecolo-btob.fr\/index.php\/wp-json\/wp\/v2\/media?parent=1161"}],"wp:term":[{"taxonomy":"product_brand","embeddable":true,"href":"https:\/\/www.tendance-ecolo-btob.fr\/index.php\/wp-json\/wp\/v2\/product_brand?post=1161"},{"taxonomy":"product_cat","embeddable":true,"href":"https:\/\/www.tendance-ecolo-btob.fr\/index.php\/wp-json\/wp\/v2\/product_cat?post=1161"},{"taxonomy":"product_tag","embeddable":true,"href":"https:\/\/www.tendance-ecolo-btob.fr\/index.php\/wp-json\/wp\/v2\/product_tag?post=1161"}],"curies":[{"name":"wp","href":"https:\/\/api.w.org\/{rel}","templated":true}]}}