{"id":1271,"date":"2025-07-10T11:06:09","date_gmt":"2025-07-10T09:06:09","guid":{"rendered":"https:\/\/www.tendance-ecolo-btob.fr\/?post_type=product&#038;p=1271"},"modified":"2025-10-16T16:09:24","modified_gmt":"2025-10-16T14:09:24","slug":"lot-de-5-tapettes-a-mouches-en-bois-avec-texte","status":"publish","type":"product","link":"https:\/\/www.tendance-ecolo-btob.fr\/index.php\/product\/lot-de-5-tapettes-a-mouches-en-bois-avec-texte\/","title":{"rendered":"Lot de 5 tapettes \u00e0 mouches en bois avec texte"},"content":{"rendered":"<p><span style=\"color: #000000;\">Lot de 5 <strong>tapettes \u00e0 mouches en bois<\/strong> de h\u00eatre et simili cuir (vegan)<\/span><\/p>\n<p><span style=\"color: #000000;\">Texte : \u00ab\u00a0Salut les mouches\u00a0\u00bb<\/span><\/p>\n<p><span style=\"color: #000000;\">Longueur : 48.5cm<\/span><\/p>\n<p><span style=\"color: #000000;\">Poids : 66g<\/span><\/p>\n<p><span style=\"color: #000000;\">Fourni avec \u00e9tiquette et code barre\u00a0<\/span><\/p>\n","protected":false},"excerpt":{"rendered":"<p><span style=\"color: #000000;\">Lot de 5 <strong>tapettes \u00e0 mouches en bois<\/strong> \u00ab\u00a0Zzze tapette\u00a0\u00bb<\/span><\/p>\n<p><span style=\"color: #000000;\">Pratiques, l\u00e9g\u00e8res et durables, \u00e0 accrocher pour un acc\u00e8s facile.<\/span><\/p>\n<p><span style=\"color: #000000;\">Alternative durable et \u00e9conomique aux tapettes classiques.<\/span><\/p>\n<p><span style=\"color: #000000;\">Fabriqu\u00e9es en Europe<\/span><\/p>\n<p><span style=\"color: #000000;\">Code EAN : 0762497327298<\/span><\/p>\n","protected":false},"featured_media":1272,"template":"","meta":{"content-type":""},"product_brand":[],"product_cat":[102,101],"product_tag":[108,109,107,110],"class_list":{"0":"post-1271","1":"product","2":"type-product","3":"status-publish","4":"has-post-thumbnail","6":"product_cat-divers","7":"product_cat-tapettes-a-mouches-zzze-tapette","8":"product_tag-tapette-a-mouches-en-bois","9":"product_tag-tapette-a-mouches-sans-plastique","10":"product_tag-tapette-en-bois","11":"product_tag-tapette-vegan","13":"first","14":"instock","15":"taxable","16":"shipping-taxable","17":"purchasable","18":"product-type-simple"},"yoast_head":"<!-- This site is optimized with the Yoast SEO plugin v27.1.1 - https:\/\/yoast.com\/product\/yoast-seo-wordpress\/ -->\n<title>Lot de 5 tapettes \u00e0 mouches en bois avec texte - Tendance Ecolo B2B<\/title>\n<meta name=\"description\" content=\"Lot de 5 tapettes \u00e0 mouches en bois avec texte. Fabriqu\u00e9es en Europe. Site d\u00e9di\u00e9 aux professionnels\" \/>\n<meta name=\"robots\" content=\"index, follow, max-snippet:-1, max-image-preview:large, max-video-preview:-1\" \/>\n<link rel=\"canonical\" href=\"https:\/\/www.tendance-ecolo-btob.fr\/index.php\/product\/lot-de-5-tapettes-a-mouches-en-bois-avec-texte\/\" \/>\n<meta property=\"og:locale\" content=\"fr_FR\" \/>\n<meta property=\"og:type\" content=\"article\" \/>\n<meta property=\"og:title\" content=\"Lot de 5 tapettes \u00e0 mouches en bois avec texte - Tendance Ecolo B2B\" \/>\n<meta property=\"og:description\" content=\"Lot de 5 tapettes \u00e0 mouches en bois avec texte. Fabriqu\u00e9es en Europe. Site d\u00e9di\u00e9 aux professionnels\" \/>\n<meta property=\"og:url\" content=\"https:\/\/www.tendance-ecolo-btob.fr\/index.php\/product\/lot-de-5-tapettes-a-mouches-en-bois-avec-texte\/\" \/>\n<meta property=\"og:site_name\" content=\"Tendance Ecolo B2B\" \/>\n<meta property=\"article:modified_time\" content=\"2025-10-16T14:09:24+00:00\" \/>\n<meta property=\"og:image\" content=\"https:\/\/www.tendance-ecolo-btob.fr\/wp-content\/uploads\/2025\/07\/IMG_20250708_190213_215.png\" \/>\n\t<meta property=\"og:image:width\" content=\"1512\" \/>\n\t<meta property=\"og:image:height\" content=\"1512\" \/>\n\t<meta property=\"og:image:type\" content=\"image\/png\" \/>\n<meta name=\"twitter:card\" content=\"summary_large_image\" \/>\n<meta name=\"twitter:label1\" content=\"Dur\u00e9e de lecture estim\u00e9e\" \/>\n\t<meta name=\"twitter:data1\" content=\"1 minute\" \/>\n<script type=\"application\/ld+json\" class=\"yoast-schema-graph\">{\"@context\":\"https:\/\/schema.org\",\"@graph\":[{\"@type\":\"WebPage\",\"@id\":\"https:\/\/www.tendance-ecolo-btob.fr\/index.php\/product\/lot-de-5-tapettes-a-mouches-en-bois-avec-texte\/\",\"url\":\"https:\/\/www.tendance-ecolo-btob.fr\/index.php\/product\/lot-de-5-tapettes-a-mouches-en-bois-avec-texte\/\",\"name\":\"Lot de 5 tapettes \u00e0 mouches en bois avec texte - Tendance Ecolo B2B\",\"isPartOf\":{\"@id\":\"https:\/\/www.tendance-ecolo-btob.fr\/#website\"},\"primaryImageOfPage\":{\"@id\":\"https:\/\/www.tendance-ecolo-btob.fr\/index.php\/product\/lot-de-5-tapettes-a-mouches-en-bois-avec-texte\/#primaryimage\"},\"image\":{\"@id\":\"https:\/\/www.tendance-ecolo-btob.fr\/index.php\/product\/lot-de-5-tapettes-a-mouches-en-bois-avec-texte\/#primaryimage\"},\"thumbnailUrl\":\"https:\/\/i0.wp.com\/www.tendance-ecolo-btob.fr\/wp-content\/uploads\/2025\/07\/IMG_20250708_190213_215.png?fit=1512%2C1512&ssl=1\",\"datePublished\":\"2025-07-10T09:06:09+00:00\",\"dateModified\":\"2025-10-16T14:09:24+00:00\",\"description\":\"Lot de 5 tapettes \u00e0 mouches en bois avec texte. Fabriqu\u00e9es en Europe. Site d\u00e9di\u00e9 aux professionnels\",\"breadcrumb\":{\"@id\":\"https:\/\/www.tendance-ecolo-btob.fr\/index.php\/product\/lot-de-5-tapettes-a-mouches-en-bois-avec-texte\/#breadcrumb\"},\"inLanguage\":\"fr-FR\",\"potentialAction\":[{\"@type\":\"ReadAction\",\"target\":[\"https:\/\/www.tendance-ecolo-btob.fr\/index.php\/product\/lot-de-5-tapettes-a-mouches-en-bois-avec-texte\/\"]}]},{\"@type\":\"ImageObject\",\"inLanguage\":\"fr-FR\",\"@id\":\"https:\/\/www.tendance-ecolo-btob.fr\/index.php\/product\/lot-de-5-tapettes-a-mouches-en-bois-avec-texte\/#primaryimage\",\"url\":\"https:\/\/i0.wp.com\/www.tendance-ecolo-btob.fr\/wp-content\/uploads\/2025\/07\/IMG_20250708_190213_215.png?fit=1512%2C1512&ssl=1\",\"contentUrl\":\"https:\/\/i0.wp.com\/www.tendance-ecolo-btob.fr\/wp-content\/uploads\/2025\/07\/IMG_20250708_190213_215.png?fit=1512%2C1512&ssl=1\",\"width\":1512,\"height\":1512},{\"@type\":\"BreadcrumbList\",\"@id\":\"https:\/\/www.tendance-ecolo-btob.fr\/index.php\/product\/lot-de-5-tapettes-a-mouches-en-bois-avec-texte\/#breadcrumb\",\"itemListElement\":[{\"@type\":\"ListItem\",\"position\":1,\"name\":\"Accueil\",\"item\":\"https:\/\/www.tendance-ecolo-btob.fr\/\"},{\"@type\":\"ListItem\",\"position\":2,\"name\":\"Boutique\",\"item\":\"https:\/\/www.tendance-ecolo-btob.fr\/index.php\/boutique\/\"},{\"@type\":\"ListItem\",\"position\":3,\"name\":\"Lot de 5 tapettes \u00e0 mouches en bois avec texte\"}]},{\"@type\":\"WebSite\",\"@id\":\"https:\/\/www.tendance-ecolo-btob.fr\/#website\",\"url\":\"https:\/\/www.tendance-ecolo-btob.fr\/\",\"name\":\"Tendance Ecolo B2B\",\"description\":\"\",\"potentialAction\":[{\"@type\":\"SearchAction\",\"target\":{\"@type\":\"EntryPoint\",\"urlTemplate\":\"https:\/\/www.tendance-ecolo-btob.fr\/?s={search_term_string}\"},\"query-input\":{\"@type\":\"PropertyValueSpecification\",\"valueRequired\":true,\"valueName\":\"search_term_string\"}}],\"inLanguage\":\"fr-FR\"}]}<\/script>\n<!-- \/ Yoast SEO plugin. -->","yoast_head_json":{"title":"Lot de 5 tapettes \u00e0 mouches en bois avec texte - Tendance Ecolo B2B","description":"Lot de 5 tapettes \u00e0 mouches en bois avec texte. Fabriqu\u00e9es en Europe. Site d\u00e9di\u00e9 aux professionnels","robots":{"index":"index","follow":"follow","max-snippet":"max-snippet:-1","max-image-preview":"max-image-preview:large","max-video-preview":"max-video-preview:-1"},"canonical":"https:\/\/www.tendance-ecolo-btob.fr\/index.php\/product\/lot-de-5-tapettes-a-mouches-en-bois-avec-texte\/","og_locale":"fr_FR","og_type":"article","og_title":"Lot de 5 tapettes \u00e0 mouches en bois avec texte - Tendance Ecolo B2B","og_description":"Lot de 5 tapettes \u00e0 mouches en bois avec texte. Fabriqu\u00e9es en Europe. Site d\u00e9di\u00e9 aux professionnels","og_url":"https:\/\/www.tendance-ecolo-btob.fr\/index.php\/product\/lot-de-5-tapettes-a-mouches-en-bois-avec-texte\/","og_site_name":"Tendance Ecolo B2B","article_modified_time":"2025-10-16T14:09:24+00:00","og_image":[{"width":1512,"height":1512,"url":"https:\/\/www.tendance-ecolo-btob.fr\/wp-content\/uploads\/2025\/07\/IMG_20250708_190213_215.png","type":"image\/png"}],"twitter_card":"summary_large_image","twitter_misc":{"Dur\u00e9e de lecture estim\u00e9e":"1 minute"},"schema":{"@context":"https:\/\/schema.org","@graph":[{"@type":"WebPage","@id":"https:\/\/www.tendance-ecolo-btob.fr\/index.php\/product\/lot-de-5-tapettes-a-mouches-en-bois-avec-texte\/","url":"https:\/\/www.tendance-ecolo-btob.fr\/index.php\/product\/lot-de-5-tapettes-a-mouches-en-bois-avec-texte\/","name":"Lot de 5 tapettes \u00e0 mouches en bois avec texte - Tendance Ecolo B2B","isPartOf":{"@id":"https:\/\/www.tendance-ecolo-btob.fr\/#website"},"primaryImageOfPage":{"@id":"https:\/\/www.tendance-ecolo-btob.fr\/index.php\/product\/lot-de-5-tapettes-a-mouches-en-bois-avec-texte\/#primaryimage"},"image":{"@id":"https:\/\/www.tendance-ecolo-btob.fr\/index.php\/product\/lot-de-5-tapettes-a-mouches-en-bois-avec-texte\/#primaryimage"},"thumbnailUrl":"https:\/\/i0.wp.com\/www.tendance-ecolo-btob.fr\/wp-content\/uploads\/2025\/07\/IMG_20250708_190213_215.png?fit=1512%2C1512&ssl=1","datePublished":"2025-07-10T09:06:09+00:00","dateModified":"2025-10-16T14:09:24+00:00","description":"Lot de 5 tapettes \u00e0 mouches en bois avec texte. Fabriqu\u00e9es en Europe. Site d\u00e9di\u00e9 aux professionnels","breadcrumb":{"@id":"https:\/\/www.tendance-ecolo-btob.fr\/index.php\/product\/lot-de-5-tapettes-a-mouches-en-bois-avec-texte\/#breadcrumb"},"inLanguage":"fr-FR","potentialAction":[{"@type":"ReadAction","target":["https:\/\/www.tendance-ecolo-btob.fr\/index.php\/product\/lot-de-5-tapettes-a-mouches-en-bois-avec-texte\/"]}]},{"@type":"ImageObject","inLanguage":"fr-FR","@id":"https:\/\/www.tendance-ecolo-btob.fr\/index.php\/product\/lot-de-5-tapettes-a-mouches-en-bois-avec-texte\/#primaryimage","url":"https:\/\/i0.wp.com\/www.tendance-ecolo-btob.fr\/wp-content\/uploads\/2025\/07\/IMG_20250708_190213_215.png?fit=1512%2C1512&ssl=1","contentUrl":"https:\/\/i0.wp.com\/www.tendance-ecolo-btob.fr\/wp-content\/uploads\/2025\/07\/IMG_20250708_190213_215.png?fit=1512%2C1512&ssl=1","width":1512,"height":1512},{"@type":"BreadcrumbList","@id":"https:\/\/www.tendance-ecolo-btob.fr\/index.php\/product\/lot-de-5-tapettes-a-mouches-en-bois-avec-texte\/#breadcrumb","itemListElement":[{"@type":"ListItem","position":1,"name":"Accueil","item":"https:\/\/www.tendance-ecolo-btob.fr\/"},{"@type":"ListItem","position":2,"name":"Boutique","item":"https:\/\/www.tendance-ecolo-btob.fr\/index.php\/boutique\/"},{"@type":"ListItem","position":3,"name":"Lot de 5 tapettes \u00e0 mouches en bois avec texte"}]},{"@type":"WebSite","@id":"https:\/\/www.tendance-ecolo-btob.fr\/#website","url":"https:\/\/www.tendance-ecolo-btob.fr\/","name":"Tendance Ecolo B2B","description":"","potentialAction":[{"@type":"SearchAction","target":{"@type":"EntryPoint","urlTemplate":"https:\/\/www.tendance-ecolo-btob.fr\/?s={search_term_string}"},"query-input":{"@type":"PropertyValueSpecification","valueRequired":true,"valueName":"search_term_string"}}],"inLanguage":"fr-FR"}]}},"jetpack_sharing_enabled":true,"_links":{"self":[{"href":"https:\/\/www.tendance-ecolo-btob.fr\/index.php\/wp-json\/wp\/v2\/product\/1271","targetHints":{"allow":["GET"]}}],"collection":[{"href":"https:\/\/www.tendance-ecolo-btob.fr\/index.php\/wp-json\/wp\/v2\/product"}],"about":[{"href":"https:\/\/www.tendance-ecolo-btob.fr\/index.php\/wp-json\/wp\/v2\/types\/product"}],"wp:featuredmedia":[{"embeddable":true,"href":"https:\/\/www.tendance-ecolo-btob.fr\/index.php\/wp-json\/wp\/v2\/media\/1272"}],"wp:attachment":[{"href":"https:\/\/www.tendance-ecolo-btob.fr\/index.php\/wp-json\/wp\/v2\/media?parent=1271"}],"wp:term":[{"taxonomy":"product_brand","embeddable":true,"href":"https:\/\/www.tendance-ecolo-btob.fr\/index.php\/wp-json\/wp\/v2\/product_brand?post=1271"},{"taxonomy":"product_cat","embeddable":true,"href":"https:\/\/www.tendance-ecolo-btob.fr\/index.php\/wp-json\/wp\/v2\/product_cat?post=1271"},{"taxonomy":"product_tag","embeddable":true,"href":"https:\/\/www.tendance-ecolo-btob.fr\/index.php\/wp-json\/wp\/v2\/product_tag?post=1271"}],"curies":[{"name":"wp","href":"https:\/\/api.w.org\/{rel}","templated":true}]}}