{"id":1339,"date":"2025-11-20T16:08:53","date_gmt":"2025-11-20T15:08:53","guid":{"rendered":"https:\/\/www.tendance-ecolo-btob.fr\/?post_type=product&#038;p=1339"},"modified":"2026-02-02T15:04:38","modified_gmt":"2026-02-02T14:04:38","slug":"petite-bouillotte-seche-graines-de-lin-bio-housse-coloris-eucalyptus","status":"publish","type":"product","link":"https:\/\/www.tendance-ecolo-btob.fr\/index.php\/product\/petite-bouillotte-seche-graines-de-lin-bio-housse-coloris-eucalyptus\/","title":{"rendered":"Petite bouillotte s\u00e8che graines de lin bio + housse coloris eucalyptus"},"content":{"rendered":"<p>La petite <strong>bouillotte en graines de lin<\/strong> brun bio s\u2019utilise aussi bien contre les douleurs que pour le confort. Ce mod\u00e8le petit format, avec 600g de graines de lin, est id\u00e9al pour chauffer les articulations, les organes comme le foie, les bronches, etc\u2026 Sa taille comme son poids lui permettent d\u2019\u00eatre utilis\u00e9e par tous.<\/p>\n","protected":false},"excerpt":{"rendered":"<p><strong>La petite bouillotte s\u00e8che en graines de lin format 30x18cm<\/strong><\/p>\n<p>&nbsp;<\/p>\n<p><strong>Les vertus :<\/strong><\/p>\n<p>Le lin, qu&rsquo;il soit chauff\u00e9 ou refroidi, a des vertus antalgiques pour soulager les douleurs ou probl\u00e8mes inflammatoires.<\/p>\n<p>&nbsp;<\/p>\n<p><strong>Chauffage au four \u00e9lectrique traditionnel ou au four \u00e0 micro-ondes :<\/strong><\/p>\n<p>Les bouillottes se chauffent avec leur housse en lin directement dans le four \u00e9lectrique \u00e0 80\u00b0C ~ 90\u00b0C environ pendant 10mn ou plus si n\u00e9cessaire. Dans le four \u00e0 micro-ondes il faut chauffer 1mn30 environ \u00e0 750W, vous pouvez \u00e9galement la laisser 20 \u00e0 30 min sur un radiateur type fonte .<\/p>\n<p>&nbsp;<\/p>\n<p><strong>Refroidissement au r\u00e9frig\u00e9rateur ou au cong\u00e9lateur :<\/strong><\/p>\n<p>Il faut mettre la bouillotte dans un sac \u00e9tanche pour ne pas risquer de la mouiller. Le temps est \u00e0 d\u00e9terminer en fonction du froid que l\u2019on veut obtenir : 1h au cong\u00e9lateur \u00e0 4h au r\u00e9frig\u00e9rateur en fonction de la temp\u00e9rature souhait\u00e9e.<\/p>\n<p>&nbsp;<\/p>\n<p><strong>Composition :<\/strong><\/p>\n<p>La housse confort amovible de la bouillotte est 100% coton bio dans un tissu soyeux tr\u00e8s doux. Le pack de graines de lin est dans un tissu 100% coton bio certifi\u00e9 GOTS. Les graines de lin sont certifi\u00e9es biologiques et d\u2019origine Europe.<\/p>\n<p>&nbsp;<\/p>\n<p><strong>Fabrication :<\/strong><\/p>\n<p>Bouillotte fabriqu\u00e9e artisanalement dans l\u2019atelier d\u2019Ecovolve \u00e0 Belgrade.<\/p>\n<p>Code EAN : 3700807671362<\/p>\n<table border=\"0\" cellspacing=\"0\">\n<colgroup width=\"107\"><\/colgroup>\n<tbody>\n<tr>\n<td align=\"center\" valign=\"middle\" bgcolor=\"#F2F2F2\" height=\"21\"><\/td>\n<\/tr>\n<\/tbody>\n<\/table>\n","protected":false},"featured_media":1340,"template":"","meta":{"content-type":""},"product_brand":[],"product_cat":[20,49],"product_tag":[118,75,119,122,120],"class_list":{"0":"post-1339","1":"product","2":"type-product","3":"status-publish","4":"has-post-thumbnail","6":"product_cat-revolana","7":"product_cat-nos-bouillottes-graines-de-lin","8":"product_tag-bouillotte","9":"product_tag-certifie-gots","10":"product_tag-graines-de-lin-bio","11":"product_tag-naturelle","12":"product_tag-vertus-antalgiques","14":"first","15":"instock","16":"taxable","17":"shipping-taxable","18":"purchasable","19":"product-type-simple"},"yoast_head":"<!-- This site is optimized with the Yoast SEO plugin v27.1.1 - https:\/\/yoast.com\/product\/yoast-seo-wordpress\/ -->\n<title>Petite bouillotte s\u00e8che graines de lin bio + housse coloris eucalyptus - Tendance Ecolo B2B<\/title>\n<meta name=\"description\" content=\"Petite bouillotte en lin bio, housse coton bio. Taille S (30x18cm). Site d\u00e9di\u00e9 aux professionnels.\" \/>\n<meta name=\"robots\" content=\"index, follow, max-snippet:-1, max-image-preview:large, max-video-preview:-1\" \/>\n<link rel=\"canonical\" href=\"https:\/\/www.tendance-ecolo-btob.fr\/index.php\/product\/petite-bouillotte-seche-graines-de-lin-bio-housse-coloris-eucalyptus\/\" \/>\n<meta property=\"og:locale\" content=\"fr_FR\" \/>\n<meta property=\"og:type\" content=\"article\" \/>\n<meta property=\"og:title\" content=\"Petite bouillotte s\u00e8che graines de lin bio + housse coloris eucalyptus - Tendance Ecolo B2B\" \/>\n<meta property=\"og:description\" content=\"Petite bouillotte en lin bio, housse coton bio. Taille S (30x18cm). Site d\u00e9di\u00e9 aux professionnels.\" \/>\n<meta property=\"og:url\" content=\"https:\/\/www.tendance-ecolo-btob.fr\/index.php\/product\/petite-bouillotte-seche-graines-de-lin-bio-housse-coloris-eucalyptus\/\" \/>\n<meta property=\"og:site_name\" content=\"Tendance Ecolo B2B\" \/>\n<meta property=\"article:modified_time\" content=\"2026-02-02T14:04:38+00:00\" \/>\n<meta property=\"og:image\" content=\"https:\/\/www.tendance-ecolo-btob.fr\/wp-content\/uploads\/2025\/11\/petite-bouillotte-eucalyptus.jpg\" \/>\n\t<meta property=\"og:image:width\" content=\"397\" \/>\n\t<meta property=\"og:image:height\" content=\"340\" \/>\n\t<meta property=\"og:image:type\" content=\"image\/jpeg\" \/>\n<meta name=\"twitter:card\" content=\"summary_large_image\" \/>\n<meta name=\"twitter:label1\" content=\"Dur\u00e9e de lecture estim\u00e9e\" \/>\n\t<meta name=\"twitter:data1\" content=\"1 minute\" \/>\n<script type=\"application\/ld+json\" class=\"yoast-schema-graph\">{\"@context\":\"https:\/\/schema.org\",\"@graph\":[{\"@type\":\"WebPage\",\"@id\":\"https:\/\/www.tendance-ecolo-btob.fr\/index.php\/product\/petite-bouillotte-seche-graines-de-lin-bio-housse-coloris-eucalyptus\/\",\"url\":\"https:\/\/www.tendance-ecolo-btob.fr\/index.php\/product\/petite-bouillotte-seche-graines-de-lin-bio-housse-coloris-eucalyptus\/\",\"name\":\"Petite bouillotte s\u00e8che graines de lin bio + housse coloris eucalyptus - Tendance Ecolo B2B\",\"isPartOf\":{\"@id\":\"https:\/\/www.tendance-ecolo-btob.fr\/#website\"},\"primaryImageOfPage\":{\"@id\":\"https:\/\/www.tendance-ecolo-btob.fr\/index.php\/product\/petite-bouillotte-seche-graines-de-lin-bio-housse-coloris-eucalyptus\/#primaryimage\"},\"image\":{\"@id\":\"https:\/\/www.tendance-ecolo-btob.fr\/index.php\/product\/petite-bouillotte-seche-graines-de-lin-bio-housse-coloris-eucalyptus\/#primaryimage\"},\"thumbnailUrl\":\"https:\/\/i0.wp.com\/www.tendance-ecolo-btob.fr\/wp-content\/uploads\/2025\/11\/petite-bouillotte-eucalyptus.jpg?fit=397%2C340&ssl=1\",\"datePublished\":\"2025-11-20T15:08:53+00:00\",\"dateModified\":\"2026-02-02T14:04:38+00:00\",\"description\":\"Petite bouillotte en lin bio, housse coton bio. Taille S (30x18cm). Site d\u00e9di\u00e9 aux professionnels.\",\"breadcrumb\":{\"@id\":\"https:\/\/www.tendance-ecolo-btob.fr\/index.php\/product\/petite-bouillotte-seche-graines-de-lin-bio-housse-coloris-eucalyptus\/#breadcrumb\"},\"inLanguage\":\"fr-FR\",\"potentialAction\":[{\"@type\":\"ReadAction\",\"target\":[\"https:\/\/www.tendance-ecolo-btob.fr\/index.php\/product\/petite-bouillotte-seche-graines-de-lin-bio-housse-coloris-eucalyptus\/\"]}]},{\"@type\":\"ImageObject\",\"inLanguage\":\"fr-FR\",\"@id\":\"https:\/\/www.tendance-ecolo-btob.fr\/index.php\/product\/petite-bouillotte-seche-graines-de-lin-bio-housse-coloris-eucalyptus\/#primaryimage\",\"url\":\"https:\/\/i0.wp.com\/www.tendance-ecolo-btob.fr\/wp-content\/uploads\/2025\/11\/petite-bouillotte-eucalyptus.jpg?fit=397%2C340&ssl=1\",\"contentUrl\":\"https:\/\/i0.wp.com\/www.tendance-ecolo-btob.fr\/wp-content\/uploads\/2025\/11\/petite-bouillotte-eucalyptus.jpg?fit=397%2C340&ssl=1\",\"width\":397,\"height\":340},{\"@type\":\"BreadcrumbList\",\"@id\":\"https:\/\/www.tendance-ecolo-btob.fr\/index.php\/product\/petite-bouillotte-seche-graines-de-lin-bio-housse-coloris-eucalyptus\/#breadcrumb\",\"itemListElement\":[{\"@type\":\"ListItem\",\"position\":1,\"name\":\"Accueil\",\"item\":\"https:\/\/www.tendance-ecolo-btob.fr\/\"},{\"@type\":\"ListItem\",\"position\":2,\"name\":\"Boutique\",\"item\":\"https:\/\/www.tendance-ecolo-btob.fr\/index.php\/boutique\/\"},{\"@type\":\"ListItem\",\"position\":3,\"name\":\"Petite bouillotte s\u00e8che graines de lin bio + housse coloris eucalyptus\"}]},{\"@type\":\"WebSite\",\"@id\":\"https:\/\/www.tendance-ecolo-btob.fr\/#website\",\"url\":\"https:\/\/www.tendance-ecolo-btob.fr\/\",\"name\":\"Tendance Ecolo B2B\",\"description\":\"\",\"potentialAction\":[{\"@type\":\"SearchAction\",\"target\":{\"@type\":\"EntryPoint\",\"urlTemplate\":\"https:\/\/www.tendance-ecolo-btob.fr\/?s={search_term_string}\"},\"query-input\":{\"@type\":\"PropertyValueSpecification\",\"valueRequired\":true,\"valueName\":\"search_term_string\"}}],\"inLanguage\":\"fr-FR\"}]}<\/script>\n<!-- \/ Yoast SEO plugin. -->","yoast_head_json":{"title":"Petite bouillotte s\u00e8che graines de lin bio + housse coloris eucalyptus - Tendance Ecolo B2B","description":"Petite bouillotte en lin bio, housse coton bio. Taille S (30x18cm). Site d\u00e9di\u00e9 aux professionnels.","robots":{"index":"index","follow":"follow","max-snippet":"max-snippet:-1","max-image-preview":"max-image-preview:large","max-video-preview":"max-video-preview:-1"},"canonical":"https:\/\/www.tendance-ecolo-btob.fr\/index.php\/product\/petite-bouillotte-seche-graines-de-lin-bio-housse-coloris-eucalyptus\/","og_locale":"fr_FR","og_type":"article","og_title":"Petite bouillotte s\u00e8che graines de lin bio + housse coloris eucalyptus - Tendance Ecolo B2B","og_description":"Petite bouillotte en lin bio, housse coton bio. Taille S (30x18cm). Site d\u00e9di\u00e9 aux professionnels.","og_url":"https:\/\/www.tendance-ecolo-btob.fr\/index.php\/product\/petite-bouillotte-seche-graines-de-lin-bio-housse-coloris-eucalyptus\/","og_site_name":"Tendance Ecolo B2B","article_modified_time":"2026-02-02T14:04:38+00:00","og_image":[{"width":397,"height":340,"url":"https:\/\/www.tendance-ecolo-btob.fr\/wp-content\/uploads\/2025\/11\/petite-bouillotte-eucalyptus.jpg","type":"image\/jpeg"}],"twitter_card":"summary_large_image","twitter_misc":{"Dur\u00e9e de lecture estim\u00e9e":"1 minute"},"schema":{"@context":"https:\/\/schema.org","@graph":[{"@type":"WebPage","@id":"https:\/\/www.tendance-ecolo-btob.fr\/index.php\/product\/petite-bouillotte-seche-graines-de-lin-bio-housse-coloris-eucalyptus\/","url":"https:\/\/www.tendance-ecolo-btob.fr\/index.php\/product\/petite-bouillotte-seche-graines-de-lin-bio-housse-coloris-eucalyptus\/","name":"Petite bouillotte s\u00e8che graines de lin bio + housse coloris eucalyptus - Tendance Ecolo B2B","isPartOf":{"@id":"https:\/\/www.tendance-ecolo-btob.fr\/#website"},"primaryImageOfPage":{"@id":"https:\/\/www.tendance-ecolo-btob.fr\/index.php\/product\/petite-bouillotte-seche-graines-de-lin-bio-housse-coloris-eucalyptus\/#primaryimage"},"image":{"@id":"https:\/\/www.tendance-ecolo-btob.fr\/index.php\/product\/petite-bouillotte-seche-graines-de-lin-bio-housse-coloris-eucalyptus\/#primaryimage"},"thumbnailUrl":"https:\/\/i0.wp.com\/www.tendance-ecolo-btob.fr\/wp-content\/uploads\/2025\/11\/petite-bouillotte-eucalyptus.jpg?fit=397%2C340&ssl=1","datePublished":"2025-11-20T15:08:53+00:00","dateModified":"2026-02-02T14:04:38+00:00","description":"Petite bouillotte en lin bio, housse coton bio. Taille S (30x18cm). Site d\u00e9di\u00e9 aux professionnels.","breadcrumb":{"@id":"https:\/\/www.tendance-ecolo-btob.fr\/index.php\/product\/petite-bouillotte-seche-graines-de-lin-bio-housse-coloris-eucalyptus\/#breadcrumb"},"inLanguage":"fr-FR","potentialAction":[{"@type":"ReadAction","target":["https:\/\/www.tendance-ecolo-btob.fr\/index.php\/product\/petite-bouillotte-seche-graines-de-lin-bio-housse-coloris-eucalyptus\/"]}]},{"@type":"ImageObject","inLanguage":"fr-FR","@id":"https:\/\/www.tendance-ecolo-btob.fr\/index.php\/product\/petite-bouillotte-seche-graines-de-lin-bio-housse-coloris-eucalyptus\/#primaryimage","url":"https:\/\/i0.wp.com\/www.tendance-ecolo-btob.fr\/wp-content\/uploads\/2025\/11\/petite-bouillotte-eucalyptus.jpg?fit=397%2C340&ssl=1","contentUrl":"https:\/\/i0.wp.com\/www.tendance-ecolo-btob.fr\/wp-content\/uploads\/2025\/11\/petite-bouillotte-eucalyptus.jpg?fit=397%2C340&ssl=1","width":397,"height":340},{"@type":"BreadcrumbList","@id":"https:\/\/www.tendance-ecolo-btob.fr\/index.php\/product\/petite-bouillotte-seche-graines-de-lin-bio-housse-coloris-eucalyptus\/#breadcrumb","itemListElement":[{"@type":"ListItem","position":1,"name":"Accueil","item":"https:\/\/www.tendance-ecolo-btob.fr\/"},{"@type":"ListItem","position":2,"name":"Boutique","item":"https:\/\/www.tendance-ecolo-btob.fr\/index.php\/boutique\/"},{"@type":"ListItem","position":3,"name":"Petite bouillotte s\u00e8che graines de lin bio + housse coloris eucalyptus"}]},{"@type":"WebSite","@id":"https:\/\/www.tendance-ecolo-btob.fr\/#website","url":"https:\/\/www.tendance-ecolo-btob.fr\/","name":"Tendance Ecolo B2B","description":"","potentialAction":[{"@type":"SearchAction","target":{"@type":"EntryPoint","urlTemplate":"https:\/\/www.tendance-ecolo-btob.fr\/?s={search_term_string}"},"query-input":{"@type":"PropertyValueSpecification","valueRequired":true,"valueName":"search_term_string"}}],"inLanguage":"fr-FR"}]}},"jetpack_sharing_enabled":true,"_links":{"self":[{"href":"https:\/\/www.tendance-ecolo-btob.fr\/index.php\/wp-json\/wp\/v2\/product\/1339","targetHints":{"allow":["GET"]}}],"collection":[{"href":"https:\/\/www.tendance-ecolo-btob.fr\/index.php\/wp-json\/wp\/v2\/product"}],"about":[{"href":"https:\/\/www.tendance-ecolo-btob.fr\/index.php\/wp-json\/wp\/v2\/types\/product"}],"wp:featuredmedia":[{"embeddable":true,"href":"https:\/\/www.tendance-ecolo-btob.fr\/index.php\/wp-json\/wp\/v2\/media\/1340"}],"wp:attachment":[{"href":"https:\/\/www.tendance-ecolo-btob.fr\/index.php\/wp-json\/wp\/v2\/media?parent=1339"}],"wp:term":[{"taxonomy":"product_brand","embeddable":true,"href":"https:\/\/www.tendance-ecolo-btob.fr\/index.php\/wp-json\/wp\/v2\/product_brand?post=1339"},{"taxonomy":"product_cat","embeddable":true,"href":"https:\/\/www.tendance-ecolo-btob.fr\/index.php\/wp-json\/wp\/v2\/product_cat?post=1339"},{"taxonomy":"product_tag","embeddable":true,"href":"https:\/\/www.tendance-ecolo-btob.fr\/index.php\/wp-json\/wp\/v2\/product_tag?post=1339"}],"curies":[{"name":"wp","href":"https:\/\/api.w.org\/{rel}","templated":true}]}}