{"id":158,"date":"2024-09-07T09:06:49","date_gmt":"2024-09-07T07:06:49","guid":{"rendered":"https:\/\/www.tendance-ecolo-btob.fr\/?post_type=product&#038;p=158"},"modified":"2026-02-06T14:29:57","modified_gmt":"2026-02-06T13:29:57","slug":"carafe-vodan-1l","status":"publish","type":"product","link":"https:\/\/www.tendance-ecolo-btob.fr\/index.php\/product\/carafe-vodan-1l\/","title":{"rendered":"Carafe Vodan 1L"},"content":{"rendered":"<p>La carafe de table Vodan 1L en cristal sans plomb restructure et dynamise l&rsquo;eau ou vos boissons en 5 mn. gr\u00e2ce au proc\u00e9d\u00e9 TPS. Bouchon en bois et li\u00e8ge naturels non trait\u00e9s, non \u00e9tanche (fabrication artisanale).<\/p>\n<p><strong>-*La restructuration de l\u2019eau par le\u00a0<\/strong><a href=\"https:\/\/flaska.fr\/informations\/le-procede-tps\/\"><strong>proc\u00e9d\u00e9 TPS<\/strong><\/a><strong>\u00a0: Technologie de Programmation du Silicium\u00a0<\/strong>Avec les produits\u00a0<strong>Fla\u0161ka<\/strong>, nous rapprochons la structure vibratoire de l\u2019eau de sa structure originelle, c\u2019est-\u00e0-dire de l\u2019eau de source dans son environnement naturel, \u00e0 sa source. En utilisant le proc\u00e9d\u00e9 TPS, un programme vibratoire compos\u00e9 de diff\u00e9rents types d\u2019informations de la nature est imprim\u00e9 dans le verre des produits\u00a0<strong>Fla\u0161ka<\/strong>.<\/p>\n","protected":false},"excerpt":{"rendered":"<div class=\"flex max-w-full flex-col flex-grow\">\n<div class=\"min-h-[20px] text-message flex w-full flex-col items-end gap-2 whitespace-normal break-words [.text-message+&amp;]:mt-5 overflow-x-auto\" dir=\"auto\" data-message-author-role=\"assistant\" data-message-id=\"247fbf80-db7a-42e8-a237-98e046b89a44\">\n<div class=\"flex w-full flex-col gap-1 empty:hidden first:pt-[3px]\">\n<div class=\"markdown prose w-full break-words dark:prose-invert dark\">\n<div class=\"prod-details__carac prod-carac open\">\n<div class=\"prod-carac__wrapper\">\n<div class=\"prod-carac__desc\">\n<p class=\"prod-carac__title\">Caract\u00e9ristiques<\/p>\n<div class=\"prod-carac__anim\">\n<ul>\n<li>Carafe en cristal sans plomb, programm\u00e9 par le proc\u00e9d\u00e9 TPS<\/li>\n<li>Bouchon non \u00e9tanche en bois de h\u00eatre et li\u00e8ge expans\u00e9<\/li>\n<li>Fabrication artisanale en Autriche<\/li>\n<li>Contenance : 1L<\/li>\n<li>Poids de la carafe Vodan : 600g<\/li>\n<li>Dimensions Carafe Vodan 1l : hauteur 30cm, diam\u00e8tre 9cm<\/li>\n<li>Boite en carton<\/li>\n<\/ul>\n<\/div>\n<\/div>\n<\/div>\n<\/div>\n<p>Code EAN: 3830053621962<\/p>\n<\/div>\n<\/div>\n<\/div>\n<\/div>\n<div class=\"mt-1 flex gap-3 empty:hidden -ml-2\">\n<div class=\"items-center justify-start rounded-xl p-1 flex\">\n<div class=\"flex items-center\">\n<div class=\"flex items-center pb-0\">\n<div class=\"[&amp;_svg]:h-full [&amp;_svg]:w-full icon-md h-4 w-4\"><\/div>\n<\/div>\n<\/div>\n<\/div>\n<\/div>\n","protected":false},"featured_media":714,"template":"","meta":{"content-type":""},"product_brand":[],"product_cat":[21,59],"product_tag":[37,36,38],"class_list":{"0":"post-158","1":"product","2":"type-product","3":"status-publish","4":"has-post-thumbnail","6":"product_cat-flaska","7":"product_cat-carafe-vodan-1l","8":"product_tag-carafe-de-table","9":"product_tag-carafe-vodan","10":"product_tag-dynamisation-de-leau","12":"first","13":"instock","14":"featured","15":"taxable","16":"shipping-taxable","17":"purchasable","18":"product-type-simple"},"yoast_head":"<!-- This site is optimized with the Yoast SEO plugin v27.1.1 - https:\/\/yoast.com\/product\/yoast-seo-wordpress\/ -->\n<title>Carafe Vodan 1L - Tendance Ecolo B2B<\/title>\n<meta name=\"description\" content=\"Carafe de table Vodan 1L . Proc\u00e9d\u00e9 unique de programmation du verre pour dynamiser les mol\u00e9cules d&#039;eau . Site d\u00e9di\u00e9 aux professionnels .\" \/>\n<meta name=\"robots\" content=\"index, follow, max-snippet:-1, max-image-preview:large, max-video-preview:-1\" \/>\n<link rel=\"canonical\" href=\"https:\/\/www.tendance-ecolo-btob.fr\/index.php\/product\/carafe-vodan-1l\/\" \/>\n<meta property=\"og:locale\" content=\"fr_FR\" \/>\n<meta property=\"og:type\" content=\"article\" \/>\n<meta property=\"og:title\" content=\"Carafe Vodan 1L - Tendance Ecolo B2B\" \/>\n<meta property=\"og:description\" content=\"Carafe de table Vodan 1L . Proc\u00e9d\u00e9 unique de programmation du verre pour dynamiser les mol\u00e9cules d&#039;eau . Site d\u00e9di\u00e9 aux professionnels .\" \/>\n<meta property=\"og:url\" content=\"https:\/\/www.tendance-ecolo-btob.fr\/index.php\/product\/carafe-vodan-1l\/\" \/>\n<meta property=\"og:site_name\" content=\"Tendance Ecolo B2B\" \/>\n<meta property=\"article:modified_time\" content=\"2026-02-06T13:29:57+00:00\" \/>\n<meta property=\"og:image\" content=\"https:\/\/www.tendance-ecolo-btob.fr\/wp-content\/uploads\/2024\/09\/carafe-vodan.png\" \/>\n\t<meta property=\"og:image:width\" content=\"567\" \/>\n\t<meta property=\"og:image:height\" content=\"567\" \/>\n\t<meta property=\"og:image:type\" content=\"image\/png\" \/>\n<meta name=\"twitter:card\" content=\"summary_large_image\" \/>\n<meta name=\"twitter:label1\" content=\"Dur\u00e9e de lecture estim\u00e9e\" \/>\n\t<meta name=\"twitter:data1\" content=\"1 minute\" \/>\n<script type=\"application\/ld+json\" class=\"yoast-schema-graph\">{\"@context\":\"https:\/\/schema.org\",\"@graph\":[{\"@type\":\"WebPage\",\"@id\":\"https:\/\/www.tendance-ecolo-btob.fr\/index.php\/product\/carafe-vodan-1l\/\",\"url\":\"https:\/\/www.tendance-ecolo-btob.fr\/index.php\/product\/carafe-vodan-1l\/\",\"name\":\"Carafe Vodan 1L - Tendance Ecolo B2B\",\"isPartOf\":{\"@id\":\"https:\/\/www.tendance-ecolo-btob.fr\/#website\"},\"primaryImageOfPage\":{\"@id\":\"https:\/\/www.tendance-ecolo-btob.fr\/index.php\/product\/carafe-vodan-1l\/#primaryimage\"},\"image\":{\"@id\":\"https:\/\/www.tendance-ecolo-btob.fr\/index.php\/product\/carafe-vodan-1l\/#primaryimage\"},\"thumbnailUrl\":\"https:\/\/i0.wp.com\/www.tendance-ecolo-btob.fr\/wp-content\/uploads\/2024\/09\/carafe-vodan.png?fit=567%2C567&ssl=1\",\"datePublished\":\"2024-09-07T07:06:49+00:00\",\"dateModified\":\"2026-02-06T13:29:57+00:00\",\"description\":\"Carafe de table Vodan 1L . Proc\u00e9d\u00e9 unique de programmation du verre pour dynamiser les mol\u00e9cules d'eau . Site d\u00e9di\u00e9 aux professionnels .\",\"breadcrumb\":{\"@id\":\"https:\/\/www.tendance-ecolo-btob.fr\/index.php\/product\/carafe-vodan-1l\/#breadcrumb\"},\"inLanguage\":\"fr-FR\",\"potentialAction\":[{\"@type\":\"ReadAction\",\"target\":[\"https:\/\/www.tendance-ecolo-btob.fr\/index.php\/product\/carafe-vodan-1l\/\"]}]},{\"@type\":\"ImageObject\",\"inLanguage\":\"fr-FR\",\"@id\":\"https:\/\/www.tendance-ecolo-btob.fr\/index.php\/product\/carafe-vodan-1l\/#primaryimage\",\"url\":\"https:\/\/i0.wp.com\/www.tendance-ecolo-btob.fr\/wp-content\/uploads\/2024\/09\/carafe-vodan.png?fit=567%2C567&ssl=1\",\"contentUrl\":\"https:\/\/i0.wp.com\/www.tendance-ecolo-btob.fr\/wp-content\/uploads\/2024\/09\/carafe-vodan.png?fit=567%2C567&ssl=1\",\"width\":567,\"height\":567},{\"@type\":\"BreadcrumbList\",\"@id\":\"https:\/\/www.tendance-ecolo-btob.fr\/index.php\/product\/carafe-vodan-1l\/#breadcrumb\",\"itemListElement\":[{\"@type\":\"ListItem\",\"position\":1,\"name\":\"Accueil\",\"item\":\"https:\/\/www.tendance-ecolo-btob.fr\/\"},{\"@type\":\"ListItem\",\"position\":2,\"name\":\"Boutique\",\"item\":\"https:\/\/www.tendance-ecolo-btob.fr\/index.php\/boutique\/\"},{\"@type\":\"ListItem\",\"position\":3,\"name\":\"Carafe Vodan 1L\"}]},{\"@type\":\"WebSite\",\"@id\":\"https:\/\/www.tendance-ecolo-btob.fr\/#website\",\"url\":\"https:\/\/www.tendance-ecolo-btob.fr\/\",\"name\":\"Tendance Ecolo B2B\",\"description\":\"\",\"potentialAction\":[{\"@type\":\"SearchAction\",\"target\":{\"@type\":\"EntryPoint\",\"urlTemplate\":\"https:\/\/www.tendance-ecolo-btob.fr\/?s={search_term_string}\"},\"query-input\":{\"@type\":\"PropertyValueSpecification\",\"valueRequired\":true,\"valueName\":\"search_term_string\"}}],\"inLanguage\":\"fr-FR\"}]}<\/script>\n<!-- \/ Yoast SEO plugin. -->","yoast_head_json":{"title":"Carafe Vodan 1L - Tendance Ecolo B2B","description":"Carafe de table Vodan 1L . Proc\u00e9d\u00e9 unique de programmation du verre pour dynamiser les mol\u00e9cules d'eau . Site d\u00e9di\u00e9 aux professionnels .","robots":{"index":"index","follow":"follow","max-snippet":"max-snippet:-1","max-image-preview":"max-image-preview:large","max-video-preview":"max-video-preview:-1"},"canonical":"https:\/\/www.tendance-ecolo-btob.fr\/index.php\/product\/carafe-vodan-1l\/","og_locale":"fr_FR","og_type":"article","og_title":"Carafe Vodan 1L - Tendance Ecolo B2B","og_description":"Carafe de table Vodan 1L . Proc\u00e9d\u00e9 unique de programmation du verre pour dynamiser les mol\u00e9cules d'eau . Site d\u00e9di\u00e9 aux professionnels .","og_url":"https:\/\/www.tendance-ecolo-btob.fr\/index.php\/product\/carafe-vodan-1l\/","og_site_name":"Tendance Ecolo B2B","article_modified_time":"2026-02-06T13:29:57+00:00","og_image":[{"width":567,"height":567,"url":"https:\/\/www.tendance-ecolo-btob.fr\/wp-content\/uploads\/2024\/09\/carafe-vodan.png","type":"image\/png"}],"twitter_card":"summary_large_image","twitter_misc":{"Dur\u00e9e de lecture estim\u00e9e":"1 minute"},"schema":{"@context":"https:\/\/schema.org","@graph":[{"@type":"WebPage","@id":"https:\/\/www.tendance-ecolo-btob.fr\/index.php\/product\/carafe-vodan-1l\/","url":"https:\/\/www.tendance-ecolo-btob.fr\/index.php\/product\/carafe-vodan-1l\/","name":"Carafe Vodan 1L - Tendance Ecolo B2B","isPartOf":{"@id":"https:\/\/www.tendance-ecolo-btob.fr\/#website"},"primaryImageOfPage":{"@id":"https:\/\/www.tendance-ecolo-btob.fr\/index.php\/product\/carafe-vodan-1l\/#primaryimage"},"image":{"@id":"https:\/\/www.tendance-ecolo-btob.fr\/index.php\/product\/carafe-vodan-1l\/#primaryimage"},"thumbnailUrl":"https:\/\/i0.wp.com\/www.tendance-ecolo-btob.fr\/wp-content\/uploads\/2024\/09\/carafe-vodan.png?fit=567%2C567&ssl=1","datePublished":"2024-09-07T07:06:49+00:00","dateModified":"2026-02-06T13:29:57+00:00","description":"Carafe de table Vodan 1L . Proc\u00e9d\u00e9 unique de programmation du verre pour dynamiser les mol\u00e9cules d'eau . Site d\u00e9di\u00e9 aux professionnels .","breadcrumb":{"@id":"https:\/\/www.tendance-ecolo-btob.fr\/index.php\/product\/carafe-vodan-1l\/#breadcrumb"},"inLanguage":"fr-FR","potentialAction":[{"@type":"ReadAction","target":["https:\/\/www.tendance-ecolo-btob.fr\/index.php\/product\/carafe-vodan-1l\/"]}]},{"@type":"ImageObject","inLanguage":"fr-FR","@id":"https:\/\/www.tendance-ecolo-btob.fr\/index.php\/product\/carafe-vodan-1l\/#primaryimage","url":"https:\/\/i0.wp.com\/www.tendance-ecolo-btob.fr\/wp-content\/uploads\/2024\/09\/carafe-vodan.png?fit=567%2C567&ssl=1","contentUrl":"https:\/\/i0.wp.com\/www.tendance-ecolo-btob.fr\/wp-content\/uploads\/2024\/09\/carafe-vodan.png?fit=567%2C567&ssl=1","width":567,"height":567},{"@type":"BreadcrumbList","@id":"https:\/\/www.tendance-ecolo-btob.fr\/index.php\/product\/carafe-vodan-1l\/#breadcrumb","itemListElement":[{"@type":"ListItem","position":1,"name":"Accueil","item":"https:\/\/www.tendance-ecolo-btob.fr\/"},{"@type":"ListItem","position":2,"name":"Boutique","item":"https:\/\/www.tendance-ecolo-btob.fr\/index.php\/boutique\/"},{"@type":"ListItem","position":3,"name":"Carafe Vodan 1L"}]},{"@type":"WebSite","@id":"https:\/\/www.tendance-ecolo-btob.fr\/#website","url":"https:\/\/www.tendance-ecolo-btob.fr\/","name":"Tendance Ecolo B2B","description":"","potentialAction":[{"@type":"SearchAction","target":{"@type":"EntryPoint","urlTemplate":"https:\/\/www.tendance-ecolo-btob.fr\/?s={search_term_string}"},"query-input":{"@type":"PropertyValueSpecification","valueRequired":true,"valueName":"search_term_string"}}],"inLanguage":"fr-FR"}]}},"jetpack_sharing_enabled":true,"_links":{"self":[{"href":"https:\/\/www.tendance-ecolo-btob.fr\/index.php\/wp-json\/wp\/v2\/product\/158","targetHints":{"allow":["GET"]}}],"collection":[{"href":"https:\/\/www.tendance-ecolo-btob.fr\/index.php\/wp-json\/wp\/v2\/product"}],"about":[{"href":"https:\/\/www.tendance-ecolo-btob.fr\/index.php\/wp-json\/wp\/v2\/types\/product"}],"wp:featuredmedia":[{"embeddable":true,"href":"https:\/\/www.tendance-ecolo-btob.fr\/index.php\/wp-json\/wp\/v2\/media\/714"}],"wp:attachment":[{"href":"https:\/\/www.tendance-ecolo-btob.fr\/index.php\/wp-json\/wp\/v2\/media?parent=158"}],"wp:term":[{"taxonomy":"product_brand","embeddable":true,"href":"https:\/\/www.tendance-ecolo-btob.fr\/index.php\/wp-json\/wp\/v2\/product_brand?post=158"},{"taxonomy":"product_cat","embeddable":true,"href":"https:\/\/www.tendance-ecolo-btob.fr\/index.php\/wp-json\/wp\/v2\/product_cat?post=158"},{"taxonomy":"product_tag","embeddable":true,"href":"https:\/\/www.tendance-ecolo-btob.fr\/index.php\/wp-json\/wp\/v2\/product_tag?post=158"}],"curies":[{"name":"wp","href":"https:\/\/api.w.org\/{rel}","templated":true}]}}