{"id":771,"date":"2025-02-20T21:58:29","date_gmt":"2025-02-20T20:58:29","guid":{"rendered":"https:\/\/www.tendance-ecolo-btob.fr\/?post_type=product&#038;p=771"},"modified":"2026-03-19T20:59:38","modified_gmt":"2026-03-19T19:59:38","slug":"kit-lacto-fermentation-1-4l-bleu","status":"publish","type":"product","link":"https:\/\/www.tendance-ecolo-btob.fr\/index.php\/product\/kit-lacto-fermentation-1-4l-bleu\/","title":{"rendered":"Kit lacto-fermentation 1.4L Bleu"},"content":{"rendered":"<p><span style=\"color: #000000;\">Pourquoi la lacto-fermentation :<\/span><\/p>\n<p><span style=\"color: #000000;\">Les l\u00e9gumes ferment\u00e9s regorgent de micro-organismes positifs, de nutriments et sont absorb\u00e9s plus facilement que les l\u00e9gumes frais. La consommation r\u00e9guli\u00e8re d&rsquo;aliments ferment\u00e9s peut avoir des effets positifs sur la sant\u00e9 intestinale, la gestion du taux de cholest\u00e9rol, le renforcement du syst\u00e8me immunitaire, la r\u00e9gulation de l&rsquo;app\u00e9tit, la perte de poids et bien d&rsquo;autres.<\/span><\/p>\n","protected":false},"excerpt":{"rendered":"<p><span style=\"color: #000000;\">Kit lacto-fermentation bleu 1.4L comprenant :<\/span><\/p>\n<p><span style=\"color: #000000;\">-Bocal en verre <\/span><\/p>\n<p><span style=\"color: #000000;\">-Couvercle sup\u00e9rieur avec neutralisateur d\u2019odeurs (pastille de charbon actif)<\/span><\/p>\n<p><span style=\"color: #000000;\">-Couvercle inf\u00e9rieur avec\u00a0 clapet anti-retour pour la lib\u00e9ration des gaz ( emp\u00eache l&rsquo;air de p\u00e9n\u00e9trer \u00e0 l&rsquo;int\u00e9rieur).<\/span><\/p>\n<p><span style=\"color: #000000;\">-Pompe en silicone pour faire le vide et une fermentation optimale,\u00a0 horloge de fermentation : suivez le jour de d\u00e9but de votre fermentation pour de meilleurs r\u00e9sultats.\u00a0<\/span><\/p>\n<p><span style=\"color: #000000;\">-Ressort en acier inoxydable pour pousser le ferment avec plus de force .<\/span><\/p>\n<p><span style=\"color: #000000;\">-Poids en verre \u00e9pais pour garder les v\u00e9g\u00e9taux immerg\u00e9s.<\/span><\/p>\n<p><span style=\"color: #000000;\">-Pince<\/span> <span style=\"color: #000000;\">et manuel d&rsquo;utilisation.<\/span><\/p>\n<p><span style=\"color: #000000;\">Code EAN: <span style=\"color: #008000;\">3830063021042<\/span><\/span><\/p>\n","protected":false},"featured_media":782,"template":"","meta":{"content-type":""},"product_brand":[],"product_cat":[19,30],"product_tag":[42],"class_list":{"0":"post-771","1":"product","2":"type-product","3":"status-publish","4":"has-post-thumbnail","6":"product_cat-kefirko","7":"product_cat-nos-kits-lactofermentation","8":"product_tag-kit-lacto-fermentation-kefirko","10":"first","11":"instock","12":"taxable","13":"shipping-taxable","14":"purchasable","15":"product-type-simple"},"yoast_head":"<!-- This site is optimized with the Yoast SEO plugin v27.1.1 - https:\/\/yoast.com\/product\/yoast-seo-wordpress\/ -->\n<title>Kit lacto-fermentation 1.4L Bleu - Tendance Ecolo B2B<\/title>\n<meta name=\"description\" content=\"Kit lacto fermentation kefirko\u00ae, bocal en verre de 1.4L avec bouchon sp\u00e9cifique , ressort et poids en verre pour une fermentation optimale de vos l\u00e9gumes !\" \/>\n<meta name=\"robots\" content=\"index, follow, max-snippet:-1, max-image-preview:large, max-video-preview:-1\" \/>\n<link rel=\"canonical\" href=\"https:\/\/www.tendance-ecolo-btob.fr\/index.php\/product\/kit-lacto-fermentation-1-4l-bleu\/\" \/>\n<meta property=\"og:locale\" content=\"fr_FR\" \/>\n<meta property=\"og:type\" content=\"article\" \/>\n<meta property=\"og:title\" content=\"Kit lacto-fermentation 1.4L Bleu - Tendance Ecolo B2B\" \/>\n<meta property=\"og:description\" content=\"Kit lacto fermentation kefirko\u00ae, bocal en verre de 1.4L avec bouchon sp\u00e9cifique , ressort et poids en verre pour une fermentation optimale de vos l\u00e9gumes !\" \/>\n<meta property=\"og:url\" content=\"https:\/\/www.tendance-ecolo-btob.fr\/index.php\/product\/kit-lacto-fermentation-1-4l-bleu\/\" \/>\n<meta property=\"og:site_name\" content=\"Tendance Ecolo B2B\" \/>\n<meta property=\"article:modified_time\" content=\"2026-03-19T19:59:38+00:00\" \/>\n<meta property=\"og:image\" content=\"https:\/\/www.tendance-ecolo-btob.fr\/wp-content\/uploads\/2025\/03\/Veggie-fermenter-14l-INC-Center-2-1024x723.png\" \/>\n\t<meta property=\"og:image:width\" content=\"1024\" \/>\n\t<meta property=\"og:image:height\" content=\"723\" \/>\n\t<meta property=\"og:image:type\" content=\"image\/png\" \/>\n<meta name=\"twitter:card\" content=\"summary_large_image\" \/>\n<meta name=\"twitter:label1\" content=\"Dur\u00e9e de lecture estim\u00e9e\" \/>\n\t<meta name=\"twitter:data1\" content=\"1 minute\" \/>\n<script type=\"application\/ld+json\" class=\"yoast-schema-graph\">{\"@context\":\"https:\/\/schema.org\",\"@graph\":[{\"@type\":\"WebPage\",\"@id\":\"https:\/\/www.tendance-ecolo-btob.fr\/index.php\/product\/kit-lacto-fermentation-1-4l-bleu\/\",\"url\":\"https:\/\/www.tendance-ecolo-btob.fr\/index.php\/product\/kit-lacto-fermentation-1-4l-bleu\/\",\"name\":\"Kit lacto-fermentation 1.4L Bleu - Tendance Ecolo B2B\",\"isPartOf\":{\"@id\":\"https:\/\/www.tendance-ecolo-btob.fr\/#website\"},\"primaryImageOfPage\":{\"@id\":\"https:\/\/www.tendance-ecolo-btob.fr\/index.php\/product\/kit-lacto-fermentation-1-4l-bleu\/#primaryimage\"},\"image\":{\"@id\":\"https:\/\/www.tendance-ecolo-btob.fr\/index.php\/product\/kit-lacto-fermentation-1-4l-bleu\/#primaryimage\"},\"thumbnailUrl\":\"https:\/\/i0.wp.com\/www.tendance-ecolo-btob.fr\/wp-content\/uploads\/2025\/03\/Veggie-fermenter-14l-INC-Center-2.png?fit=3840%2C2712&ssl=1\",\"datePublished\":\"2025-02-20T20:58:29+00:00\",\"dateModified\":\"2026-03-19T19:59:38+00:00\",\"description\":\"Kit lacto fermentation kefirko\u00ae, bocal en verre de 1.4L avec bouchon sp\u00e9cifique , ressort et poids en verre pour une fermentation optimale de vos l\u00e9gumes !\",\"breadcrumb\":{\"@id\":\"https:\/\/www.tendance-ecolo-btob.fr\/index.php\/product\/kit-lacto-fermentation-1-4l-bleu\/#breadcrumb\"},\"inLanguage\":\"fr-FR\",\"potentialAction\":[{\"@type\":\"ReadAction\",\"target\":[\"https:\/\/www.tendance-ecolo-btob.fr\/index.php\/product\/kit-lacto-fermentation-1-4l-bleu\/\"]}]},{\"@type\":\"ImageObject\",\"inLanguage\":\"fr-FR\",\"@id\":\"https:\/\/www.tendance-ecolo-btob.fr\/index.php\/product\/kit-lacto-fermentation-1-4l-bleu\/#primaryimage\",\"url\":\"https:\/\/i0.wp.com\/www.tendance-ecolo-btob.fr\/wp-content\/uploads\/2025\/03\/Veggie-fermenter-14l-INC-Center-2.png?fit=3840%2C2712&ssl=1\",\"contentUrl\":\"https:\/\/i0.wp.com\/www.tendance-ecolo-btob.fr\/wp-content\/uploads\/2025\/03\/Veggie-fermenter-14l-INC-Center-2.png?fit=3840%2C2712&ssl=1\",\"width\":3840,\"height\":2712},{\"@type\":\"BreadcrumbList\",\"@id\":\"https:\/\/www.tendance-ecolo-btob.fr\/index.php\/product\/kit-lacto-fermentation-1-4l-bleu\/#breadcrumb\",\"itemListElement\":[{\"@type\":\"ListItem\",\"position\":1,\"name\":\"Accueil\",\"item\":\"https:\/\/www.tendance-ecolo-btob.fr\/\"},{\"@type\":\"ListItem\",\"position\":2,\"name\":\"Boutique\",\"item\":\"https:\/\/www.tendance-ecolo-btob.fr\/index.php\/boutique\/\"},{\"@type\":\"ListItem\",\"position\":3,\"name\":\"Kit lacto-fermentation 1.4L Bleu\"}]},{\"@type\":\"WebSite\",\"@id\":\"https:\/\/www.tendance-ecolo-btob.fr\/#website\",\"url\":\"https:\/\/www.tendance-ecolo-btob.fr\/\",\"name\":\"Tendance Ecolo B2B\",\"description\":\"\",\"potentialAction\":[{\"@type\":\"SearchAction\",\"target\":{\"@type\":\"EntryPoint\",\"urlTemplate\":\"https:\/\/www.tendance-ecolo-btob.fr\/?s={search_term_string}\"},\"query-input\":{\"@type\":\"PropertyValueSpecification\",\"valueRequired\":true,\"valueName\":\"search_term_string\"}}],\"inLanguage\":\"fr-FR\"}]}<\/script>\n<!-- \/ Yoast SEO plugin. -->","yoast_head_json":{"title":"Kit lacto-fermentation 1.4L Bleu - Tendance Ecolo B2B","description":"Kit lacto fermentation kefirko\u00ae, bocal en verre de 1.4L avec bouchon sp\u00e9cifique , ressort et poids en verre pour une fermentation optimale de vos l\u00e9gumes !","robots":{"index":"index","follow":"follow","max-snippet":"max-snippet:-1","max-image-preview":"max-image-preview:large","max-video-preview":"max-video-preview:-1"},"canonical":"https:\/\/www.tendance-ecolo-btob.fr\/index.php\/product\/kit-lacto-fermentation-1-4l-bleu\/","og_locale":"fr_FR","og_type":"article","og_title":"Kit lacto-fermentation 1.4L Bleu - Tendance Ecolo B2B","og_description":"Kit lacto fermentation kefirko\u00ae, bocal en verre de 1.4L avec bouchon sp\u00e9cifique , ressort et poids en verre pour une fermentation optimale de vos l\u00e9gumes !","og_url":"https:\/\/www.tendance-ecolo-btob.fr\/index.php\/product\/kit-lacto-fermentation-1-4l-bleu\/","og_site_name":"Tendance Ecolo B2B","article_modified_time":"2026-03-19T19:59:38+00:00","og_image":[{"width":1024,"height":723,"url":"https:\/\/www.tendance-ecolo-btob.fr\/wp-content\/uploads\/2025\/03\/Veggie-fermenter-14l-INC-Center-2-1024x723.png","type":"image\/png"}],"twitter_card":"summary_large_image","twitter_misc":{"Dur\u00e9e de lecture estim\u00e9e":"1 minute"},"schema":{"@context":"https:\/\/schema.org","@graph":[{"@type":"WebPage","@id":"https:\/\/www.tendance-ecolo-btob.fr\/index.php\/product\/kit-lacto-fermentation-1-4l-bleu\/","url":"https:\/\/www.tendance-ecolo-btob.fr\/index.php\/product\/kit-lacto-fermentation-1-4l-bleu\/","name":"Kit lacto-fermentation 1.4L Bleu - Tendance Ecolo B2B","isPartOf":{"@id":"https:\/\/www.tendance-ecolo-btob.fr\/#website"},"primaryImageOfPage":{"@id":"https:\/\/www.tendance-ecolo-btob.fr\/index.php\/product\/kit-lacto-fermentation-1-4l-bleu\/#primaryimage"},"image":{"@id":"https:\/\/www.tendance-ecolo-btob.fr\/index.php\/product\/kit-lacto-fermentation-1-4l-bleu\/#primaryimage"},"thumbnailUrl":"https:\/\/i0.wp.com\/www.tendance-ecolo-btob.fr\/wp-content\/uploads\/2025\/03\/Veggie-fermenter-14l-INC-Center-2.png?fit=3840%2C2712&ssl=1","datePublished":"2025-02-20T20:58:29+00:00","dateModified":"2026-03-19T19:59:38+00:00","description":"Kit lacto fermentation kefirko\u00ae, bocal en verre de 1.4L avec bouchon sp\u00e9cifique , ressort et poids en verre pour une fermentation optimale de vos l\u00e9gumes !","breadcrumb":{"@id":"https:\/\/www.tendance-ecolo-btob.fr\/index.php\/product\/kit-lacto-fermentation-1-4l-bleu\/#breadcrumb"},"inLanguage":"fr-FR","potentialAction":[{"@type":"ReadAction","target":["https:\/\/www.tendance-ecolo-btob.fr\/index.php\/product\/kit-lacto-fermentation-1-4l-bleu\/"]}]},{"@type":"ImageObject","inLanguage":"fr-FR","@id":"https:\/\/www.tendance-ecolo-btob.fr\/index.php\/product\/kit-lacto-fermentation-1-4l-bleu\/#primaryimage","url":"https:\/\/i0.wp.com\/www.tendance-ecolo-btob.fr\/wp-content\/uploads\/2025\/03\/Veggie-fermenter-14l-INC-Center-2.png?fit=3840%2C2712&ssl=1","contentUrl":"https:\/\/i0.wp.com\/www.tendance-ecolo-btob.fr\/wp-content\/uploads\/2025\/03\/Veggie-fermenter-14l-INC-Center-2.png?fit=3840%2C2712&ssl=1","width":3840,"height":2712},{"@type":"BreadcrumbList","@id":"https:\/\/www.tendance-ecolo-btob.fr\/index.php\/product\/kit-lacto-fermentation-1-4l-bleu\/#breadcrumb","itemListElement":[{"@type":"ListItem","position":1,"name":"Accueil","item":"https:\/\/www.tendance-ecolo-btob.fr\/"},{"@type":"ListItem","position":2,"name":"Boutique","item":"https:\/\/www.tendance-ecolo-btob.fr\/index.php\/boutique\/"},{"@type":"ListItem","position":3,"name":"Kit lacto-fermentation 1.4L Bleu"}]},{"@type":"WebSite","@id":"https:\/\/www.tendance-ecolo-btob.fr\/#website","url":"https:\/\/www.tendance-ecolo-btob.fr\/","name":"Tendance Ecolo B2B","description":"","potentialAction":[{"@type":"SearchAction","target":{"@type":"EntryPoint","urlTemplate":"https:\/\/www.tendance-ecolo-btob.fr\/?s={search_term_string}"},"query-input":{"@type":"PropertyValueSpecification","valueRequired":true,"valueName":"search_term_string"}}],"inLanguage":"fr-FR"}]}},"jetpack_sharing_enabled":true,"_links":{"self":[{"href":"https:\/\/www.tendance-ecolo-btob.fr\/index.php\/wp-json\/wp\/v2\/product\/771","targetHints":{"allow":["GET"]}}],"collection":[{"href":"https:\/\/www.tendance-ecolo-btob.fr\/index.php\/wp-json\/wp\/v2\/product"}],"about":[{"href":"https:\/\/www.tendance-ecolo-btob.fr\/index.php\/wp-json\/wp\/v2\/types\/product"}],"wp:featuredmedia":[{"embeddable":true,"href":"https:\/\/www.tendance-ecolo-btob.fr\/index.php\/wp-json\/wp\/v2\/media\/782"}],"wp:attachment":[{"href":"https:\/\/www.tendance-ecolo-btob.fr\/index.php\/wp-json\/wp\/v2\/media?parent=771"}],"wp:term":[{"taxonomy":"product_brand","embeddable":true,"href":"https:\/\/www.tendance-ecolo-btob.fr\/index.php\/wp-json\/wp\/v2\/product_brand?post=771"},{"taxonomy":"product_cat","embeddable":true,"href":"https:\/\/www.tendance-ecolo-btob.fr\/index.php\/wp-json\/wp\/v2\/product_cat?post=771"},{"taxonomy":"product_tag","embeddable":true,"href":"https:\/\/www.tendance-ecolo-btob.fr\/index.php\/wp-json\/wp\/v2\/product_tag?post=771"}],"curies":[{"name":"wp","href":"https:\/\/api.w.org\/{rel}","templated":true}]}}