{"id":825,"date":"2025-03-13T12:23:19","date_gmt":"2025-03-13T11:23:19","guid":{"rendered":"https:\/\/www.tendance-ecolo-btob.fr\/?post_type=product&#038;p=825"},"modified":"2026-04-14T21:46:57","modified_gmt":"2026-04-14T19:46:57","slug":"souche-levain-15g","status":"publish","type":"product","link":"https:\/\/www.tendance-ecolo-btob.fr\/index.php\/product\/souche-levain-15g\/","title":{"rendered":"Souche Levain 15G"},"content":{"rendered":"<ul>\n<li><strong>Simple \u00e0 utiliser\u00a0: <\/strong><\/li>\n<\/ul>\n<p>Id\u00e9al pour les boulangers d\u00e9butants ou chevronn\u00e9s, notre levain biologique est incroyablement indulgent et adapt\u00e9 aux d\u00e9butants. Cette culture d\u00e9shydrat\u00e9e permet de conna\u00eetre le processus d\u2019alimentation de votre d\u00e9marreur avant de vous lancer dans la p\u00e2tisserie.<\/p>\n<ul>\n<li><strong>S\u00fbr <\/strong><\/li>\n<\/ul>\n<p>Notre levain est fabriqu\u00e9 dans un environnement contr\u00f4l\u00e9 et test\u00e9 pour les agents pathog\u00e8nes.<\/p>\n<ul>\n<li><strong>Bon pour la sant\u00e9\u00a0:<\/strong><\/li>\n<\/ul>\n<p>Les p\u00e2tisseries au levain sont non seulement d\u00e9licieuses, mais aussi excellentes pour la sant\u00e9. Le levain contient une vari\u00e9t\u00e9 de vitamines, de nutriments, d\u2019antioxydants et de min\u00e9raux, ce qui le rend extr\u00eamement b\u00e9n\u00e9fique pour votre sant\u00e9 au quotidien.<\/p>\n<ul>\n<li><strong>Cr\u00e9atif\u00a0: <\/strong><\/li>\n<\/ul>\n<p>Au-del\u00e0 du pain, le levain est parfait pour pr\u00e9parer de d\u00e9licieux crackers, pizzas, p\u00e2tisseries, pain aux bananes, petits pains, pains de mie et bien plus encore.<\/p>\n","protected":false},"excerpt":{"rendered":"<p>Notre levain sec est \u00e0 base d\u2019ingr\u00e9dients naturels et frais de haute qualit\u00e9. Il est soigneusement pr\u00e9par\u00e9 pour pr\u00e9server son int\u00e9grit\u00e9 et sa vitalit\u00e9.<\/p>\n<p>Fabriqu\u00e9 \u00e0 partir de levures naturelles et de bact\u00e9ries lactiques pr\u00e9sentes dans la farine, chaque sachet contient de la vie dormante, pr\u00eate \u00e0 \u00eatre r\u00e9veill\u00e9e avec de l\u2019eau.<\/p>\n<p>Une fois r\u00e9hydrat\u00e9, notre levain sec devient vif et savoureux. Il rajoute une profondeur piquante unique au levain authentique. Les micro-organismes qui fermentent donnent vie \u00e0 votre p\u00e2te, cr\u00e9ant de d\u00e9licieux ar\u00f4mes, saveurs et textures qui captiveront votre palais.<\/p>\n<p>Certifi\u00e9 bio.<\/p>\n<p>Code EAN : 3830063021394<\/p>\n","protected":false},"featured_media":595,"template":"","meta":{"content-type":""},"product_brand":[],"product_cat":[19,44],"product_tag":[],"class_list":{"0":"post-825","1":"product","2":"type-product","3":"status-publish","4":"has-post-thumbnail","6":"product_cat-kefirko","7":"product_cat-nos-souches","9":"first","10":"instock","11":"taxable","12":"shipping-taxable","13":"purchasable","14":"product-type-simple"},"yoast_head":"<!-- This site is optimized with the Yoast SEO plugin v27.1.1 - https:\/\/yoast.com\/product\/yoast-seo-wordpress\/ -->\n<title>Souche Levain 15G - Tendance Ecolo B2B<\/title>\n<meta name=\"description\" content=\"Souche starter de levain d\u00e9shydrat\u00e9 bio 15G\" \/>\n<meta name=\"robots\" content=\"index, follow, max-snippet:-1, max-image-preview:large, max-video-preview:-1\" \/>\n<link rel=\"canonical\" href=\"https:\/\/www.tendance-ecolo-btob.fr\/index.php\/product\/souche-levain-15g\/\" \/>\n<meta property=\"og:locale\" content=\"fr_FR\" \/>\n<meta property=\"og:type\" content=\"article\" \/>\n<meta property=\"og:title\" content=\"Souche Levain 15G - Tendance Ecolo B2B\" \/>\n<meta property=\"og:description\" content=\"Souche starter de levain d\u00e9shydrat\u00e9 bio 15G\" \/>\n<meta property=\"og:url\" content=\"https:\/\/www.tendance-ecolo-btob.fr\/index.php\/product\/souche-levain-15g\/\" \/>\n<meta property=\"og:site_name\" content=\"Tendance Ecolo B2B\" \/>\n<meta property=\"article:modified_time\" content=\"2026-04-14T19:46:57+00:00\" \/>\n<meta property=\"og:image\" content=\"https:\/\/www.tendance-ecolo-btob.fr\/wp-content\/uploads\/2024\/09\/Design-sans-titre-5-1.jpg\" \/>\n\t<meta property=\"og:image:width\" content=\"1200\" \/>\n\t<meta property=\"og:image:height\" content=\"1800\" \/>\n\t<meta property=\"og:image:type\" content=\"image\/jpeg\" \/>\n<meta name=\"twitter:card\" content=\"summary_large_image\" \/>\n<meta name=\"twitter:label1\" content=\"Dur\u00e9e de lecture estim\u00e9e\" \/>\n\t<meta name=\"twitter:data1\" content=\"1 minute\" \/>\n<script type=\"application\/ld+json\" class=\"yoast-schema-graph\">{\"@context\":\"https:\/\/schema.org\",\"@graph\":[{\"@type\":\"WebPage\",\"@id\":\"https:\/\/www.tendance-ecolo-btob.fr\/index.php\/product\/souche-levain-15g\/\",\"url\":\"https:\/\/www.tendance-ecolo-btob.fr\/index.php\/product\/souche-levain-15g\/\",\"name\":\"Souche Levain 15G - Tendance Ecolo B2B\",\"isPartOf\":{\"@id\":\"https:\/\/www.tendance-ecolo-btob.fr\/#website\"},\"primaryImageOfPage\":{\"@id\":\"https:\/\/www.tendance-ecolo-btob.fr\/index.php\/product\/souche-levain-15g\/#primaryimage\"},\"image\":{\"@id\":\"https:\/\/www.tendance-ecolo-btob.fr\/index.php\/product\/souche-levain-15g\/#primaryimage\"},\"thumbnailUrl\":\"https:\/\/i0.wp.com\/www.tendance-ecolo-btob.fr\/wp-content\/uploads\/2024\/09\/Design-sans-titre-5-1.jpg?fit=1200%2C1800&ssl=1\",\"datePublished\":\"2025-03-13T11:23:19+00:00\",\"dateModified\":\"2026-04-14T19:46:57+00:00\",\"description\":\"Souche starter de levain d\u00e9shydrat\u00e9 bio 15G\",\"breadcrumb\":{\"@id\":\"https:\/\/www.tendance-ecolo-btob.fr\/index.php\/product\/souche-levain-15g\/#breadcrumb\"},\"inLanguage\":\"fr-FR\",\"potentialAction\":[{\"@type\":\"ReadAction\",\"target\":[\"https:\/\/www.tendance-ecolo-btob.fr\/index.php\/product\/souche-levain-15g\/\"]}]},{\"@type\":\"ImageObject\",\"inLanguage\":\"fr-FR\",\"@id\":\"https:\/\/www.tendance-ecolo-btob.fr\/index.php\/product\/souche-levain-15g\/#primaryimage\",\"url\":\"https:\/\/i0.wp.com\/www.tendance-ecolo-btob.fr\/wp-content\/uploads\/2024\/09\/Design-sans-titre-5-1.jpg?fit=1200%2C1800&ssl=1\",\"contentUrl\":\"https:\/\/i0.wp.com\/www.tendance-ecolo-btob.fr\/wp-content\/uploads\/2024\/09\/Design-sans-titre-5-1.jpg?fit=1200%2C1800&ssl=1\",\"width\":1200,\"height\":1800},{\"@type\":\"BreadcrumbList\",\"@id\":\"https:\/\/www.tendance-ecolo-btob.fr\/index.php\/product\/souche-levain-15g\/#breadcrumb\",\"itemListElement\":[{\"@type\":\"ListItem\",\"position\":1,\"name\":\"Accueil\",\"item\":\"https:\/\/www.tendance-ecolo-btob.fr\/\"},{\"@type\":\"ListItem\",\"position\":2,\"name\":\"Boutique\",\"item\":\"https:\/\/www.tendance-ecolo-btob.fr\/index.php\/boutique\/\"},{\"@type\":\"ListItem\",\"position\":3,\"name\":\"Souche Levain 15G\"}]},{\"@type\":\"WebSite\",\"@id\":\"https:\/\/www.tendance-ecolo-btob.fr\/#website\",\"url\":\"https:\/\/www.tendance-ecolo-btob.fr\/\",\"name\":\"Tendance Ecolo B2B\",\"description\":\"\",\"potentialAction\":[{\"@type\":\"SearchAction\",\"target\":{\"@type\":\"EntryPoint\",\"urlTemplate\":\"https:\/\/www.tendance-ecolo-btob.fr\/?s={search_term_string}\"},\"query-input\":{\"@type\":\"PropertyValueSpecification\",\"valueRequired\":true,\"valueName\":\"search_term_string\"}}],\"inLanguage\":\"fr-FR\"}]}<\/script>\n<!-- \/ Yoast SEO plugin. -->","yoast_head_json":{"title":"Souche Levain 15G - Tendance Ecolo B2B","description":"Souche starter de levain d\u00e9shydrat\u00e9 bio 15G","robots":{"index":"index","follow":"follow","max-snippet":"max-snippet:-1","max-image-preview":"max-image-preview:large","max-video-preview":"max-video-preview:-1"},"canonical":"https:\/\/www.tendance-ecolo-btob.fr\/index.php\/product\/souche-levain-15g\/","og_locale":"fr_FR","og_type":"article","og_title":"Souche Levain 15G - Tendance Ecolo B2B","og_description":"Souche starter de levain d\u00e9shydrat\u00e9 bio 15G","og_url":"https:\/\/www.tendance-ecolo-btob.fr\/index.php\/product\/souche-levain-15g\/","og_site_name":"Tendance Ecolo B2B","article_modified_time":"2026-04-14T19:46:57+00:00","og_image":[{"width":1200,"height":1800,"url":"https:\/\/www.tendance-ecolo-btob.fr\/wp-content\/uploads\/2024\/09\/Design-sans-titre-5-1.jpg","type":"image\/jpeg"}],"twitter_card":"summary_large_image","twitter_misc":{"Dur\u00e9e de lecture estim\u00e9e":"1 minute"},"schema":{"@context":"https:\/\/schema.org","@graph":[{"@type":"WebPage","@id":"https:\/\/www.tendance-ecolo-btob.fr\/index.php\/product\/souche-levain-15g\/","url":"https:\/\/www.tendance-ecolo-btob.fr\/index.php\/product\/souche-levain-15g\/","name":"Souche Levain 15G - Tendance Ecolo B2B","isPartOf":{"@id":"https:\/\/www.tendance-ecolo-btob.fr\/#website"},"primaryImageOfPage":{"@id":"https:\/\/www.tendance-ecolo-btob.fr\/index.php\/product\/souche-levain-15g\/#primaryimage"},"image":{"@id":"https:\/\/www.tendance-ecolo-btob.fr\/index.php\/product\/souche-levain-15g\/#primaryimage"},"thumbnailUrl":"https:\/\/i0.wp.com\/www.tendance-ecolo-btob.fr\/wp-content\/uploads\/2024\/09\/Design-sans-titre-5-1.jpg?fit=1200%2C1800&ssl=1","datePublished":"2025-03-13T11:23:19+00:00","dateModified":"2026-04-14T19:46:57+00:00","description":"Souche starter de levain d\u00e9shydrat\u00e9 bio 15G","breadcrumb":{"@id":"https:\/\/www.tendance-ecolo-btob.fr\/index.php\/product\/souche-levain-15g\/#breadcrumb"},"inLanguage":"fr-FR","potentialAction":[{"@type":"ReadAction","target":["https:\/\/www.tendance-ecolo-btob.fr\/index.php\/product\/souche-levain-15g\/"]}]},{"@type":"ImageObject","inLanguage":"fr-FR","@id":"https:\/\/www.tendance-ecolo-btob.fr\/index.php\/product\/souche-levain-15g\/#primaryimage","url":"https:\/\/i0.wp.com\/www.tendance-ecolo-btob.fr\/wp-content\/uploads\/2024\/09\/Design-sans-titre-5-1.jpg?fit=1200%2C1800&ssl=1","contentUrl":"https:\/\/i0.wp.com\/www.tendance-ecolo-btob.fr\/wp-content\/uploads\/2024\/09\/Design-sans-titre-5-1.jpg?fit=1200%2C1800&ssl=1","width":1200,"height":1800},{"@type":"BreadcrumbList","@id":"https:\/\/www.tendance-ecolo-btob.fr\/index.php\/product\/souche-levain-15g\/#breadcrumb","itemListElement":[{"@type":"ListItem","position":1,"name":"Accueil","item":"https:\/\/www.tendance-ecolo-btob.fr\/"},{"@type":"ListItem","position":2,"name":"Boutique","item":"https:\/\/www.tendance-ecolo-btob.fr\/index.php\/boutique\/"},{"@type":"ListItem","position":3,"name":"Souche Levain 15G"}]},{"@type":"WebSite","@id":"https:\/\/www.tendance-ecolo-btob.fr\/#website","url":"https:\/\/www.tendance-ecolo-btob.fr\/","name":"Tendance Ecolo B2B","description":"","potentialAction":[{"@type":"SearchAction","target":{"@type":"EntryPoint","urlTemplate":"https:\/\/www.tendance-ecolo-btob.fr\/?s={search_term_string}"},"query-input":{"@type":"PropertyValueSpecification","valueRequired":true,"valueName":"search_term_string"}}],"inLanguage":"fr-FR"}]}},"jetpack_sharing_enabled":true,"_links":{"self":[{"href":"https:\/\/www.tendance-ecolo-btob.fr\/index.php\/wp-json\/wp\/v2\/product\/825","targetHints":{"allow":["GET"]}}],"collection":[{"href":"https:\/\/www.tendance-ecolo-btob.fr\/index.php\/wp-json\/wp\/v2\/product"}],"about":[{"href":"https:\/\/www.tendance-ecolo-btob.fr\/index.php\/wp-json\/wp\/v2\/types\/product"}],"wp:featuredmedia":[{"embeddable":true,"href":"https:\/\/www.tendance-ecolo-btob.fr\/index.php\/wp-json\/wp\/v2\/media\/595"}],"wp:attachment":[{"href":"https:\/\/www.tendance-ecolo-btob.fr\/index.php\/wp-json\/wp\/v2\/media?parent=825"}],"wp:term":[{"taxonomy":"product_brand","embeddable":true,"href":"https:\/\/www.tendance-ecolo-btob.fr\/index.php\/wp-json\/wp\/v2\/product_brand?post=825"},{"taxonomy":"product_cat","embeddable":true,"href":"https:\/\/www.tendance-ecolo-btob.fr\/index.php\/wp-json\/wp\/v2\/product_cat?post=825"},{"taxonomy":"product_tag","embeddable":true,"href":"https:\/\/www.tendance-ecolo-btob.fr\/index.php\/wp-json\/wp\/v2\/product_tag?post=825"}],"curies":[{"name":"wp","href":"https:\/\/api.w.org\/{rel}","templated":true}]}}