{"id":851,"date":"2025-03-14T15:00:28","date_gmt":"2025-03-14T14:00:28","guid":{"rendered":"https:\/\/www.tendance-ecolo-btob.fr\/?post_type=product&#038;p=851"},"modified":"2026-01-30T11:31:30","modified_gmt":"2026-01-30T10:31:30","slug":"bocal-de-conservation-1-4l-bleu","status":"publish","type":"product","link":"https:\/\/www.tendance-ecolo-btob.fr\/index.php\/product\/bocal-de-conservation-1-4l-bleu\/","title":{"rendered":"Bocal de conservation 1,4L Bleu"},"content":{"rendered":"<p><strong>Une bonne conservation de vos pr\u00e9parations et de vos aliments !<\/strong><\/p>\n<p>Un \u00e9quipement de stockage appropri\u00e9 est important dans le monde de la fermentation car il influence directement la qualit\u00e9 et la s\u00e9curit\u00e9 de vos cr\u00e9ations.<\/p>\n<p>L\u2019utilisation d\u2019un \u00e9quipement de stockage d\u00e9di\u00e9 garantit un flux d\u2019air contr\u00f4l\u00e9 et une protection contre les contaminants externes.<\/p>\n<p>Cela \u00e9vite la d\u00e9t\u00e9rioration ind\u00e9sirable, encourage la croissance de cultures b\u00e9n\u00e9fiques et conduit finalement \u00e0 des ferments d\u00e9licieux et sains.<\/p>\n<p>Peut s&rsquo;utiliser pour tous types de conservations (boissons ferment\u00e9es, c\u00e9r\u00e9ales, l\u00e9gumineuses, etc&#8230;)<\/p>\n","protected":false},"excerpt":{"rendered":"<div class=\"prod-details__carac prod-carac open\">\n<div class=\"prod-carac__wrapper\">\n<div class=\"prod-carac__desc\">\n<p class=\"prod-carac__title\">Caract\u00e9ristiques<\/p>\n<div class=\"prod-carac__anim\">\n<ul>\n<li>Poids 1,4l : 737g \/ Hauteur 23cm \/ Largeur 10cm<\/li>\n<li>Bocal en verre \u00e9pais<\/li>\n<li>Forme concave du bocal pour une bonne prise en main<\/li>\n<li>Accessoires : en bioplastique, fabriqu\u00e9s \u00e0 partir de mati\u00e8res organiques<\/li>\n<li>Fabriqu\u00e9 en Europe<\/li>\n<\/ul>\n<p>Code EAN : 3830063021493<\/p>\n<\/div>\n<\/div>\n<\/div>\n<\/div>\n","protected":false},"featured_media":576,"template":"","meta":{"content-type":""},"product_brand":[],"product_cat":[19,32],"product_tag":[],"class_list":{"0":"post-851","1":"product","2":"type-product","3":"status-publish","4":"has-post-thumbnail","6":"product_cat-kefirko","7":"product_cat-les-bocaux-de-conservation","9":"first","10":"instock","11":"taxable","12":"shipping-taxable","13":"purchasable","14":"product-type-simple"},"yoast_head":"<!-- This site is optimized with the Yoast SEO plugin v27.1.1 - https:\/\/yoast.com\/product\/yoast-seo-wordpress\/ -->\n<title>Bocal de conservation 1,4L Bleu - Tendance Ecolo B2B<\/title>\n<meta name=\"description\" content=\"Bocal pour la conservation de vos boissons ferment\u00e9es et autres aliments\" \/>\n<meta name=\"robots\" content=\"index, follow, max-snippet:-1, max-image-preview:large, max-video-preview:-1\" \/>\n<link rel=\"canonical\" href=\"https:\/\/www.tendance-ecolo-btob.fr\/index.php\/product\/bocal-de-conservation-1-4l-bleu\/\" \/>\n<meta property=\"og:locale\" content=\"fr_FR\" \/>\n<meta property=\"og:type\" content=\"article\" \/>\n<meta property=\"og:title\" content=\"Bocal de conservation 1,4L Bleu - Tendance Ecolo B2B\" \/>\n<meta property=\"og:description\" content=\"Bocal pour la conservation de vos boissons ferment\u00e9es et autres aliments\" \/>\n<meta property=\"og:url\" content=\"https:\/\/www.tendance-ecolo-btob.fr\/index.php\/product\/bocal-de-conservation-1-4l-bleu\/\" \/>\n<meta property=\"og:site_name\" content=\"Tendance Ecolo B2B\" \/>\n<meta property=\"article:modified_time\" content=\"2026-01-30T10:31:30+00:00\" \/>\n<meta property=\"og:image\" content=\"https:\/\/www.tendance-ecolo-btob.fr\/wp-content\/uploads\/2024\/09\/Design-sans-titre-10-2.png\" \/>\n\t<meta property=\"og:image:width\" content=\"1200\" \/>\n\t<meta property=\"og:image:height\" content=\"1800\" \/>\n\t<meta property=\"og:image:type\" content=\"image\/png\" \/>\n<meta name=\"twitter:card\" content=\"summary_large_image\" \/>\n<meta name=\"twitter:label1\" content=\"Dur\u00e9e de lecture estim\u00e9e\" \/>\n\t<meta name=\"twitter:data1\" content=\"1 minute\" \/>\n<script type=\"application\/ld+json\" class=\"yoast-schema-graph\">{\"@context\":\"https:\/\/schema.org\",\"@graph\":[{\"@type\":\"WebPage\",\"@id\":\"https:\/\/www.tendance-ecolo-btob.fr\/index.php\/product\/bocal-de-conservation-1-4l-bleu\/\",\"url\":\"https:\/\/www.tendance-ecolo-btob.fr\/index.php\/product\/bocal-de-conservation-1-4l-bleu\/\",\"name\":\"Bocal de conservation 1,4L Bleu - Tendance Ecolo B2B\",\"isPartOf\":{\"@id\":\"https:\/\/www.tendance-ecolo-btob.fr\/#website\"},\"primaryImageOfPage\":{\"@id\":\"https:\/\/www.tendance-ecolo-btob.fr\/index.php\/product\/bocal-de-conservation-1-4l-bleu\/#primaryimage\"},\"image\":{\"@id\":\"https:\/\/www.tendance-ecolo-btob.fr\/index.php\/product\/bocal-de-conservation-1-4l-bleu\/#primaryimage\"},\"thumbnailUrl\":\"https:\/\/i0.wp.com\/www.tendance-ecolo-btob.fr\/wp-content\/uploads\/2024\/09\/Design-sans-titre-10-2.png?fit=1200%2C1800&ssl=1\",\"datePublished\":\"2025-03-14T14:00:28+00:00\",\"dateModified\":\"2026-01-30T10:31:30+00:00\",\"description\":\"Bocal pour la conservation de vos boissons ferment\u00e9es et autres aliments\",\"breadcrumb\":{\"@id\":\"https:\/\/www.tendance-ecolo-btob.fr\/index.php\/product\/bocal-de-conservation-1-4l-bleu\/#breadcrumb\"},\"inLanguage\":\"fr-FR\",\"potentialAction\":[{\"@type\":\"ReadAction\",\"target\":[\"https:\/\/www.tendance-ecolo-btob.fr\/index.php\/product\/bocal-de-conservation-1-4l-bleu\/\"]}]},{\"@type\":\"ImageObject\",\"inLanguage\":\"fr-FR\",\"@id\":\"https:\/\/www.tendance-ecolo-btob.fr\/index.php\/product\/bocal-de-conservation-1-4l-bleu\/#primaryimage\",\"url\":\"https:\/\/i0.wp.com\/www.tendance-ecolo-btob.fr\/wp-content\/uploads\/2024\/09\/Design-sans-titre-10-2.png?fit=1200%2C1800&ssl=1\",\"contentUrl\":\"https:\/\/i0.wp.com\/www.tendance-ecolo-btob.fr\/wp-content\/uploads\/2024\/09\/Design-sans-titre-10-2.png?fit=1200%2C1800&ssl=1\",\"width\":1200,\"height\":1800},{\"@type\":\"BreadcrumbList\",\"@id\":\"https:\/\/www.tendance-ecolo-btob.fr\/index.php\/product\/bocal-de-conservation-1-4l-bleu\/#breadcrumb\",\"itemListElement\":[{\"@type\":\"ListItem\",\"position\":1,\"name\":\"Accueil\",\"item\":\"https:\/\/www.tendance-ecolo-btob.fr\/\"},{\"@type\":\"ListItem\",\"position\":2,\"name\":\"Boutique\",\"item\":\"https:\/\/www.tendance-ecolo-btob.fr\/index.php\/boutique\/\"},{\"@type\":\"ListItem\",\"position\":3,\"name\":\"Bocal de conservation 1,4L Bleu\"}]},{\"@type\":\"WebSite\",\"@id\":\"https:\/\/www.tendance-ecolo-btob.fr\/#website\",\"url\":\"https:\/\/www.tendance-ecolo-btob.fr\/\",\"name\":\"Tendance Ecolo B2B\",\"description\":\"\",\"potentialAction\":[{\"@type\":\"SearchAction\",\"target\":{\"@type\":\"EntryPoint\",\"urlTemplate\":\"https:\/\/www.tendance-ecolo-btob.fr\/?s={search_term_string}\"},\"query-input\":{\"@type\":\"PropertyValueSpecification\",\"valueRequired\":true,\"valueName\":\"search_term_string\"}}],\"inLanguage\":\"fr-FR\"}]}<\/script>\n<!-- \/ Yoast SEO plugin. -->","yoast_head_json":{"title":"Bocal de conservation 1,4L Bleu - Tendance Ecolo B2B","description":"Bocal pour la conservation de vos boissons ferment\u00e9es et autres aliments","robots":{"index":"index","follow":"follow","max-snippet":"max-snippet:-1","max-image-preview":"max-image-preview:large","max-video-preview":"max-video-preview:-1"},"canonical":"https:\/\/www.tendance-ecolo-btob.fr\/index.php\/product\/bocal-de-conservation-1-4l-bleu\/","og_locale":"fr_FR","og_type":"article","og_title":"Bocal de conservation 1,4L Bleu - Tendance Ecolo B2B","og_description":"Bocal pour la conservation de vos boissons ferment\u00e9es et autres aliments","og_url":"https:\/\/www.tendance-ecolo-btob.fr\/index.php\/product\/bocal-de-conservation-1-4l-bleu\/","og_site_name":"Tendance Ecolo B2B","article_modified_time":"2026-01-30T10:31:30+00:00","og_image":[{"width":1200,"height":1800,"url":"https:\/\/www.tendance-ecolo-btob.fr\/wp-content\/uploads\/2024\/09\/Design-sans-titre-10-2.png","type":"image\/png"}],"twitter_card":"summary_large_image","twitter_misc":{"Dur\u00e9e de lecture estim\u00e9e":"1 minute"},"schema":{"@context":"https:\/\/schema.org","@graph":[{"@type":"WebPage","@id":"https:\/\/www.tendance-ecolo-btob.fr\/index.php\/product\/bocal-de-conservation-1-4l-bleu\/","url":"https:\/\/www.tendance-ecolo-btob.fr\/index.php\/product\/bocal-de-conservation-1-4l-bleu\/","name":"Bocal de conservation 1,4L Bleu - Tendance Ecolo B2B","isPartOf":{"@id":"https:\/\/www.tendance-ecolo-btob.fr\/#website"},"primaryImageOfPage":{"@id":"https:\/\/www.tendance-ecolo-btob.fr\/index.php\/product\/bocal-de-conservation-1-4l-bleu\/#primaryimage"},"image":{"@id":"https:\/\/www.tendance-ecolo-btob.fr\/index.php\/product\/bocal-de-conservation-1-4l-bleu\/#primaryimage"},"thumbnailUrl":"https:\/\/i0.wp.com\/www.tendance-ecolo-btob.fr\/wp-content\/uploads\/2024\/09\/Design-sans-titre-10-2.png?fit=1200%2C1800&ssl=1","datePublished":"2025-03-14T14:00:28+00:00","dateModified":"2026-01-30T10:31:30+00:00","description":"Bocal pour la conservation de vos boissons ferment\u00e9es et autres aliments","breadcrumb":{"@id":"https:\/\/www.tendance-ecolo-btob.fr\/index.php\/product\/bocal-de-conservation-1-4l-bleu\/#breadcrumb"},"inLanguage":"fr-FR","potentialAction":[{"@type":"ReadAction","target":["https:\/\/www.tendance-ecolo-btob.fr\/index.php\/product\/bocal-de-conservation-1-4l-bleu\/"]}]},{"@type":"ImageObject","inLanguage":"fr-FR","@id":"https:\/\/www.tendance-ecolo-btob.fr\/index.php\/product\/bocal-de-conservation-1-4l-bleu\/#primaryimage","url":"https:\/\/i0.wp.com\/www.tendance-ecolo-btob.fr\/wp-content\/uploads\/2024\/09\/Design-sans-titre-10-2.png?fit=1200%2C1800&ssl=1","contentUrl":"https:\/\/i0.wp.com\/www.tendance-ecolo-btob.fr\/wp-content\/uploads\/2024\/09\/Design-sans-titre-10-2.png?fit=1200%2C1800&ssl=1","width":1200,"height":1800},{"@type":"BreadcrumbList","@id":"https:\/\/www.tendance-ecolo-btob.fr\/index.php\/product\/bocal-de-conservation-1-4l-bleu\/#breadcrumb","itemListElement":[{"@type":"ListItem","position":1,"name":"Accueil","item":"https:\/\/www.tendance-ecolo-btob.fr\/"},{"@type":"ListItem","position":2,"name":"Boutique","item":"https:\/\/www.tendance-ecolo-btob.fr\/index.php\/boutique\/"},{"@type":"ListItem","position":3,"name":"Bocal de conservation 1,4L Bleu"}]},{"@type":"WebSite","@id":"https:\/\/www.tendance-ecolo-btob.fr\/#website","url":"https:\/\/www.tendance-ecolo-btob.fr\/","name":"Tendance Ecolo B2B","description":"","potentialAction":[{"@type":"SearchAction","target":{"@type":"EntryPoint","urlTemplate":"https:\/\/www.tendance-ecolo-btob.fr\/?s={search_term_string}"},"query-input":{"@type":"PropertyValueSpecification","valueRequired":true,"valueName":"search_term_string"}}],"inLanguage":"fr-FR"}]}},"jetpack_sharing_enabled":true,"_links":{"self":[{"href":"https:\/\/www.tendance-ecolo-btob.fr\/index.php\/wp-json\/wp\/v2\/product\/851","targetHints":{"allow":["GET"]}}],"collection":[{"href":"https:\/\/www.tendance-ecolo-btob.fr\/index.php\/wp-json\/wp\/v2\/product"}],"about":[{"href":"https:\/\/www.tendance-ecolo-btob.fr\/index.php\/wp-json\/wp\/v2\/types\/product"}],"wp:featuredmedia":[{"embeddable":true,"href":"https:\/\/www.tendance-ecolo-btob.fr\/index.php\/wp-json\/wp\/v2\/media\/576"}],"wp:attachment":[{"href":"https:\/\/www.tendance-ecolo-btob.fr\/index.php\/wp-json\/wp\/v2\/media?parent=851"}],"wp:term":[{"taxonomy":"product_brand","embeddable":true,"href":"https:\/\/www.tendance-ecolo-btob.fr\/index.php\/wp-json\/wp\/v2\/product_brand?post=851"},{"taxonomy":"product_cat","embeddable":true,"href":"https:\/\/www.tendance-ecolo-btob.fr\/index.php\/wp-json\/wp\/v2\/product_cat?post=851"},{"taxonomy":"product_tag","embeddable":true,"href":"https:\/\/www.tendance-ecolo-btob.fr\/index.php\/wp-json\/wp\/v2\/product_tag?post=851"}],"curies":[{"name":"wp","href":"https:\/\/api.w.org\/{rel}","templated":true}]}}