{"id":869,"date":"2025-03-14T17:08:56","date_gmt":"2025-03-14T16:08:56","guid":{"rendered":"https:\/\/www.tendance-ecolo-btob.fr\/?post_type=product&#038;p=869"},"modified":"2025-10-07T17:55:41","modified_gmt":"2025-10-07T15:55:41","slug":"bouteille-flaska-liege-emoto-750ml-gl","status":"publish","type":"product","link":"https:\/\/www.tendance-ecolo-btob.fr\/index.php\/product\/bouteille-flaska-liege-emoto-750ml-gl\/","title":{"rendered":"Bouteille Flaska Li\u00e8ge EMOTO 750ml GL"},"content":{"rendered":"<p>Bouteille en verre programm\u00e9 par le proc\u00e9d\u00e9 TPS (Technologie de Programmation du Silicium). Dynamisation de l&rsquo;eau en 5 mn. Tr\u00e8s pratique \u00e0 transporter. Contenances : 0.75L. Housse en li\u00e8ge de protection et bouchon \u00e0 visser en bois.<\/p>\n<p><strong>*La restructuration de l\u2019eau par le proc\u00e9d\u00e9 TPS<\/strong><strong> : Technologie de Programmation du Silicium. <\/strong>Avec les produits\u00a0<strong>Fla\u0161ka<\/strong>, nous rapprochons la structure vibratoire de l\u2019eau de sa structure originelle, c\u2019est-\u00e0-dire de l\u2019eau de source dans son environnement naturel, \u00e0 sa source. En utilisant le proc\u00e9d\u00e9 TPS, un programme vibratoire compos\u00e9 de diff\u00e9rents types d\u2019informations de la nature est imprim\u00e9 dans le verre des produits\u00a0<strong>Fla\u0161ka<\/strong>.<\/p>\n","protected":false},"excerpt":{"rendered":"<div class=\"prod-details__carac prod-carac open\">\n<div class=\"prod-carac__wrapper\">\n<div class=\"prod-carac__desc\">\n<p class=\"prod-carac__title\">Caract\u00e9ristiques<\/p>\n<div class=\"prod-carac__anim\">\n<ul>\n<li>Bouteille en verre robuste<\/li>\n<li>Bouchon \u00e9tanche \u00e0 visser, adapt\u00e9 aux bouteilles \u00e0 goulot large<\/li>\n<li>Fabriqu\u00e9 en EU<\/li>\n<li>Origine li\u00e8ge : Espagne<\/li>\n<li>Contenance 0.75L<\/li>\n<li>Poids de la bouteille avec housse : 660g<\/li>\n<li>Dimensions : Hauteur 28,5cm \/ Diam\u00e8tre 7,5cm<\/li>\n<li>Housse de protection amovible en li\u00e8ge et coton bio<\/li>\n<li>Proc\u00e9d\u00e9 TPS<\/li>\n<\/ul>\n<p>Code EAN : 3830053625144<\/p>\n<\/div>\n<\/div>\n<\/div>\n<\/div>\n","protected":false},"featured_media":435,"template":"","meta":{"content-type":""},"product_brand":[],"product_cat":[21,47],"product_tag":[],"class_list":{"0":"post-869","1":"product","2":"type-product","3":"status-publish","4":"has-post-thumbnail","6":"product_cat-flaska","7":"product_cat-bouteilles-750ml-flaska","9":"first","10":"instock","11":"taxable","12":"shipping-taxable","13":"purchasable","14":"product-type-simple"},"yoast_head":"<!-- This site is optimized with the Yoast SEO plugin v27.1.1 - https:\/\/yoast.com\/product\/yoast-seo-wordpress\/ -->\n<title>Bouteille Flaska Li\u00e8ge EMOTO 750ml GL - Tendance Ecolo B2B<\/title>\n<meta name=\"description\" content=\"Bouteille Flaska en verre programm\u00e9 par le proc\u00e9d\u00e9 TPS (Technologie de Programmation du Silicium). Site d\u00e9di\u00e9 aux professionnels\" \/>\n<meta name=\"robots\" content=\"index, follow, max-snippet:-1, max-image-preview:large, max-video-preview:-1\" \/>\n<link rel=\"canonical\" href=\"https:\/\/www.tendance-ecolo-btob.fr\/index.php\/product\/bouteille-flaska-liege-emoto-750ml-gl\/\" \/>\n<meta property=\"og:locale\" content=\"fr_FR\" \/>\n<meta property=\"og:type\" content=\"article\" \/>\n<meta property=\"og:title\" content=\"Bouteille Flaska Li\u00e8ge EMOTO 750ml GL - Tendance Ecolo B2B\" \/>\n<meta property=\"og:description\" content=\"Bouteille Flaska en verre programm\u00e9 par le proc\u00e9d\u00e9 TPS (Technologie de Programmation du Silicium). Site d\u00e9di\u00e9 aux professionnels\" \/>\n<meta property=\"og:url\" content=\"https:\/\/www.tendance-ecolo-btob.fr\/index.php\/product\/bouteille-flaska-liege-emoto-750ml-gl\/\" \/>\n<meta property=\"og:site_name\" content=\"Tendance Ecolo B2B\" \/>\n<meta property=\"article:modified_time\" content=\"2025-10-07T15:55:41+00:00\" \/>\n<meta property=\"og:image\" content=\"https:\/\/www.tendance-ecolo-btob.fr\/wp-content\/uploads\/2024\/09\/Design-sans-titre-5.jpg\" \/>\n\t<meta property=\"og:image:width\" content=\"1200\" \/>\n\t<meta property=\"og:image:height\" content=\"1800\" \/>\n\t<meta property=\"og:image:type\" content=\"image\/jpeg\" \/>\n<meta name=\"twitter:card\" content=\"summary_large_image\" \/>\n<meta name=\"twitter:label1\" content=\"Dur\u00e9e de lecture estim\u00e9e\" \/>\n\t<meta name=\"twitter:data1\" content=\"1 minute\" \/>\n<script type=\"application\/ld+json\" class=\"yoast-schema-graph\">{\"@context\":\"https:\/\/schema.org\",\"@graph\":[{\"@type\":\"WebPage\",\"@id\":\"https:\/\/www.tendance-ecolo-btob.fr\/index.php\/product\/bouteille-flaska-liege-emoto-750ml-gl\/\",\"url\":\"https:\/\/www.tendance-ecolo-btob.fr\/index.php\/product\/bouteille-flaska-liege-emoto-750ml-gl\/\",\"name\":\"Bouteille Flaska Li\u00e8ge EMOTO 750ml GL - Tendance Ecolo B2B\",\"isPartOf\":{\"@id\":\"https:\/\/www.tendance-ecolo-btob.fr\/#website\"},\"primaryImageOfPage\":{\"@id\":\"https:\/\/www.tendance-ecolo-btob.fr\/index.php\/product\/bouteille-flaska-liege-emoto-750ml-gl\/#primaryimage\"},\"image\":{\"@id\":\"https:\/\/www.tendance-ecolo-btob.fr\/index.php\/product\/bouteille-flaska-liege-emoto-750ml-gl\/#primaryimage\"},\"thumbnailUrl\":\"https:\/\/i0.wp.com\/www.tendance-ecolo-btob.fr\/wp-content\/uploads\/2024\/09\/Design-sans-titre-5.jpg?fit=1200%2C1800&ssl=1\",\"datePublished\":\"2025-03-14T16:08:56+00:00\",\"dateModified\":\"2025-10-07T15:55:41+00:00\",\"description\":\"Bouteille Flaska en verre programm\u00e9 par le proc\u00e9d\u00e9 TPS (Technologie de Programmation du Silicium). Site d\u00e9di\u00e9 aux professionnels\",\"breadcrumb\":{\"@id\":\"https:\/\/www.tendance-ecolo-btob.fr\/index.php\/product\/bouteille-flaska-liege-emoto-750ml-gl\/#breadcrumb\"},\"inLanguage\":\"fr-FR\",\"potentialAction\":[{\"@type\":\"ReadAction\",\"target\":[\"https:\/\/www.tendance-ecolo-btob.fr\/index.php\/product\/bouteille-flaska-liege-emoto-750ml-gl\/\"]}]},{\"@type\":\"ImageObject\",\"inLanguage\":\"fr-FR\",\"@id\":\"https:\/\/www.tendance-ecolo-btob.fr\/index.php\/product\/bouteille-flaska-liege-emoto-750ml-gl\/#primaryimage\",\"url\":\"https:\/\/i0.wp.com\/www.tendance-ecolo-btob.fr\/wp-content\/uploads\/2024\/09\/Design-sans-titre-5.jpg?fit=1200%2C1800&ssl=1\",\"contentUrl\":\"https:\/\/i0.wp.com\/www.tendance-ecolo-btob.fr\/wp-content\/uploads\/2024\/09\/Design-sans-titre-5.jpg?fit=1200%2C1800&ssl=1\",\"width\":1200,\"height\":1800},{\"@type\":\"BreadcrumbList\",\"@id\":\"https:\/\/www.tendance-ecolo-btob.fr\/index.php\/product\/bouteille-flaska-liege-emoto-750ml-gl\/#breadcrumb\",\"itemListElement\":[{\"@type\":\"ListItem\",\"position\":1,\"name\":\"Accueil\",\"item\":\"https:\/\/www.tendance-ecolo-btob.fr\/\"},{\"@type\":\"ListItem\",\"position\":2,\"name\":\"Boutique\",\"item\":\"https:\/\/www.tendance-ecolo-btob.fr\/index.php\/boutique\/\"},{\"@type\":\"ListItem\",\"position\":3,\"name\":\"Bouteille Flaska Li\u00e8ge EMOTO 750ml GL\"}]},{\"@type\":\"WebSite\",\"@id\":\"https:\/\/www.tendance-ecolo-btob.fr\/#website\",\"url\":\"https:\/\/www.tendance-ecolo-btob.fr\/\",\"name\":\"Tendance Ecolo B2B\",\"description\":\"\",\"potentialAction\":[{\"@type\":\"SearchAction\",\"target\":{\"@type\":\"EntryPoint\",\"urlTemplate\":\"https:\/\/www.tendance-ecolo-btob.fr\/?s={search_term_string}\"},\"query-input\":{\"@type\":\"PropertyValueSpecification\",\"valueRequired\":true,\"valueName\":\"search_term_string\"}}],\"inLanguage\":\"fr-FR\"}]}<\/script>\n<!-- \/ Yoast SEO plugin. -->","yoast_head_json":{"title":"Bouteille Flaska Li\u00e8ge EMOTO 750ml GL - Tendance Ecolo B2B","description":"Bouteille Flaska en verre programm\u00e9 par le proc\u00e9d\u00e9 TPS (Technologie de Programmation du Silicium). Site d\u00e9di\u00e9 aux professionnels","robots":{"index":"index","follow":"follow","max-snippet":"max-snippet:-1","max-image-preview":"max-image-preview:large","max-video-preview":"max-video-preview:-1"},"canonical":"https:\/\/www.tendance-ecolo-btob.fr\/index.php\/product\/bouteille-flaska-liege-emoto-750ml-gl\/","og_locale":"fr_FR","og_type":"article","og_title":"Bouteille Flaska Li\u00e8ge EMOTO 750ml GL - Tendance Ecolo B2B","og_description":"Bouteille Flaska en verre programm\u00e9 par le proc\u00e9d\u00e9 TPS (Technologie de Programmation du Silicium). Site d\u00e9di\u00e9 aux professionnels","og_url":"https:\/\/www.tendance-ecolo-btob.fr\/index.php\/product\/bouteille-flaska-liege-emoto-750ml-gl\/","og_site_name":"Tendance Ecolo B2B","article_modified_time":"2025-10-07T15:55:41+00:00","og_image":[{"width":1200,"height":1800,"url":"https:\/\/www.tendance-ecolo-btob.fr\/wp-content\/uploads\/2024\/09\/Design-sans-titre-5.jpg","type":"image\/jpeg"}],"twitter_card":"summary_large_image","twitter_misc":{"Dur\u00e9e de lecture estim\u00e9e":"1 minute"},"schema":{"@context":"https:\/\/schema.org","@graph":[{"@type":"WebPage","@id":"https:\/\/www.tendance-ecolo-btob.fr\/index.php\/product\/bouteille-flaska-liege-emoto-750ml-gl\/","url":"https:\/\/www.tendance-ecolo-btob.fr\/index.php\/product\/bouteille-flaska-liege-emoto-750ml-gl\/","name":"Bouteille Flaska Li\u00e8ge EMOTO 750ml GL - Tendance Ecolo B2B","isPartOf":{"@id":"https:\/\/www.tendance-ecolo-btob.fr\/#website"},"primaryImageOfPage":{"@id":"https:\/\/www.tendance-ecolo-btob.fr\/index.php\/product\/bouteille-flaska-liege-emoto-750ml-gl\/#primaryimage"},"image":{"@id":"https:\/\/www.tendance-ecolo-btob.fr\/index.php\/product\/bouteille-flaska-liege-emoto-750ml-gl\/#primaryimage"},"thumbnailUrl":"https:\/\/i0.wp.com\/www.tendance-ecolo-btob.fr\/wp-content\/uploads\/2024\/09\/Design-sans-titre-5.jpg?fit=1200%2C1800&ssl=1","datePublished":"2025-03-14T16:08:56+00:00","dateModified":"2025-10-07T15:55:41+00:00","description":"Bouteille Flaska en verre programm\u00e9 par le proc\u00e9d\u00e9 TPS (Technologie de Programmation du Silicium). Site d\u00e9di\u00e9 aux professionnels","breadcrumb":{"@id":"https:\/\/www.tendance-ecolo-btob.fr\/index.php\/product\/bouteille-flaska-liege-emoto-750ml-gl\/#breadcrumb"},"inLanguage":"fr-FR","potentialAction":[{"@type":"ReadAction","target":["https:\/\/www.tendance-ecolo-btob.fr\/index.php\/product\/bouteille-flaska-liege-emoto-750ml-gl\/"]}]},{"@type":"ImageObject","inLanguage":"fr-FR","@id":"https:\/\/www.tendance-ecolo-btob.fr\/index.php\/product\/bouteille-flaska-liege-emoto-750ml-gl\/#primaryimage","url":"https:\/\/i0.wp.com\/www.tendance-ecolo-btob.fr\/wp-content\/uploads\/2024\/09\/Design-sans-titre-5.jpg?fit=1200%2C1800&ssl=1","contentUrl":"https:\/\/i0.wp.com\/www.tendance-ecolo-btob.fr\/wp-content\/uploads\/2024\/09\/Design-sans-titre-5.jpg?fit=1200%2C1800&ssl=1","width":1200,"height":1800},{"@type":"BreadcrumbList","@id":"https:\/\/www.tendance-ecolo-btob.fr\/index.php\/product\/bouteille-flaska-liege-emoto-750ml-gl\/#breadcrumb","itemListElement":[{"@type":"ListItem","position":1,"name":"Accueil","item":"https:\/\/www.tendance-ecolo-btob.fr\/"},{"@type":"ListItem","position":2,"name":"Boutique","item":"https:\/\/www.tendance-ecolo-btob.fr\/index.php\/boutique\/"},{"@type":"ListItem","position":3,"name":"Bouteille Flaska Li\u00e8ge EMOTO 750ml GL"}]},{"@type":"WebSite","@id":"https:\/\/www.tendance-ecolo-btob.fr\/#website","url":"https:\/\/www.tendance-ecolo-btob.fr\/","name":"Tendance Ecolo B2B","description":"","potentialAction":[{"@type":"SearchAction","target":{"@type":"EntryPoint","urlTemplate":"https:\/\/www.tendance-ecolo-btob.fr\/?s={search_term_string}"},"query-input":{"@type":"PropertyValueSpecification","valueRequired":true,"valueName":"search_term_string"}}],"inLanguage":"fr-FR"}]}},"jetpack_sharing_enabled":true,"_links":{"self":[{"href":"https:\/\/www.tendance-ecolo-btob.fr\/index.php\/wp-json\/wp\/v2\/product\/869","targetHints":{"allow":["GET"]}}],"collection":[{"href":"https:\/\/www.tendance-ecolo-btob.fr\/index.php\/wp-json\/wp\/v2\/product"}],"about":[{"href":"https:\/\/www.tendance-ecolo-btob.fr\/index.php\/wp-json\/wp\/v2\/types\/product"}],"wp:featuredmedia":[{"embeddable":true,"href":"https:\/\/www.tendance-ecolo-btob.fr\/index.php\/wp-json\/wp\/v2\/media\/435"}],"wp:attachment":[{"href":"https:\/\/www.tendance-ecolo-btob.fr\/index.php\/wp-json\/wp\/v2\/media?parent=869"}],"wp:term":[{"taxonomy":"product_brand","embeddable":true,"href":"https:\/\/www.tendance-ecolo-btob.fr\/index.php\/wp-json\/wp\/v2\/product_brand?post=869"},{"taxonomy":"product_cat","embeddable":true,"href":"https:\/\/www.tendance-ecolo-btob.fr\/index.php\/wp-json\/wp\/v2\/product_cat?post=869"},{"taxonomy":"product_tag","embeddable":true,"href":"https:\/\/www.tendance-ecolo-btob.fr\/index.php\/wp-json\/wp\/v2\/product_tag?post=869"}],"curies":[{"name":"wp","href":"https:\/\/api.w.org\/{rel}","templated":true}]}}