{"id":894,"date":"2025-03-17T12:24:52","date_gmt":"2025-03-17T11:24:52","guid":{"rendered":"https:\/\/www.tendance-ecolo-btob.fr\/?post_type=product&#038;p=894"},"modified":"2025-06-03T17:37:38","modified_gmt":"2025-06-03T15:37:38","slug":"goupillon-flaska-bois-naturel","status":"publish","type":"product","link":"https:\/\/www.tendance-ecolo-btob.fr\/index.php\/product\/goupillon-flaska-bois-naturel\/","title":{"rendered":"Goupillon Flaska BOIS NATUREL"},"content":{"rendered":"<p>Goupillon : accessoire indispensable pour l&rsquo;entretien des bouteilles et carafe Flaska . Combinaison de fibres naturelles\/ m\u00e9tal et bois.<\/p>\n","protected":false},"excerpt":{"rendered":"<div class=\"prod-details__carac prod-carac open\">\n<div class=\"prod-carac__wrapper\">\n<div class=\"prod-carac__desc\">\n<p class=\"prod-carac__title\">Caract\u00e9ristiques<\/p>\n<div class=\"prod-carac__anim\">\n<ul>\n<li>Fabriqu\u00e9 en Allemagne<\/li>\n<li>Brosse souple et douce<\/li>\n<li>Fibre naturelle \/ m\u00e9tal \/ bois<\/li>\n<li>Poids du goupillon: 56 g<\/li>\n<li>Longueur 42cm<\/li>\n<li>Diam\u00e8tre de la brosse : 7 cm<\/li>\n<\/ul>\n<p>Code EAN : 3830053622662<\/p>\n<\/div>\n<\/div>\n<\/div>\n<\/div>\n","protected":false},"featured_media":475,"template":"","meta":{"content-type":""},"product_brand":[],"product_cat":[21,48],"product_tag":[],"class_list":{"0":"post-894","1":"product","2":"type-product","3":"status-publish","4":"has-post-thumbnail","6":"product_cat-flaska","7":"product_cat-accessoires-flaska","9":"first","10":"outofstock","11":"taxable","12":"shipping-taxable","13":"purchasable","14":"product-type-simple"},"yoast_head":"<!-- This site is optimized with the Yoast SEO plugin v27.1.1 - https:\/\/yoast.com\/product\/yoast-seo-wordpress\/ -->\n<title>Goupillon Flaska BOIS NATUREL - Tendance Ecolo B2B<\/title>\n<meta name=\"description\" content=\"Goupillon Flaska fibres naturelles\/ m\u00e9tal et bois. Site d\u00e9di\u00e9 aux professionnels\" \/>\n<meta name=\"robots\" content=\"index, follow, max-snippet:-1, max-image-preview:large, max-video-preview:-1\" \/>\n<link rel=\"canonical\" href=\"https:\/\/www.tendance-ecolo-btob.fr\/index.php\/product\/goupillon-flaska-bois-naturel\/\" \/>\n<meta property=\"og:locale\" content=\"fr_FR\" \/>\n<meta property=\"og:type\" content=\"article\" \/>\n<meta property=\"og:title\" content=\"Goupillon Flaska BOIS NATUREL - Tendance Ecolo B2B\" \/>\n<meta property=\"og:description\" content=\"Goupillon Flaska fibres naturelles\/ m\u00e9tal et bois. Site d\u00e9di\u00e9 aux professionnels\" \/>\n<meta property=\"og:url\" content=\"https:\/\/www.tendance-ecolo-btob.fr\/index.php\/product\/goupillon-flaska-bois-naturel\/\" \/>\n<meta property=\"og:site_name\" content=\"Tendance Ecolo B2B\" \/>\n<meta property=\"article:modified_time\" content=\"2025-06-03T15:37:38+00:00\" \/>\n<meta property=\"og:image\" content=\"https:\/\/www.tendance-ecolo-btob.fr\/wp-content\/uploads\/2024\/09\/Design-sans-titre-39.jpg\" \/>\n\t<meta property=\"og:image:width\" content=\"1200\" \/>\n\t<meta property=\"og:image:height\" content=\"1800\" \/>\n\t<meta property=\"og:image:type\" content=\"image\/jpeg\" \/>\n<meta name=\"twitter:card\" content=\"summary_large_image\" \/>\n<meta name=\"twitter:label1\" content=\"Dur\u00e9e de lecture estim\u00e9e\" \/>\n\t<meta name=\"twitter:data1\" content=\"1 minute\" \/>\n<script type=\"application\/ld+json\" class=\"yoast-schema-graph\">{\"@context\":\"https:\/\/schema.org\",\"@graph\":[{\"@type\":\"WebPage\",\"@id\":\"https:\/\/www.tendance-ecolo-btob.fr\/index.php\/product\/goupillon-flaska-bois-naturel\/\",\"url\":\"https:\/\/www.tendance-ecolo-btob.fr\/index.php\/product\/goupillon-flaska-bois-naturel\/\",\"name\":\"Goupillon Flaska BOIS NATUREL - Tendance Ecolo B2B\",\"isPartOf\":{\"@id\":\"https:\/\/www.tendance-ecolo-btob.fr\/#website\"},\"primaryImageOfPage\":{\"@id\":\"https:\/\/www.tendance-ecolo-btob.fr\/index.php\/product\/goupillon-flaska-bois-naturel\/#primaryimage\"},\"image\":{\"@id\":\"https:\/\/www.tendance-ecolo-btob.fr\/index.php\/product\/goupillon-flaska-bois-naturel\/#primaryimage\"},\"thumbnailUrl\":\"https:\/\/i0.wp.com\/www.tendance-ecolo-btob.fr\/wp-content\/uploads\/2024\/09\/Design-sans-titre-39.jpg?fit=1200%2C1800&ssl=1\",\"datePublished\":\"2025-03-17T11:24:52+00:00\",\"dateModified\":\"2025-06-03T15:37:38+00:00\",\"description\":\"Goupillon Flaska fibres naturelles\/ m\u00e9tal et bois. Site d\u00e9di\u00e9 aux professionnels\",\"breadcrumb\":{\"@id\":\"https:\/\/www.tendance-ecolo-btob.fr\/index.php\/product\/goupillon-flaska-bois-naturel\/#breadcrumb\"},\"inLanguage\":\"fr-FR\",\"potentialAction\":[{\"@type\":\"ReadAction\",\"target\":[\"https:\/\/www.tendance-ecolo-btob.fr\/index.php\/product\/goupillon-flaska-bois-naturel\/\"]}]},{\"@type\":\"ImageObject\",\"inLanguage\":\"fr-FR\",\"@id\":\"https:\/\/www.tendance-ecolo-btob.fr\/index.php\/product\/goupillon-flaska-bois-naturel\/#primaryimage\",\"url\":\"https:\/\/i0.wp.com\/www.tendance-ecolo-btob.fr\/wp-content\/uploads\/2024\/09\/Design-sans-titre-39.jpg?fit=1200%2C1800&ssl=1\",\"contentUrl\":\"https:\/\/i0.wp.com\/www.tendance-ecolo-btob.fr\/wp-content\/uploads\/2024\/09\/Design-sans-titre-39.jpg?fit=1200%2C1800&ssl=1\",\"width\":1200,\"height\":1800},{\"@type\":\"BreadcrumbList\",\"@id\":\"https:\/\/www.tendance-ecolo-btob.fr\/index.php\/product\/goupillon-flaska-bois-naturel\/#breadcrumb\",\"itemListElement\":[{\"@type\":\"ListItem\",\"position\":1,\"name\":\"Accueil\",\"item\":\"https:\/\/www.tendance-ecolo-btob.fr\/\"},{\"@type\":\"ListItem\",\"position\":2,\"name\":\"Boutique\",\"item\":\"https:\/\/www.tendance-ecolo-btob.fr\/index.php\/boutique\/\"},{\"@type\":\"ListItem\",\"position\":3,\"name\":\"Goupillon Flaska BOIS NATUREL\"}]},{\"@type\":\"WebSite\",\"@id\":\"https:\/\/www.tendance-ecolo-btob.fr\/#website\",\"url\":\"https:\/\/www.tendance-ecolo-btob.fr\/\",\"name\":\"Tendance Ecolo B2B\",\"description\":\"\",\"potentialAction\":[{\"@type\":\"SearchAction\",\"target\":{\"@type\":\"EntryPoint\",\"urlTemplate\":\"https:\/\/www.tendance-ecolo-btob.fr\/?s={search_term_string}\"},\"query-input\":{\"@type\":\"PropertyValueSpecification\",\"valueRequired\":true,\"valueName\":\"search_term_string\"}}],\"inLanguage\":\"fr-FR\"}]}<\/script>\n<!-- \/ Yoast SEO plugin. -->","yoast_head_json":{"title":"Goupillon Flaska BOIS NATUREL - Tendance Ecolo B2B","description":"Goupillon Flaska fibres naturelles\/ m\u00e9tal et bois. Site d\u00e9di\u00e9 aux professionnels","robots":{"index":"index","follow":"follow","max-snippet":"max-snippet:-1","max-image-preview":"max-image-preview:large","max-video-preview":"max-video-preview:-1"},"canonical":"https:\/\/www.tendance-ecolo-btob.fr\/index.php\/product\/goupillon-flaska-bois-naturel\/","og_locale":"fr_FR","og_type":"article","og_title":"Goupillon Flaska BOIS NATUREL - Tendance Ecolo B2B","og_description":"Goupillon Flaska fibres naturelles\/ m\u00e9tal et bois. Site d\u00e9di\u00e9 aux professionnels","og_url":"https:\/\/www.tendance-ecolo-btob.fr\/index.php\/product\/goupillon-flaska-bois-naturel\/","og_site_name":"Tendance Ecolo B2B","article_modified_time":"2025-06-03T15:37:38+00:00","og_image":[{"width":1200,"height":1800,"url":"https:\/\/www.tendance-ecolo-btob.fr\/wp-content\/uploads\/2024\/09\/Design-sans-titre-39.jpg","type":"image\/jpeg"}],"twitter_card":"summary_large_image","twitter_misc":{"Dur\u00e9e de lecture estim\u00e9e":"1 minute"},"schema":{"@context":"https:\/\/schema.org","@graph":[{"@type":"WebPage","@id":"https:\/\/www.tendance-ecolo-btob.fr\/index.php\/product\/goupillon-flaska-bois-naturel\/","url":"https:\/\/www.tendance-ecolo-btob.fr\/index.php\/product\/goupillon-flaska-bois-naturel\/","name":"Goupillon Flaska BOIS NATUREL - Tendance Ecolo B2B","isPartOf":{"@id":"https:\/\/www.tendance-ecolo-btob.fr\/#website"},"primaryImageOfPage":{"@id":"https:\/\/www.tendance-ecolo-btob.fr\/index.php\/product\/goupillon-flaska-bois-naturel\/#primaryimage"},"image":{"@id":"https:\/\/www.tendance-ecolo-btob.fr\/index.php\/product\/goupillon-flaska-bois-naturel\/#primaryimage"},"thumbnailUrl":"https:\/\/i0.wp.com\/www.tendance-ecolo-btob.fr\/wp-content\/uploads\/2024\/09\/Design-sans-titre-39.jpg?fit=1200%2C1800&ssl=1","datePublished":"2025-03-17T11:24:52+00:00","dateModified":"2025-06-03T15:37:38+00:00","description":"Goupillon Flaska fibres naturelles\/ m\u00e9tal et bois. Site d\u00e9di\u00e9 aux professionnels","breadcrumb":{"@id":"https:\/\/www.tendance-ecolo-btob.fr\/index.php\/product\/goupillon-flaska-bois-naturel\/#breadcrumb"},"inLanguage":"fr-FR","potentialAction":[{"@type":"ReadAction","target":["https:\/\/www.tendance-ecolo-btob.fr\/index.php\/product\/goupillon-flaska-bois-naturel\/"]}]},{"@type":"ImageObject","inLanguage":"fr-FR","@id":"https:\/\/www.tendance-ecolo-btob.fr\/index.php\/product\/goupillon-flaska-bois-naturel\/#primaryimage","url":"https:\/\/i0.wp.com\/www.tendance-ecolo-btob.fr\/wp-content\/uploads\/2024\/09\/Design-sans-titre-39.jpg?fit=1200%2C1800&ssl=1","contentUrl":"https:\/\/i0.wp.com\/www.tendance-ecolo-btob.fr\/wp-content\/uploads\/2024\/09\/Design-sans-titre-39.jpg?fit=1200%2C1800&ssl=1","width":1200,"height":1800},{"@type":"BreadcrumbList","@id":"https:\/\/www.tendance-ecolo-btob.fr\/index.php\/product\/goupillon-flaska-bois-naturel\/#breadcrumb","itemListElement":[{"@type":"ListItem","position":1,"name":"Accueil","item":"https:\/\/www.tendance-ecolo-btob.fr\/"},{"@type":"ListItem","position":2,"name":"Boutique","item":"https:\/\/www.tendance-ecolo-btob.fr\/index.php\/boutique\/"},{"@type":"ListItem","position":3,"name":"Goupillon Flaska BOIS NATUREL"}]},{"@type":"WebSite","@id":"https:\/\/www.tendance-ecolo-btob.fr\/#website","url":"https:\/\/www.tendance-ecolo-btob.fr\/","name":"Tendance Ecolo B2B","description":"","potentialAction":[{"@type":"SearchAction","target":{"@type":"EntryPoint","urlTemplate":"https:\/\/www.tendance-ecolo-btob.fr\/?s={search_term_string}"},"query-input":{"@type":"PropertyValueSpecification","valueRequired":true,"valueName":"search_term_string"}}],"inLanguage":"fr-FR"}]}},"jetpack_sharing_enabled":true,"_links":{"self":[{"href":"https:\/\/www.tendance-ecolo-btob.fr\/index.php\/wp-json\/wp\/v2\/product\/894","targetHints":{"allow":["GET"]}}],"collection":[{"href":"https:\/\/www.tendance-ecolo-btob.fr\/index.php\/wp-json\/wp\/v2\/product"}],"about":[{"href":"https:\/\/www.tendance-ecolo-btob.fr\/index.php\/wp-json\/wp\/v2\/types\/product"}],"wp:featuredmedia":[{"embeddable":true,"href":"https:\/\/www.tendance-ecolo-btob.fr\/index.php\/wp-json\/wp\/v2\/media\/475"}],"wp:attachment":[{"href":"https:\/\/www.tendance-ecolo-btob.fr\/index.php\/wp-json\/wp\/v2\/media?parent=894"}],"wp:term":[{"taxonomy":"product_brand","embeddable":true,"href":"https:\/\/www.tendance-ecolo-btob.fr\/index.php\/wp-json\/wp\/v2\/product_brand?post=894"},{"taxonomy":"product_cat","embeddable":true,"href":"https:\/\/www.tendance-ecolo-btob.fr\/index.php\/wp-json\/wp\/v2\/product_cat?post=894"},{"taxonomy":"product_tag","embeddable":true,"href":"https:\/\/www.tendance-ecolo-btob.fr\/index.php\/wp-json\/wp\/v2\/product_tag?post=894"}],"curies":[{"name":"wp","href":"https:\/\/api.w.org\/{rel}","templated":true}]}}