{"id":970,"date":"2025-03-24T10:37:06","date_gmt":"2025-03-24T09:37:06","guid":{"rendered":"https:\/\/www.tendance-ecolo-btob.fr\/?post_type=product&#038;p=970"},"modified":"2026-03-26T07:22:14","modified_gmt":"2026-03-26T06:22:14","slug":"sous-taie-protection-oreiller-classique-70x50cm","status":"publish","type":"product","link":"https:\/\/www.tendance-ecolo-btob.fr\/index.php\/product\/sous-taie-protection-oreiller-classique-70x50cm\/","title":{"rendered":"Sous-taie protection oreiller Classique 70x50cm"},"content":{"rendered":"<p>Sous-taie 100% coton bio qui augmente la dur\u00e9e de vie de votre oreiller et simplifie son entretien. Elle permet un lavage plus fr\u00e9quent et garde la literie plus saine. Elle est r\u00e9alis\u00e9e dans un tissu tricot\u00e9 de 270g\/m\u00b2, naturellement extensible, tr\u00e8s doux et certifi\u00e9 GOTS. \u00c9paisse et absorbante elle est lavable \u00e0 60\u00b0C et peut \u00eatre s\u00e9ch\u00e9e au s\u00e8che linge.<\/p>\n","protected":false},"excerpt":{"rendered":"<ul>\n<li>Entretien : Lavage en machine jusqu&rsquo;\u00e0 60\u00b0C<\/li>\n<li>Certifications : GOTS <img loading=\"lazy\" decoding=\"async\" class=\"alignnone size-full wp-image-954\" src=\"https:\/\/www.tendance-ecolo-btob.fr\/wp-content\/uploads\/2025\/03\/logo-GOTS.png\" alt=\"\" width=\"160\" height=\"106\" \/><\/li>\n<li>Composition : 100% coton biologique \ud83c\udf31<\/li>\n<li>Provenance des mati\u00e8res : Tissu de Turquie<\/li>\n<li>Dimension : 70x50cm<\/li>\n<li>Marque : Revolana<\/li>\n<li>Mati\u00e8res : Coton bio<\/li>\n<\/ul>\n<p>Code EAN : 3700807660465<\/p>\n","protected":false},"featured_media":943,"template":"","meta":{"content-type":""},"product_brand":[],"product_cat":[20,58],"product_tag":[],"class_list":{"0":"post-970","1":"product","2":"type-product","3":"status-publish","4":"has-post-thumbnail","6":"product_cat-revolana","7":"product_cat-nos-sous-taies-en-coton-biologique-100","9":"first","10":"instock","11":"taxable","12":"shipping-taxable","13":"purchasable","14":"product-type-simple"},"yoast_head":"<!-- This site is optimized with the Yoast SEO plugin v27.1.1 - https:\/\/yoast.com\/product\/yoast-seo-wordpress\/ -->\n<title>Sous-taie protection oreiller Classique 70x50cm - Tendance Ecolo B2B<\/title>\n<meta name=\"description\" content=\"Sous-taie de protection oreiller en coton bio certifi\u00e9 GOTS. Site d\u00e9di\u00e9 aux professionnels.\" \/>\n<meta name=\"robots\" content=\"index, follow, max-snippet:-1, max-image-preview:large, max-video-preview:-1\" \/>\n<link rel=\"canonical\" href=\"https:\/\/www.tendance-ecolo-btob.fr\/index.php\/product\/sous-taie-protection-oreiller-classique-70x50cm\/\" \/>\n<meta property=\"og:locale\" content=\"fr_FR\" \/>\n<meta property=\"og:type\" content=\"article\" \/>\n<meta property=\"og:title\" content=\"Sous-taie protection oreiller Classique 70x50cm - Tendance Ecolo B2B\" \/>\n<meta property=\"og:description\" content=\"Sous-taie de protection oreiller en coton bio certifi\u00e9 GOTS. Site d\u00e9di\u00e9 aux professionnels.\" \/>\n<meta property=\"og:url\" content=\"https:\/\/www.tendance-ecolo-btob.fr\/index.php\/product\/sous-taie-protection-oreiller-classique-70x50cm\/\" \/>\n<meta property=\"og:site_name\" content=\"Tendance Ecolo B2B\" \/>\n<meta property=\"article:modified_time\" content=\"2026-03-26T06:22:14+00:00\" \/>\n<meta property=\"og:image\" content=\"https:\/\/www.tendance-ecolo-btob.fr\/wp-content\/uploads\/2025\/03\/20-pillow-protector.jpg\" \/>\n\t<meta property=\"og:image:width\" content=\"1800\" \/>\n\t<meta property=\"og:image:height\" content=\"1200\" \/>\n\t<meta property=\"og:image:type\" content=\"image\/jpeg\" \/>\n<meta name=\"twitter:card\" content=\"summary_large_image\" \/>\n<meta name=\"twitter:label1\" content=\"Dur\u00e9e de lecture estim\u00e9e\" \/>\n\t<meta name=\"twitter:data1\" content=\"1 minute\" \/>\n<script type=\"application\/ld+json\" class=\"yoast-schema-graph\">{\"@context\":\"https:\/\/schema.org\",\"@graph\":[{\"@type\":\"WebPage\",\"@id\":\"https:\/\/www.tendance-ecolo-btob.fr\/index.php\/product\/sous-taie-protection-oreiller-classique-70x50cm\/\",\"url\":\"https:\/\/www.tendance-ecolo-btob.fr\/index.php\/product\/sous-taie-protection-oreiller-classique-70x50cm\/\",\"name\":\"Sous-taie protection oreiller Classique 70x50cm - Tendance Ecolo B2B\",\"isPartOf\":{\"@id\":\"https:\/\/www.tendance-ecolo-btob.fr\/#website\"},\"primaryImageOfPage\":{\"@id\":\"https:\/\/www.tendance-ecolo-btob.fr\/index.php\/product\/sous-taie-protection-oreiller-classique-70x50cm\/#primaryimage\"},\"image\":{\"@id\":\"https:\/\/www.tendance-ecolo-btob.fr\/index.php\/product\/sous-taie-protection-oreiller-classique-70x50cm\/#primaryimage\"},\"thumbnailUrl\":\"https:\/\/i0.wp.com\/www.tendance-ecolo-btob.fr\/wp-content\/uploads\/2025\/03\/20-pillow-protector.jpg?fit=1800%2C1200&ssl=1\",\"datePublished\":\"2025-03-24T09:37:06+00:00\",\"dateModified\":\"2026-03-26T06:22:14+00:00\",\"description\":\"Sous-taie de protection oreiller en coton bio certifi\u00e9 GOTS. Site d\u00e9di\u00e9 aux professionnels.\",\"breadcrumb\":{\"@id\":\"https:\/\/www.tendance-ecolo-btob.fr\/index.php\/product\/sous-taie-protection-oreiller-classique-70x50cm\/#breadcrumb\"},\"inLanguage\":\"fr-FR\",\"potentialAction\":[{\"@type\":\"ReadAction\",\"target\":[\"https:\/\/www.tendance-ecolo-btob.fr\/index.php\/product\/sous-taie-protection-oreiller-classique-70x50cm\/\"]}]},{\"@type\":\"ImageObject\",\"inLanguage\":\"fr-FR\",\"@id\":\"https:\/\/www.tendance-ecolo-btob.fr\/index.php\/product\/sous-taie-protection-oreiller-classique-70x50cm\/#primaryimage\",\"url\":\"https:\/\/i0.wp.com\/www.tendance-ecolo-btob.fr\/wp-content\/uploads\/2025\/03\/20-pillow-protector.jpg?fit=1800%2C1200&ssl=1\",\"contentUrl\":\"https:\/\/i0.wp.com\/www.tendance-ecolo-btob.fr\/wp-content\/uploads\/2025\/03\/20-pillow-protector.jpg?fit=1800%2C1200&ssl=1\",\"width\":1800,\"height\":1200},{\"@type\":\"BreadcrumbList\",\"@id\":\"https:\/\/www.tendance-ecolo-btob.fr\/index.php\/product\/sous-taie-protection-oreiller-classique-70x50cm\/#breadcrumb\",\"itemListElement\":[{\"@type\":\"ListItem\",\"position\":1,\"name\":\"Accueil\",\"item\":\"https:\/\/www.tendance-ecolo-btob.fr\/\"},{\"@type\":\"ListItem\",\"position\":2,\"name\":\"Boutique\",\"item\":\"https:\/\/www.tendance-ecolo-btob.fr\/index.php\/boutique\/\"},{\"@type\":\"ListItem\",\"position\":3,\"name\":\"Sous-taie protection oreiller Classique 70x50cm\"}]},{\"@type\":\"WebSite\",\"@id\":\"https:\/\/www.tendance-ecolo-btob.fr\/#website\",\"url\":\"https:\/\/www.tendance-ecolo-btob.fr\/\",\"name\":\"Tendance Ecolo B2B\",\"description\":\"\",\"potentialAction\":[{\"@type\":\"SearchAction\",\"target\":{\"@type\":\"EntryPoint\",\"urlTemplate\":\"https:\/\/www.tendance-ecolo-btob.fr\/?s={search_term_string}\"},\"query-input\":{\"@type\":\"PropertyValueSpecification\",\"valueRequired\":true,\"valueName\":\"search_term_string\"}}],\"inLanguage\":\"fr-FR\"}]}<\/script>\n<!-- \/ Yoast SEO plugin. -->","yoast_head_json":{"title":"Sous-taie protection oreiller Classique 70x50cm - Tendance Ecolo B2B","description":"Sous-taie de protection oreiller en coton bio certifi\u00e9 GOTS. Site d\u00e9di\u00e9 aux professionnels.","robots":{"index":"index","follow":"follow","max-snippet":"max-snippet:-1","max-image-preview":"max-image-preview:large","max-video-preview":"max-video-preview:-1"},"canonical":"https:\/\/www.tendance-ecolo-btob.fr\/index.php\/product\/sous-taie-protection-oreiller-classique-70x50cm\/","og_locale":"fr_FR","og_type":"article","og_title":"Sous-taie protection oreiller Classique 70x50cm - Tendance Ecolo B2B","og_description":"Sous-taie de protection oreiller en coton bio certifi\u00e9 GOTS. Site d\u00e9di\u00e9 aux professionnels.","og_url":"https:\/\/www.tendance-ecolo-btob.fr\/index.php\/product\/sous-taie-protection-oreiller-classique-70x50cm\/","og_site_name":"Tendance Ecolo B2B","article_modified_time":"2026-03-26T06:22:14+00:00","og_image":[{"width":1800,"height":1200,"url":"https:\/\/www.tendance-ecolo-btob.fr\/wp-content\/uploads\/2025\/03\/20-pillow-protector.jpg","type":"image\/jpeg"}],"twitter_card":"summary_large_image","twitter_misc":{"Dur\u00e9e de lecture estim\u00e9e":"1 minute"},"schema":{"@context":"https:\/\/schema.org","@graph":[{"@type":"WebPage","@id":"https:\/\/www.tendance-ecolo-btob.fr\/index.php\/product\/sous-taie-protection-oreiller-classique-70x50cm\/","url":"https:\/\/www.tendance-ecolo-btob.fr\/index.php\/product\/sous-taie-protection-oreiller-classique-70x50cm\/","name":"Sous-taie protection oreiller Classique 70x50cm - Tendance Ecolo B2B","isPartOf":{"@id":"https:\/\/www.tendance-ecolo-btob.fr\/#website"},"primaryImageOfPage":{"@id":"https:\/\/www.tendance-ecolo-btob.fr\/index.php\/product\/sous-taie-protection-oreiller-classique-70x50cm\/#primaryimage"},"image":{"@id":"https:\/\/www.tendance-ecolo-btob.fr\/index.php\/product\/sous-taie-protection-oreiller-classique-70x50cm\/#primaryimage"},"thumbnailUrl":"https:\/\/i0.wp.com\/www.tendance-ecolo-btob.fr\/wp-content\/uploads\/2025\/03\/20-pillow-protector.jpg?fit=1800%2C1200&ssl=1","datePublished":"2025-03-24T09:37:06+00:00","dateModified":"2026-03-26T06:22:14+00:00","description":"Sous-taie de protection oreiller en coton bio certifi\u00e9 GOTS. Site d\u00e9di\u00e9 aux professionnels.","breadcrumb":{"@id":"https:\/\/www.tendance-ecolo-btob.fr\/index.php\/product\/sous-taie-protection-oreiller-classique-70x50cm\/#breadcrumb"},"inLanguage":"fr-FR","potentialAction":[{"@type":"ReadAction","target":["https:\/\/www.tendance-ecolo-btob.fr\/index.php\/product\/sous-taie-protection-oreiller-classique-70x50cm\/"]}]},{"@type":"ImageObject","inLanguage":"fr-FR","@id":"https:\/\/www.tendance-ecolo-btob.fr\/index.php\/product\/sous-taie-protection-oreiller-classique-70x50cm\/#primaryimage","url":"https:\/\/i0.wp.com\/www.tendance-ecolo-btob.fr\/wp-content\/uploads\/2025\/03\/20-pillow-protector.jpg?fit=1800%2C1200&ssl=1","contentUrl":"https:\/\/i0.wp.com\/www.tendance-ecolo-btob.fr\/wp-content\/uploads\/2025\/03\/20-pillow-protector.jpg?fit=1800%2C1200&ssl=1","width":1800,"height":1200},{"@type":"BreadcrumbList","@id":"https:\/\/www.tendance-ecolo-btob.fr\/index.php\/product\/sous-taie-protection-oreiller-classique-70x50cm\/#breadcrumb","itemListElement":[{"@type":"ListItem","position":1,"name":"Accueil","item":"https:\/\/www.tendance-ecolo-btob.fr\/"},{"@type":"ListItem","position":2,"name":"Boutique","item":"https:\/\/www.tendance-ecolo-btob.fr\/index.php\/boutique\/"},{"@type":"ListItem","position":3,"name":"Sous-taie protection oreiller Classique 70x50cm"}]},{"@type":"WebSite","@id":"https:\/\/www.tendance-ecolo-btob.fr\/#website","url":"https:\/\/www.tendance-ecolo-btob.fr\/","name":"Tendance Ecolo B2B","description":"","potentialAction":[{"@type":"SearchAction","target":{"@type":"EntryPoint","urlTemplate":"https:\/\/www.tendance-ecolo-btob.fr\/?s={search_term_string}"},"query-input":{"@type":"PropertyValueSpecification","valueRequired":true,"valueName":"search_term_string"}}],"inLanguage":"fr-FR"}]}},"jetpack_sharing_enabled":true,"_links":{"self":[{"href":"https:\/\/www.tendance-ecolo-btob.fr\/index.php\/wp-json\/wp\/v2\/product\/970","targetHints":{"allow":["GET"]}}],"collection":[{"href":"https:\/\/www.tendance-ecolo-btob.fr\/index.php\/wp-json\/wp\/v2\/product"}],"about":[{"href":"https:\/\/www.tendance-ecolo-btob.fr\/index.php\/wp-json\/wp\/v2\/types\/product"}],"wp:featuredmedia":[{"embeddable":true,"href":"https:\/\/www.tendance-ecolo-btob.fr\/index.php\/wp-json\/wp\/v2\/media\/943"}],"wp:attachment":[{"href":"https:\/\/www.tendance-ecolo-btob.fr\/index.php\/wp-json\/wp\/v2\/media?parent=970"}],"wp:term":[{"taxonomy":"product_brand","embeddable":true,"href":"https:\/\/www.tendance-ecolo-btob.fr\/index.php\/wp-json\/wp\/v2\/product_brand?post=970"},{"taxonomy":"product_cat","embeddable":true,"href":"https:\/\/www.tendance-ecolo-btob.fr\/index.php\/wp-json\/wp\/v2\/product_cat?post=970"},{"taxonomy":"product_tag","embeddable":true,"href":"https:\/\/www.tendance-ecolo-btob.fr\/index.php\/wp-json\/wp\/v2\/product_tag?post=970"}],"curies":[{"name":"wp","href":"https:\/\/api.w.org\/{rel}","templated":true}]}}